{"id":33302,"date":"2025-02-20T23:33:13","date_gmt":"2025-02-20T22:33:13","guid":{"rendered":"http:\/\/olemosaic.com\/producto\/llavero-de-madera-letra-l-sevilla\/"},"modified":"2025-07-25T19:29:53","modified_gmt":"2025-07-25T17:29:53","slug":"porta-chaves-de-madeira-letra-l-sevilha","status":"publish","type":"product","link":"https:\/\/olemosaic.com\/pt-pt\/produto\/porta-chaves-de-madeira-letra-l-sevilha\/","title":{"rendered":"Porta-chaves de madeira. Letra L. Sevilha."},"content":{"rendered":"<p>Este porta-chaves de madeira com a letra &#8220;L&#8221; \u00e9 uma vibrante homenagem a Sevilha, desenhado para capturar a ess\u00eancia da sua rica cultura e patrim\u00f3nio. Pintado \u00e0 m\u00e3o com um estilo colorido e detalhado, o porta-chaves apresenta elementos ic\u00f3nicos da cidade, como a majestosa Giralda e uma encantadora paisagem urbana. Com uma combina\u00e7\u00e3o de cores vibrantes que evocam a alegria andaluza, este souvenir n\u00e3o \u00e9 apenas um acess\u00f3rio pr\u00e1tico, mas uma pequena obra de arte que reflete a singularidade de Sevilha.<\/p>\n<p>O design inclui detalhes de cer\u00e2mica que real\u00e7am a riqueza cultural local, tornando cada porta-chaves uma pe\u00e7a aut\u00eantica e representativa da cidade. O seu acabamento em madeira confere um toque r\u00fastico e natural, ideal para quem procura preservar um pedacinho de Sevilha no seu dia a dia. Este porta-chaves \u00e9 uma excelente op\u00e7\u00e3o de souvenir que combina funcionalidade e beleza, perfeito para turistas que desejam levar consigo uma recorda\u00e7\u00e3o significativa da sua visita.<\/p>\n<p>Na Ol\u00e9 Mosaic, especializamo-nos na distribui\u00e7\u00e3o de souvenirs por grosso, oferecendo produtos aut\u00eanticos como este porta-chaves de Sevilha, ideal para lojas de presentes tur\u00edsticos que procuram artigos \u00fanicos e atraentes. Com a nossa sele\u00e7\u00e3o de souvenirs de qualidade, garantimos a satisfa\u00e7\u00e3o dos clientes e um v\u00ednculo com a cultura andaluza.<\/p>\n","protected":false},"excerpt":{"rendered":"<p>Porta-chaves de madeira com a letra L, inspirado em Sevilha. Este atraente porta-chaves apresenta um design colorido e detalhado com elementos ic\u00f3nicos da cidade, como a Giralda e a sua caracter\u00edstica paisagem urbana. Pintado com estilo artesanal, combina cores vibrantes num estilo que reflete o encanto andaluz, com toques de cer\u00e2mica que evocam a cultura local. Um souvenir perfeito para levar um pedacinho de Sevilha sempre consigo.<\/p>\n","protected":false},"featured_media":10896,"template":"","meta":{"_acf_changed":false},"product_brand":[],"product_cat":[611],"product_tag":[612],"class_list":{"0":"post-33302","1":"product","2":"type-product","3":"status-publish","4":"has-post-thumbnail","6":"product_cat-porta-chaves","7":"product_tag-cartas","8":"pa_ciudad-sevilla","9":"pa_motivo-letra-l","10":"pa_pais-espana","12":"first","13":"instock","14":"shipping-taxable","15":"product-type-simple"},"acf":[],"_links":{"self":[{"href":"https:\/\/olemosaic.com\/pt-pt\/wp-json\/wp\/v2\/product\/33302","targetHints":{"allow":["GET"]}}],"collection":[{"href":"https:\/\/olemosaic.com\/pt-pt\/wp-json\/wp\/v2\/product"}],"about":[{"href":"https:\/\/olemosaic.com\/pt-pt\/wp-json\/wp\/v2\/types\/product"}],"wp:featuredmedia":[{"embeddable":true,"href":"https:\/\/olemosaic.com\/pt-pt\/wp-json\/wp\/v2\/media\/10896"}],"wp:attachment":[{"href":"https:\/\/olemosaic.com\/pt-pt\/wp-json\/wp\/v2\/media?parent=33302"}],"wp:term":[{"taxonomy":"product_brand","embeddable":true,"href":"https:\/\/olemosaic.com\/pt-pt\/wp-json\/wp\/v2\/product_brand?post=33302"},{"taxonomy":"product_cat","embeddable":true,"href":"https:\/\/olemosaic.com\/pt-pt\/wp-json\/wp\/v2\/product_cat?post=33302"},{"taxonomy":"product_tag","embeddable":true,"href":"https:\/\/olemosaic.com\/pt-pt\/wp-json\/wp\/v2\/product_tag?post=33302"}],"curies":[{"name":"wp","href":"https:\/\/api.w.org\/{rel}","templated":true}]}}