{"id":33276,"date":"2025-02-20T23:33:13","date_gmt":"2025-02-20T22:33:13","guid":{"rendered":"http:\/\/olemosaic.com\/producto\/llavero-de-madera-letra-i-madrid\/"},"modified":"2025-07-25T18:59:36","modified_gmt":"2025-07-25T16:59:36","slug":"porta-chaves-de-madeira-letra-i-madrid","status":"publish","type":"product","link":"https:\/\/olemosaic.com\/pt-pt\/produto\/porta-chaves-de-madeira-letra-i-madrid\/","title":{"rendered":"Porta-chaves de madeira. Letra I. Madrid."},"content":{"rendered":"<p>Este porta-chaves de madeira com a letra &#8220;I&#8221; \u00e9 uma recorda\u00e7\u00e3o exclusiva de Madrid, que capta a ess\u00eancia vibrante da capital espanhola. Desenhado com uma ilustra\u00e7\u00e3o colorida e moderna, o porta-chaves apresenta uma representa\u00e7\u00e3o art\u00edstica do famoso rel\u00f3gio da Puerta del Sol, um ponto de encontro emblem\u00e1tico da cidade. A cena tamb\u00e9m inclui o ic\u00f3nico s\u00edmbolo do metro de Madrid, um elemento que destaca a import\u00e2ncia do transporte p\u00fablico na vida di\u00e1ria dos seus habitantes e turistas.<\/p>\n<p>Com detalhes em tons azuis e vermelhos que evocam a energia da metr\u00f3pole, este porta-chaves \u00e9 mais do que um simples acess\u00f3rio; \u00e9 uma recorda\u00e7\u00e3o que transporta quem o leva para as ruas cheias de hist\u00f3ria e cultura de Madrid. Cada pe\u00e7a \u00e9 meticulosamente elaborada, refletindo a rica tradi\u00e7\u00e3o artesanal espanhola e a autenticidade das recorda\u00e7\u00f5es da regi\u00e3o.<\/p>\n<p>Ideal para quem deseja levar para casa uma parte desta cidade ic\u00f3nica, este porta-chaves n\u00e3o s\u00f3 \u00e9 pr\u00e1tico, como tamb\u00e9m serve como um lembrete constante dos momentos vividos em Madrid. Na Ol\u00e9 Mosaic, somos distribuidores de souvenirs por grosso, oferecendo produtos aut\u00eanticos que celebram o patrim\u00f3nio cultural espanhol. Este porta-chaves de Madrid \u00e9 uma excelente op\u00e7\u00e3o para lojas de presentes tur\u00edsticos que desejam oferecer recorda\u00e7\u00f5es \u00fanicas e representativas aos seus clientes.<\/p>\n","protected":false},"excerpt":{"rendered":"<p>Porta-chaves de madeira com a letra &#8220;I&#8221;, inspirado na emblem\u00e1tica cidade de Madrid. Este atraente porta-chaves apresenta uma ilustra\u00e7\u00e3o colorida que inclui o famoso rel\u00f3gio da Puerta del Sol e o s\u00edmbolo do metro de Madrid, tudo isto com um estilo vibrante e moderno. Com detalhes art\u00edsticos em tons azuis e vermelhos, \u00e9 uma recorda\u00e7\u00e3o \u00fanica que capta a ess\u00eancia da capital espanhola, perfeito para levar consigo um pedacinho desta cidade ic\u00f3nica.<\/p>\n","protected":false},"featured_media":10841,"template":"","meta":{"_acf_changed":false},"product_brand":[],"product_cat":[611],"product_tag":[612],"class_list":{"0":"post-33276","1":"product","2":"type-product","3":"status-publish","4":"has-post-thumbnail","6":"product_cat-porta-chaves","7":"product_tag-cartas","8":"pa_ciudad-madrid","9":"pa_motivo-letra-i","10":"pa_pais-espana","12":"first","13":"instock","14":"shipping-taxable","15":"product-type-simple"},"acf":[],"_links":{"self":[{"href":"https:\/\/olemosaic.com\/pt-pt\/wp-json\/wp\/v2\/product\/33276","targetHints":{"allow":["GET"]}}],"collection":[{"href":"https:\/\/olemosaic.com\/pt-pt\/wp-json\/wp\/v2\/product"}],"about":[{"href":"https:\/\/olemosaic.com\/pt-pt\/wp-json\/wp\/v2\/types\/product"}],"wp:featuredmedia":[{"embeddable":true,"href":"https:\/\/olemosaic.com\/pt-pt\/wp-json\/wp\/v2\/media\/10841"}],"wp:attachment":[{"href":"https:\/\/olemosaic.com\/pt-pt\/wp-json\/wp\/v2\/media?parent=33276"}],"wp:term":[{"taxonomy":"product_brand","embeddable":true,"href":"https:\/\/olemosaic.com\/pt-pt\/wp-json\/wp\/v2\/product_brand?post=33276"},{"taxonomy":"product_cat","embeddable":true,"href":"https:\/\/olemosaic.com\/pt-pt\/wp-json\/wp\/v2\/product_cat?post=33276"},{"taxonomy":"product_tag","embeddable":true,"href":"https:\/\/olemosaic.com\/pt-pt\/wp-json\/wp\/v2\/product_tag?post=33276"}],"curies":[{"name":"wp","href":"https:\/\/api.w.org\/{rel}","templated":true}]}}