{"id":33272,"date":"2025-02-20T23:33:12","date_gmt":"2025-02-20T22:33:12","guid":{"rendered":"http:\/\/olemosaic.com\/producto\/llavero-de-madera-letra-h-sevilla\/"},"modified":"2025-07-25T19:26:11","modified_gmt":"2025-07-25T17:26:11","slug":"porta-chaves-de-madeira-letra-h-sevilha","status":"publish","type":"product","link":"https:\/\/olemosaic.com\/pt-pt\/produto\/porta-chaves-de-madeira-letra-h-sevilha\/","title":{"rendered":"Porta-chaves de madeira. Letra H. Sevilha."},"content":{"rendered":"<p>Este porta-chaves de madeira com a letra &#8220;H&#8221; \u00e9 uma recorda\u00e7\u00e3o vibrante que capta a ess\u00eancia da bela cidade de Sevilha. Com um design pintado \u00e0 m\u00e3o, combina uma paleta de cores brilhantes que evocam a energia e o ambiente festivo da capital andaluza. Na sua ilustra\u00e7\u00e3o distinguem-se elementos emblem\u00e1ticos de Sevilha, como a imponente Giralda, rodeada de motivos que refletem o patrim\u00f3nio cultural da cidade, incluindo coches de cavalos e detalhes arquitet\u00f3nicos tradicionais. A t\u00e9cnica de mosaico utilizada na sua decora\u00e7\u00e3o confere uma riqueza visual \u00fanica, tornando este souvenir n\u00e3o apenas um acess\u00f3rio funcional, mas tamb\u00e9m uma pe\u00e7a de arte port\u00e1til. Fabricado em madeira, o porta-chaves tem um acabamento que real\u00e7a o seu car\u00e1cter natural e elegante, tornando-o um objeto de desejo para quem procura recorda\u00e7\u00f5es aut\u00eanticas. Ideal para quem quer levar um peda\u00e7o de Sevilha consigo, este porta-chaves \u00e9 um excelente presente para turistas e visitantes. Na Ol\u00e9 Mosaic, como distribuidores de souvenirs por grosso, garantimos a qualidade e autenticidade dos nossos produtos, fazendo deste porta-chaves de Sevilha uma escolha perfeita para lojas de presentes tur\u00edsticos que apreciam o melhor do artesanato espanhol.<\/p>\n","protected":false},"excerpt":{"rendered":"<p>Porta-chaves de madeira com la letra &#8220;H&#8221;, inspirado na vibrante cidade de Sevilha. Este atraente porta-chaves apresenta um design artesanal, pintado \u00e0 m\u00e3o, que combina cores brilhantes e motivos emblem\u00e1ticos da cidade, como a Giralda e outros elementos t\u00edpicos do seu patrim\u00f3nio cultural. A t\u00e9cnica de mosaico utilizada real\u00e7a a sua riqueza visual, enquanto o acabamento em madeira lhe confere um toque natural e elegante. Ideal para recordar a sua visita a esta bela cidade andaluza.<\/p>\n","protected":false},"featured_media":10892,"template":"","meta":{"_acf_changed":false},"product_brand":[],"product_cat":[611],"product_tag":[516,612],"class_list":{"0":"post-33272","1":"product","2":"type-product","3":"status-publish","4":"has-post-thumbnail","6":"product_cat-porta-chaves","7":"product_tag-animais","8":"product_tag-cartas","9":"pa_ciudad-sevilla","10":"pa_motivo-letra-h","11":"pa_pais-espana","13":"first","14":"instock","15":"shipping-taxable","16":"product-type-simple"},"acf":[],"_links":{"self":[{"href":"https:\/\/olemosaic.com\/pt-pt\/wp-json\/wp\/v2\/product\/33272","targetHints":{"allow":["GET"]}}],"collection":[{"href":"https:\/\/olemosaic.com\/pt-pt\/wp-json\/wp\/v2\/product"}],"about":[{"href":"https:\/\/olemosaic.com\/pt-pt\/wp-json\/wp\/v2\/types\/product"}],"wp:featuredmedia":[{"embeddable":true,"href":"https:\/\/olemosaic.com\/pt-pt\/wp-json\/wp\/v2\/media\/10892"}],"wp:attachment":[{"href":"https:\/\/olemosaic.com\/pt-pt\/wp-json\/wp\/v2\/media?parent=33272"}],"wp:term":[{"taxonomy":"product_brand","embeddable":true,"href":"https:\/\/olemosaic.com\/pt-pt\/wp-json\/wp\/v2\/product_brand?post=33272"},{"taxonomy":"product_cat","embeddable":true,"href":"https:\/\/olemosaic.com\/pt-pt\/wp-json\/wp\/v2\/product_cat?post=33272"},{"taxonomy":"product_tag","embeddable":true,"href":"https:\/\/olemosaic.com\/pt-pt\/wp-json\/wp\/v2\/product_tag?post=33272"}],"curies":[{"name":"wp","href":"https:\/\/api.w.org\/{rel}","templated":true}]}}