{"id":33265,"date":"2025-02-20T23:33:12","date_gmt":"2025-02-20T22:33:12","guid":{"rendered":"http:\/\/olemosaic.com\/producto\/llavero-de-madera-letra-d-barcelona\/"},"modified":"2025-07-25T18:45:06","modified_gmt":"2025-07-25T16:45:06","slug":"porta-chaves-de-madeira-letra-d-barcelona","status":"publish","type":"product","link":"https:\/\/olemosaic.com\/pt-pt\/produto\/porta-chaves-de-madeira-letra-d-barcelona\/","title":{"rendered":"Porta-chaves de madeira. Letra D. Barcelona."},"content":{"rendered":"<p>Este porta-chaves de madeira com a letra &#8220;D&#8221; \u00e9 uma pe\u00e7a vibrante e alegre que captura a ess\u00eancia de Barcelona, uma cidade emblem\u00e1tica cheia de arte e cultura. O seu design colorido inspira-se nos ic\u00f3nicos monumentos da cidade, destacando elementos representativos como a majestosa Sagrada Fam\u00edlia e os fascinantes mosaicos que adornam as obras de Antoni Gaud\u00ed. Pintado \u00e0 m\u00e3o, cada porta-chaves apresenta uma explos\u00e3o de tonalidades brilhantes que evocam a energia e a criatividade de Barcelona. O elegante formato da letra &#8220;D&#8221; n\u00e3o s\u00f3 oferece um toque pessoal e \u00fanico, como tamb\u00e9m o torna um acess\u00f3rio pr\u00e1tico para levar as chaves ou como parte de uma cole\u00e7\u00e3o. Este porta-chaves n\u00e3o \u00e9 apenas um artigo funcional, mas um aut\u00eantico souvenir que celebra a rica tradi\u00e7\u00e3o art\u00edstica da cidade. Na Ol\u00e9 Mosaic, especializamo-nos na distribui\u00e7\u00e3o de souvenirs por grosso e este porta-chaves de madeira \u00e9 perfeito para lojas de presentes tur\u00edsticos que procuram oferecer aos seus clientes uma recorda\u00e7\u00e3o distintiva e culturalmente significativa de Barcelona. Como grossistas de porta-chaves e souvenirs, garantimos uma qualidade excecional e um design representativo, ideal para quem procura levar um pedacinho de Barcelona para casa.<\/p>\n","protected":false},"excerpt":{"rendered":"<p>Porta-chaves de madeira com a letra &#8220;D&#8221;, inspirado na vibrante cidade de Barcelona. Este chamativo porta-chaves apresenta um design colorido com \u00edcones representativos, como a Sagrada Fam\u00edlia e os mosaicos de Gaud\u00ed, tudo com design artesanal, pintado \u00e0 m\u00e3o, com detalhes brilhantes. O seu formato elegante e leve torna-o um acess\u00f3rio pr\u00e1tico e atrativo, ideal para recordar a ess\u00eancia de Barcelona todos os dias.<\/p>\n","protected":false},"featured_media":10515,"template":"","meta":{"_acf_changed":false},"product_brand":[],"product_cat":[611],"product_tag":[],"class_list":{"0":"post-33265","1":"product","2":"type-product","3":"status-publish","4":"has-post-thumbnail","6":"product_cat-porta-chaves","7":"pa_ciudad-barcelona","8":"pa_motivo-letra-d","9":"pa_pais-espana","11":"first","12":"instock","13":"shipping-taxable","14":"product-type-simple"},"acf":[],"_links":{"self":[{"href":"https:\/\/olemosaic.com\/pt-pt\/wp-json\/wp\/v2\/product\/33265","targetHints":{"allow":["GET"]}}],"collection":[{"href":"https:\/\/olemosaic.com\/pt-pt\/wp-json\/wp\/v2\/product"}],"about":[{"href":"https:\/\/olemosaic.com\/pt-pt\/wp-json\/wp\/v2\/types\/product"}],"wp:featuredmedia":[{"embeddable":true,"href":"https:\/\/olemosaic.com\/pt-pt\/wp-json\/wp\/v2\/media\/10515"}],"wp:attachment":[{"href":"https:\/\/olemosaic.com\/pt-pt\/wp-json\/wp\/v2\/media?parent=33265"}],"wp:term":[{"taxonomy":"product_brand","embeddable":true,"href":"https:\/\/olemosaic.com\/pt-pt\/wp-json\/wp\/v2\/product_brand?post=33265"},{"taxonomy":"product_cat","embeddable":true,"href":"https:\/\/olemosaic.com\/pt-pt\/wp-json\/wp\/v2\/product_cat?post=33265"},{"taxonomy":"product_tag","embeddable":true,"href":"https:\/\/olemosaic.com\/pt-pt\/wp-json\/wp\/v2\/product_tag?post=33265"}],"curies":[{"name":"wp","href":"https:\/\/api.w.org\/{rel}","templated":true}]}}