{"id":33263,"date":"2025-02-20T22:33:12","date_gmt":"2025-02-20T22:33:12","guid":{"rendered":"http:\/\/olemosaic.com\/producto\/llavero-de-madera-letra-b-barcelona\/"},"modified":"2025-07-25T19:43:21","modified_gmt":"2025-07-25T17:43:21","slug":"porta-chaves-de-madeira-letra-b-barcelona","status":"publish","type":"product","link":"https:\/\/olemosaic.com\/pt-pt\/produto\/porta-chaves-de-madeira-letra-b-barcelona\/","title":{"rendered":"Porta-chaves de madeira. Letra B. Barcelona."},"content":{"rendered":"<p>Este porta-chaves de madeira com a letra \u201cB\u201d \u00e9 uma recorda\u00e7\u00e3o encantadora e vibrante, inspirado na m\u00e1gica cidade de Barcelona. Com um design que funde o contempor\u00e2neo e o cultural, este porta-chaves destaca a emblem\u00e1tica Sagrada Fam\u00edlia, uma das obras mais representativas do arquiteto Antoni Gaud\u00ed, junto a outros elementos ic\u00f3nicos que refletem a ess\u00eancia da cidade. A Sagrada Fam\u00edlia, com as suas majestosas torres e coloridos mosaicos, domina o design, enquanto outros s\u00edmbolos de Barcelona, como a Pla\u00e7a Catalunya e o Parque G\u00fcell, enriquecem a ilustra\u00e7\u00e3o, convertendo-a numa homenagem \u00e0 arte e \u00e0 arquitetura catal\u00e3s.<\/p>\n<p>Fabricado em madeira, este porta-chaves n\u00e3o s\u00f3 \u00e9 um acess\u00f3rio pr\u00e1tico, como tamb\u00e9m um lembrete tang\u00edvel da experi\u00eancia vivida na cidade condal. As cores vivas que adornam a letra &#8220;B&#8221; conferem um toque de alegria e energia, refletindo o car\u00e1ter vibrante de Barcelona. \u00c9 ideal para aqueles que desejam levar um pedacinho desta cidade consigo.<\/p>\n<p>A Ol\u00e9 Mosaic orgulha-se de oferecer recorda\u00e7\u00f5es aut\u00eanticas que capturam a riqueza cultural de Espanha. Este porta-chaves de madeira com a letra &#8220;B&#8221; \u00e9 uma excelente op\u00e7\u00e3o para turistas que procuram uma recorda\u00e7\u00e3o \u00fanica da sua visita, bem como para lojas de presentes tur\u00edsticos que procuram produtos de destaque. Como grossista de souvenirs de Barcelona, garantimos que cada pe\u00e7a n\u00e3o s\u00f3 \u00e9 atrativa, como tamb\u00e9m representa o esp\u00edrito do lugar.<\/p>\n","protected":false},"excerpt":{"rendered":"<p>Porta-chaves de madeira com a letra &#8220;B&#8221;, inspirado na vibrante cidade de Barcelona. Este chamativo acess\u00f3rio apresenta um design colorido que destaca a famosa Sagrada Fam\u00edlia, juntamente com elementos ic\u00f3nicos da cidade, tudo ilustrado com um estilo moderno e atrativo. A madeira confere um toque natural, enquanto as cores vivas refletem o car\u00e1ter \u00fanico de Barcelona. Perfeito para adicionar um detalhe especial \u00e0s suas chaves ou como recorda\u00e7\u00e3o.<\/p>\n","protected":false},"featured_media":10513,"template":"","meta":{"_acf_changed":false},"product_brand":[],"product_cat":[611],"product_tag":[612],"class_list":{"0":"post-33263","1":"product","2":"type-product","3":"status-publish","4":"has-post-thumbnail","6":"product_cat-porta-chaves","7":"product_tag-cartas","8":"pa_ciudad-barcelona","9":"pa_motivo-letra-b","10":"pa_pais-espana","12":"first","13":"instock","14":"shipping-taxable","15":"product-type-simple"},"acf":[],"_links":{"self":[{"href":"https:\/\/olemosaic.com\/pt-pt\/wp-json\/wp\/v2\/product\/33263","targetHints":{"allow":["GET"]}}],"collection":[{"href":"https:\/\/olemosaic.com\/pt-pt\/wp-json\/wp\/v2\/product"}],"about":[{"href":"https:\/\/olemosaic.com\/pt-pt\/wp-json\/wp\/v2\/types\/product"}],"wp:featuredmedia":[{"embeddable":true,"href":"https:\/\/olemosaic.com\/pt-pt\/wp-json\/wp\/v2\/media\/10513"}],"wp:attachment":[{"href":"https:\/\/olemosaic.com\/pt-pt\/wp-json\/wp\/v2\/media?parent=33263"}],"wp:term":[{"taxonomy":"product_brand","embeddable":true,"href":"https:\/\/olemosaic.com\/pt-pt\/wp-json\/wp\/v2\/product_brand?post=33263"},{"taxonomy":"product_cat","embeddable":true,"href":"https:\/\/olemosaic.com\/pt-pt\/wp-json\/wp\/v2\/product_cat?post=33263"},{"taxonomy":"product_tag","embeddable":true,"href":"https:\/\/olemosaic.com\/pt-pt\/wp-json\/wp\/v2\/product_tag?post=33263"}],"curies":[{"name":"wp","href":"https:\/\/api.w.org\/{rel}","templated":true}]}}