{"id":33244,"date":"2025-02-20T23:33:11","date_gmt":"2025-02-20T22:33:11","guid":{"rendered":"http:\/\/olemosaic.com\/producto\/llavero-de-madera-letra-w-2\/"},"modified":"2025-07-25T18:46:14","modified_gmt":"2025-07-25T16:46:14","slug":"porta-chaves-de-madeira-letra-w-2","status":"publish","type":"product","link":"https:\/\/olemosaic.com\/pt-pt\/produto\/porta-chaves-de-madeira-letra-w-2\/","title":{"rendered":"Porta-chaves de madeira. Letra W. Mosaico. Barcelona."},"content":{"rendered":"<p>Este porta-chaves de madeira com a forma da letra W \u00e9 uma recorda\u00e7\u00e3o encantadora que reflete a ess\u00eancia do modernismo barcelon\u00eas, inspirado no ic\u00f3nico trencad\u00eds do famoso arquiteto Antoni Gaud\u00ed. O seu design colorido apresenta uma mistura vibrante de tons amarelos, vermelhos, verdes e azuis, criando um apelo visual cativante. O fundo, adornado com formas abstratas na t\u00e9cnica do trencad\u00eds, evoca os mosaicos caracter\u00edsticos que adornam obras de Gaud\u00ed como o Park G\u00fcell e a Casa Batll\u00f3, infundindo ao porta-chaves um toque art\u00edstico e cultural.<\/p>\n<p>Cada detalhe, desde as sombras subtis at\u00e9 \u00e0s linhas org\u00e2nicas, \u00e9 cuidadosamente executado, tornando este porta-chaves n\u00e3o apenas um objeto funcional, mas uma verdadeira pe\u00e7a de arte. A letra W n\u00e3o representa apenas uma inicial, mas torna-se um s\u00edmbolo da criatividade e da inova\u00e7\u00e3o presentes na arquitetura da cidade. Este porta-chaves \u00e9 uma recorda\u00e7\u00e3o \u00fanica que permite aos turistas levar consigo um pedacinho da rica heran\u00e7a cultural de Barcelona.<\/p>\n<p>Na Ol\u00e9 Mosaic, especializamo-nos na distribui\u00e7\u00e3o de souvenirs por grosso, e este porta-chaves de madeira \u00e9 uma excelente op\u00e7\u00e3o para lojas de presentes tur\u00edsticos que procuram oferecer artigos aut\u00eanticos e representativos. Ideal para quem aprecia a arte e a cultura, este porta-chaves com a letra W \u00e9 um presente perfeito que combina funcionalidade com um design cativante.<\/p>\n","protected":false},"excerpt":{"rendered":"<p>Porta-chaves de madeira com a letra W, decorado com um design colorido que evoca o famoso trencad\u00eds de Gaud\u00ed. Este porta-chaves apresenta uma mistura de formas e cores vibrantes em tons amarelos, vermelhos, verdes e azuis, com toques de sombras e linhas que lhe conferem um apelo visual. \u00c9 um souvenir perfeito para quem procura uma recorda\u00e7\u00e3o da arquitetura modernista de Barcelona, combinando funcionalidade e arte num \u00fanico produto.<\/p>\n","protected":false},"featured_media":10942,"template":"","meta":{"_acf_changed":false},"product_brand":[],"product_cat":[611],"product_tag":[612],"class_list":{"0":"post-33244","1":"product","2":"type-product","3":"status-publish","4":"has-post-thumbnail","6":"product_cat-porta-chaves","7":"product_tag-cartas","8":"pa_motivo-letra-w","10":"first","11":"instock","12":"shipping-taxable","13":"product-type-simple"},"acf":[],"_links":{"self":[{"href":"https:\/\/olemosaic.com\/pt-pt\/wp-json\/wp\/v2\/product\/33244","targetHints":{"allow":["GET"]}}],"collection":[{"href":"https:\/\/olemosaic.com\/pt-pt\/wp-json\/wp\/v2\/product"}],"about":[{"href":"https:\/\/olemosaic.com\/pt-pt\/wp-json\/wp\/v2\/types\/product"}],"wp:featuredmedia":[{"embeddable":true,"href":"https:\/\/olemosaic.com\/pt-pt\/wp-json\/wp\/v2\/media\/10942"}],"wp:attachment":[{"href":"https:\/\/olemosaic.com\/pt-pt\/wp-json\/wp\/v2\/media?parent=33244"}],"wp:term":[{"taxonomy":"product_brand","embeddable":true,"href":"https:\/\/olemosaic.com\/pt-pt\/wp-json\/wp\/v2\/product_brand?post=33244"},{"taxonomy":"product_cat","embeddable":true,"href":"https:\/\/olemosaic.com\/pt-pt\/wp-json\/wp\/v2\/product_cat?post=33244"},{"taxonomy":"product_tag","embeddable":true,"href":"https:\/\/olemosaic.com\/pt-pt\/wp-json\/wp\/v2\/product_tag?post=33244"}],"curies":[{"name":"wp","href":"https:\/\/api.w.org\/{rel}","templated":true}]}}