{"id":33242,"date":"2025-02-20T22:33:11","date_gmt":"2025-02-20T22:33:11","guid":{"rendered":"http:\/\/olemosaic.com\/producto\/llavero-de-madera-letra-u-barcelona\/"},"modified":"2025-07-25T18:45:18","modified_gmt":"2025-07-25T16:45:18","slug":"porta-chaves-de-madeira-letra-u-barcelona","status":"publish","type":"product","link":"https:\/\/olemosaic.com\/pt-pt\/produto\/porta-chaves-de-madeira-letra-u-barcelona\/","title":{"rendered":"Porta-chaves de madeira. Letra U. Barcelona."},"content":{"rendered":"<p>Este porta-chaves de madeira com a forma da letra &#8220;U&#8221; \u00e9 uma recorda\u00e7\u00e3o encantadora que encapsula a ess\u00eancia da emblem\u00e1tica cidade de Barcelona. Com um design vibrante e colorido, apresenta ilustra\u00e7\u00f5es destacadas da Sagrada Fam\u00edlia, um dos monumentos mais ic\u00f3nicos da cidade, juntamente com outros elementos representativos do modernismo catal\u00e3o, como edif\u00edcios emblem\u00e1ticos e adornos florais que evocam a riqueza cultural da regi\u00e3o. Este porta-chaves \u00e9 uma pe\u00e7a elaborada minuciosamente em madeira, cujo acabamento brilhante real\u00e7a a gama de cores, fazendo com que cada detalhe seja vis\u00edvel e atraente.<\/p>\n<p>O design, cheio de criatividade, reflete a singularidade art\u00edstica de Barcelona, tornando-o uma recorda\u00e7\u00e3o ideal para aqueles que desejam levar para casa um peda\u00e7o desta vibrante metr\u00f3pole. Esta lembran\u00e7a n\u00e3o \u00e9 apenas pr\u00e1tica, mas tamb\u00e9m atua como um excelente souvenir que representa a magia de Barcelona, sendo perfeito tanto para turistas como para quem quer partilhar um fragmento da sua experi\u00eancia na cidade com amigos e familiares.<\/p>\n<p>Na Ol\u00e9 Mosaic, distribu\u00edmos este porta-chaves de madeira por grosso, oferecendo um produto aut\u00eantico e de qualidade que se destaca como um souvenir representativo da cultura barcelonesa. \u00c9 uma escolha perfeita para lojas de presentes tur\u00edsticos que procuram oferecer aos seus clientes uma recorda\u00e7\u00e3o significativa e cheia de cor.<\/p>\n","protected":false},"excerpt":{"rendered":"<p>Porta-chaves de madeira com a forma da letra &#8220;U&#8221;, inspirado na emblem\u00e1tica cidade de Barcelona. Este atraente porta-chaves apresenta ilustra\u00e7\u00f5es coloridas da Sagrada Fam\u00edlia e outros elementos ic\u00f3nicos da cidade, como edif\u00edcios modernistas, adornos florais e formas abstratas. Elaborado em madeira, este design vibrante capta a ess\u00eancia art\u00edstica e cultural de Barcelona, tornando-o um souvenir ideal para recordar a sua visita ou para oferecer aos seus entes queridos.<\/p>\n","protected":false},"featured_media":10532,"template":"","meta":{"_acf_changed":false},"product_brand":[],"product_cat":[611],"product_tag":[612],"class_list":{"0":"post-33242","1":"product","2":"type-product","3":"status-publish","4":"has-post-thumbnail","6":"product_cat-porta-chaves","7":"product_tag-cartas","8":"pa_ciudad-barcelona","9":"pa_motivo-letra-u","10":"pa_pais-espana","12":"first","13":"instock","14":"shipping-taxable","15":"product-type-simple"},"acf":[],"_links":{"self":[{"href":"https:\/\/olemosaic.com\/pt-pt\/wp-json\/wp\/v2\/product\/33242","targetHints":{"allow":["GET"]}}],"collection":[{"href":"https:\/\/olemosaic.com\/pt-pt\/wp-json\/wp\/v2\/product"}],"about":[{"href":"https:\/\/olemosaic.com\/pt-pt\/wp-json\/wp\/v2\/types\/product"}],"wp:featuredmedia":[{"embeddable":true,"href":"https:\/\/olemosaic.com\/pt-pt\/wp-json\/wp\/v2\/media\/10532"}],"wp:attachment":[{"href":"https:\/\/olemosaic.com\/pt-pt\/wp-json\/wp\/v2\/media?parent=33242"}],"wp:term":[{"taxonomy":"product_brand","embeddable":true,"href":"https:\/\/olemosaic.com\/pt-pt\/wp-json\/wp\/v2\/product_brand?post=33242"},{"taxonomy":"product_cat","embeddable":true,"href":"https:\/\/olemosaic.com\/pt-pt\/wp-json\/wp\/v2\/product_cat?post=33242"},{"taxonomy":"product_tag","embeddable":true,"href":"https:\/\/olemosaic.com\/pt-pt\/wp-json\/wp\/v2\/product_tag?post=33242"}],"curies":[{"name":"wp","href":"https:\/\/api.w.org\/{rel}","templated":true}]}}