{"id":33241,"date":"2025-02-20T23:33:11","date_gmt":"2025-02-20T22:33:11","guid":{"rendered":"http:\/\/olemosaic.com\/producto\/llavero-de-madera-letra-a-barcelona\/"},"modified":"2025-07-25T18:43:08","modified_gmt":"2025-07-25T16:43:08","slug":"porta-chaves-de-madeira-letra-a-barcelona","status":"publish","type":"product","link":"https:\/\/olemosaic.com\/pt-pt\/produto\/porta-chaves-de-madeira-letra-a-barcelona\/","title":{"rendered":"Porta-chaves de madeira. Letra A. Barcelona."},"content":{"rendered":"<p>Este porta-chaves de madeira com a forma da letra &#8216;A&#8217; \u00e9 uma recorda\u00e7\u00e3o emblem\u00e1tica de Barcelona, que presta homenagem \u00e0 famosa Sagrada Fam\u00edlia e a outros elementos ic\u00f3nicos desta vibrante cidade. O seu atraente design colorido, pintado \u00e0 m\u00e3o, destaca-se pela sua combina\u00e7\u00e3o de cores vivas como o vermelho, azul e verde, que evocam a rica heran\u00e7a cultural e a arquitetura modernista de Barcelona. Cada detalhe deste porta-chaves capta a ess\u00eancia da cidade, desde as intrincadas formas da Sagrada Fam\u00edlia at\u00e9 aos elementos arquitet\u00f3nicos que fazem de Barcelona um destino \u00fanico.<\/p>\n<p>Este porta-chaves n\u00e3o \u00e9 apenas um acess\u00f3rio pr\u00e1tico para as suas chaves, mas tamb\u00e9m um s\u00edmbolo da arte e da criatividade que caracterizam a regi\u00e3o. Ideal para levar um pedacinho de Barcelona consigo, este souvenir destaca-se pela sua autenticidade e pelo esmero colocado na sua confe\u00e7\u00e3o. Na Ol\u00e9 Mosaic, como grossista de souvenirs, oferecemos produtos aut\u00eanticos que encarnam a cultura e o folclore de Espanha, e este porta-chaves \u00e9 uma excelente op\u00e7\u00e3o para lojas de presentes tur\u00edsticos que procuram artigos de qualidade. Com o seu design muito especial, o porta-chaves da letra &#8216;A&#8217; torna-se uma lembran\u00e7a tang\u00edvel da beleza e da hist\u00f3ria de Barcelona, perfeito para qualquer visitante que deseje recordar a sua viagem ou oferecer um peda\u00e7o desta incr\u00edvel cidade.<\/p>\n","protected":false},"excerpt":{"rendered":"<p>Porta-chaves de madeira com a forma da letra &#8216;A&#8217;, decorado com ilustra\u00e7\u00f5es vibrantes da Sagrada Fam\u00edlia e elementos emblem\u00e1ticos de Barcelona. Este porta-chaves destaca-se pelo seu design colorido, que capta a ess\u00eancia da arquitetura modernista da cidade. Pintado com estilo artesanal, apresenta detalhes art\u00edsticos que combinam cores vivas como o vermelho, azul e verde, refletindo a rica cultura e o folclore de Barcelona. Ideal para levar uma recorda\u00e7\u00e3o da cidade consigo.<\/p>\n","protected":false},"featured_media":10512,"template":"","meta":{"_acf_changed":false},"product_brand":[],"product_cat":[611],"product_tag":[612],"class_list":{"0":"post-33241","1":"product","2":"type-product","3":"status-publish","4":"has-post-thumbnail","6":"product_cat-porta-chaves","7":"product_tag-cartas","8":"pa_ciudad-barcelona","9":"pa_motivo-letra-a","10":"pa_pais-espana","12":"first","13":"instock","14":"shipping-taxable","15":"product-type-simple"},"acf":[],"_links":{"self":[{"href":"https:\/\/olemosaic.com\/pt-pt\/wp-json\/wp\/v2\/product\/33241","targetHints":{"allow":["GET"]}}],"collection":[{"href":"https:\/\/olemosaic.com\/pt-pt\/wp-json\/wp\/v2\/product"}],"about":[{"href":"https:\/\/olemosaic.com\/pt-pt\/wp-json\/wp\/v2\/types\/product"}],"wp:featuredmedia":[{"embeddable":true,"href":"https:\/\/olemosaic.com\/pt-pt\/wp-json\/wp\/v2\/media\/10512"}],"wp:attachment":[{"href":"https:\/\/olemosaic.com\/pt-pt\/wp-json\/wp\/v2\/media?parent=33241"}],"wp:term":[{"taxonomy":"product_brand","embeddable":true,"href":"https:\/\/olemosaic.com\/pt-pt\/wp-json\/wp\/v2\/product_brand?post=33241"},{"taxonomy":"product_cat","embeddable":true,"href":"https:\/\/olemosaic.com\/pt-pt\/wp-json\/wp\/v2\/product_cat?post=33241"},{"taxonomy":"product_tag","embeddable":true,"href":"https:\/\/olemosaic.com\/pt-pt\/wp-json\/wp\/v2\/product_tag?post=33241"}],"curies":[{"name":"wp","href":"https:\/\/api.w.org\/{rel}","templated":true}]}}