{"id":33230,"date":"2025-02-20T23:33:11","date_gmt":"2025-02-20T22:33:11","guid":{"rendered":"http:\/\/olemosaic.com\/producto\/llavero-de-madera-tortuga\/"},"modified":"2025-07-25T20:35:58","modified_gmt":"2025-07-25T18:35:58","slug":"porta-chaves-de-madeira-tartaruga","status":"publish","type":"product","link":"https:\/\/olemosaic.com\/pt-pt\/produto\/porta-chaves-de-madeira-tartaruga\/","title":{"rendered":"Porta-chaves de madeira. Tartaruga."},"content":{"rendered":"<p>Este porta-chaves de madeira com forma de tartaruga \u00e9 um acess\u00f3rio vibrante que encerra a ess\u00eancia da fauna marinha, tornando-se uma recorda\u00e7\u00e3o inesquec\u00edvel das suas viagens. O seu design estilizado apresenta uma tartaruga colorida com um mosaico detalhado em tons vermelhos, amarelos, azuis e verdes, que evoca a beleza e diversidade do oceano. A do\u00e7ura da sua forma e a riqueza das suas cores fazem deste porta-chaves uma pe\u00e7a \u00fanica que atrair\u00e1 todos os olhares.<\/p>\n<p>O porta-chaves n\u00e3o s\u00f3 cumpre uma fun\u00e7\u00e3o pr\u00e1tica, ao ajud\u00e1-lo a manter as suas chaves organizadas de forma original, como tamb\u00e9m serve como uma emblem\u00e1tica recorda\u00e7\u00e3o. Este artigo representa a liga\u00e7\u00e3o das culturas costeiras com o mar, recordando a import\u00e2ncia da conserva\u00e7\u00e3o da vida marinha e a beleza do mundo submarino. Ideal para quem procura uma recorda\u00e7\u00e3o aut\u00eantica e cheia de vida, este porta-chaves \u00e9 perfeito entre as recorda\u00e7\u00f5es para turistas que desejam levar um pedacinho da natureza nas suas viagens.<\/p>\n<p>Na Ol\u00e9 Mosaic, somos distribuidores por grosso de recorda\u00e7\u00f5es de destaque e este porta-chaves \u00e9 uma excelente op\u00e7\u00e3o para lojas de presentes tur\u00edsticos que desejem oferecer produtos \u00fanicos e coloridos. Com o seu design artesanal e a sua liga\u00e7\u00e3o cultural, este porta-chaves de tartaruga \u00e9 um must-have que n\u00e3o pode faltar entre as recorda\u00e7\u00f5es aut\u00eanticas da costa.<\/p>\n","protected":false},"excerpt":{"rendered":"<p>Porta-chaves de madeira com forma de tartaruga, elaborado com um design vibrante e colorido. Este atraente acess\u00f3rio representa uma tartaruga estilizada num mosaico de tons vermelhos, amarelos, azuis e verdes, evocando a beleza da fauna marinha. Perfeito para levar as suas chaves de forma original, este porta-chaves \u00e9 uma recorda\u00e7\u00e3o ideal das suas viagens e uma forma de partilhar a ess\u00eancia do oceano no seu dia a dia.<\/p>\n","protected":false},"featured_media":10626,"template":"","meta":{"_acf_changed":false},"product_brand":[],"product_cat":[611],"product_tag":[516],"class_list":{"0":"post-33230","1":"product","2":"type-product","3":"status-publish","4":"has-post-thumbnail","6":"product_cat-porta-chaves","7":"product_tag-animais","8":"pa_motivo-tartarugas","10":"first","11":"instock","12":"shipping-taxable","13":"product-type-simple"},"acf":[],"_links":{"self":[{"href":"https:\/\/olemosaic.com\/pt-pt\/wp-json\/wp\/v2\/product\/33230","targetHints":{"allow":["GET"]}}],"collection":[{"href":"https:\/\/olemosaic.com\/pt-pt\/wp-json\/wp\/v2\/product"}],"about":[{"href":"https:\/\/olemosaic.com\/pt-pt\/wp-json\/wp\/v2\/types\/product"}],"wp:featuredmedia":[{"embeddable":true,"href":"https:\/\/olemosaic.com\/pt-pt\/wp-json\/wp\/v2\/media\/10626"}],"wp:attachment":[{"href":"https:\/\/olemosaic.com\/pt-pt\/wp-json\/wp\/v2\/media?parent=33230"}],"wp:term":[{"taxonomy":"product_brand","embeddable":true,"href":"https:\/\/olemosaic.com\/pt-pt\/wp-json\/wp\/v2\/product_brand?post=33230"},{"taxonomy":"product_cat","embeddable":true,"href":"https:\/\/olemosaic.com\/pt-pt\/wp-json\/wp\/v2\/product_cat?post=33230"},{"taxonomy":"product_tag","embeddable":true,"href":"https:\/\/olemosaic.com\/pt-pt\/wp-json\/wp\/v2\/product_tag?post=33230"}],"curies":[{"name":"wp","href":"https:\/\/api.w.org\/{rel}","templated":true}]}}