{"id":33226,"date":"2025-02-20T22:33:10","date_gmt":"2025-02-20T22:33:10","guid":{"rendered":"http:\/\/olemosaic.com\/producto\/llavero-de-madera-letra-x-mosaico\/"},"modified":"2025-07-25T19:01:04","modified_gmt":"2025-07-25T17:01:04","slug":"porta-chaves-de-madeira-letra-x-mosaico","status":"publish","type":"product","link":"https:\/\/olemosaic.com\/pt-pt\/produto\/porta-chaves-de-madeira-letra-x-mosaico\/","title":{"rendered":"Porta-chaves de madeira. Letra X. Mosaico."},"content":{"rendered":"<p>Este porta-chaves de madeira com forma de letra X \u00e9 uma vibrante representa\u00e7\u00e3o da rica tradi\u00e7\u00e3o art\u00edstica espanhola, ideal como recorda\u00e7\u00e3o ou presente. O seu colorido design em mosaico abrange tonalidades de vermelho, amarelo, verde e azul, que evocam as famosas t\u00e9cnicas artesanais do pa\u00eds. A base preta destaca e real\u00e7a os brilhantes matizes do mosaico, criando um atraente contraste que capta a aten\u00e7\u00e3o e provoca admira\u00e7\u00e3o. Cada detalhe deste porta-chaves reflete a destreza dos artes\u00e3os que preservam o legado cultural de Espanha, tornando-o uma pe\u00e7a tanto decorativa como funcional.<\/p>\n<p>O mosaico, uma t\u00e9cnica com profundas ra\u00edzes na hist\u00f3ria art\u00edstica espanhola, \u00e9 um s\u00edmbolo de criatividade e colorido que ressoa atrav\u00e9s das gera\u00e7\u00f5es. Este porta-chaves n\u00e3o s\u00f3 serve para manter as chaves organizadas, como tamb\u00e9m funciona como uma recorda\u00e7\u00e3o di\u00e1ria da rica heran\u00e7a cultural e art\u00edstica de Espanha. Perfeito para turistas que procuram uma recorda\u00e7\u00e3o aut\u00eantica, \u00e9 um artigo que combina est\u00e9tica e praticidade.<\/p>\n<p>Na Ol\u00e9 Mosaic, especializamo-nos na distribui\u00e7\u00e3o de recorda\u00e7\u00f5es por grosso, oferecendo artigos que se ajustam perfeitamente aos desejos de quem procura levar um peda\u00e7o de Espanha para casa. Este porta-chaves de mosaico \u00e9 uma excelente op\u00e7\u00e3o para lojas de presentes tur\u00edsticos que procuram produtos de qualidade e aut\u00eanticos. Como grossistas de recorda\u00e7\u00f5es, garantimos a autenticidade e o encanto em cada pe\u00e7a.<\/p>\n","protected":false},"excerpt":{"rendered":"<p>Porta-chaves de madeira com forma da letra X, adornado com um vibrante design de mosaico. Este artigo destaca-se pelo seu colorido acabamento em tons vermelhos, amarelos, verdes e azuis, que evocam t\u00e9cnicas artesanais t\u00edpicas de Espanha. A base preta real\u00e7a as cores do mosaico, criando um atraente contraste. Ideal como recorda\u00e7\u00e3o ou presente, este porta-chaves combina funcionalidade e est\u00e9tica, levando consigo um peda\u00e7o de cultura e tradi\u00e7\u00e3o.<\/p>\n","protected":false},"featured_media":10774,"template":"","meta":{"_acf_changed":false},"product_brand":[],"product_cat":[611],"product_tag":[612],"class_list":{"0":"post-33226","1":"product","2":"type-product","3":"status-publish","4":"has-post-thumbnail","6":"product_cat-porta-chaves","7":"product_tag-cartas","8":"pa_motivo-letra-x","10":"first","11":"instock","12":"shipping-taxable","13":"product-type-simple"},"acf":[],"_links":{"self":[{"href":"https:\/\/olemosaic.com\/pt-pt\/wp-json\/wp\/v2\/product\/33226","targetHints":{"allow":["GET"]}}],"collection":[{"href":"https:\/\/olemosaic.com\/pt-pt\/wp-json\/wp\/v2\/product"}],"about":[{"href":"https:\/\/olemosaic.com\/pt-pt\/wp-json\/wp\/v2\/types\/product"}],"wp:featuredmedia":[{"embeddable":true,"href":"https:\/\/olemosaic.com\/pt-pt\/wp-json\/wp\/v2\/media\/10774"}],"wp:attachment":[{"href":"https:\/\/olemosaic.com\/pt-pt\/wp-json\/wp\/v2\/media?parent=33226"}],"wp:term":[{"taxonomy":"product_brand","embeddable":true,"href":"https:\/\/olemosaic.com\/pt-pt\/wp-json\/wp\/v2\/product_brand?post=33226"},{"taxonomy":"product_cat","embeddable":true,"href":"https:\/\/olemosaic.com\/pt-pt\/wp-json\/wp\/v2\/product_cat?post=33226"},{"taxonomy":"product_tag","embeddable":true,"href":"https:\/\/olemosaic.com\/pt-pt\/wp-json\/wp\/v2\/product_tag?post=33226"}],"curies":[{"name":"wp","href":"https:\/\/api.w.org\/{rel}","templated":true}]}}