{"id":33209,"date":"2025-02-20T23:33:10","date_gmt":"2025-02-20T22:33:10","guid":{"rendered":"http:\/\/olemosaic.com\/producto\/llavero-de-madera-letra-t\/"},"modified":"2025-07-25T18:44:44","modified_gmt":"2025-07-25T16:44:44","slug":"porta-chaves-de-madeira-letra-t","status":"publish","type":"product","link":"https:\/\/olemosaic.com\/pt-pt\/produto\/porta-chaves-de-madeira-letra-t\/","title":{"rendered":"Porta-chaves de madeira. Letra T."},"content":{"rendered":"<p>Este porta-chaves de madeira com forma de letra T \u00e9 uma pe\u00e7a \u00fanica que captura a ess\u00eancia vibrante da arte barcelonesa, inspirada na c\u00e9lebre obra de Antoni Gaud\u00ed. O seu design brilhante incorpora uma mistura de cores alegres como azul, amarelo, vermelho e verde, dispostos com mestria sobre um fundo branco, evocando a famosa t\u00e9cnica do trencad\u00eds que Gaud\u00ed popularizou nas suas obras. Este porta-chaves, al\u00e9m de ser um acess\u00f3rio pr\u00e1tico, torna-se um fascinante objeto decorativo que permitir\u00e1 aos turistas levar consigo um peda\u00e7o do engenho e da criatividade que caracteriza a Cidade Condal. A letra T n\u00e3o s\u00f3 simboliza um nome ou uma inicial, como, ao ser parte de um souvenir t\u00edpico, torna-se um lembrete emocional da experi\u00eancia vivida em Barcelona. Perfeito para quem procura um presente significativo, este porta-chaves \u00e9 um excelente representante dos souvenirs de Barcelona, ideal para lojas de presentes tur\u00edsticos que desejem oferecer produtos aut\u00eanticos e com valor cultural. Na Ol\u00e9 Mosaic, como distribuidores de porta-chaves por grosso, garantimos a qualidade e autenticidade de cada pe\u00e7a, fazendo deste porta-chaves de madeira uma op\u00e7\u00e3o destacada para qualquer cole\u00e7\u00e3o.<\/p>\n","protected":false},"excerpt":{"rendered":"<p>Porta-chaves de madeira com forma da letra T, decorado com um vibrante design de mosaico inspirado na obra de Antoni Gaud\u00ed. Este original porta-chaves apresenta uma mistura de cores alegres como o azul, o amarelo, o vermelho e o verde sobre um fundo branco, evocando a famosa t\u00e9cnica do trencad\u00eds. Ideal para levar um peda\u00e7o da criatividade e da arte barcelonesa sempre contigo, \u00e9 um presente perfeito para os amantes do design.<\/p>\n","protected":false},"featured_media":10939,"template":"","meta":{"_acf_changed":false},"product_brand":[],"product_cat":[611],"product_tag":[612],"class_list":{"0":"post-33209","1":"product","2":"type-product","3":"status-publish","4":"has-post-thumbnail","6":"product_cat-porta-chaves","7":"product_tag-cartas","8":"pa_motivo-letra-t","10":"first","11":"instock","12":"shipping-taxable","13":"product-type-simple"},"acf":[],"_links":{"self":[{"href":"https:\/\/olemosaic.com\/pt-pt\/wp-json\/wp\/v2\/product\/33209","targetHints":{"allow":["GET"]}}],"collection":[{"href":"https:\/\/olemosaic.com\/pt-pt\/wp-json\/wp\/v2\/product"}],"about":[{"href":"https:\/\/olemosaic.com\/pt-pt\/wp-json\/wp\/v2\/types\/product"}],"wp:featuredmedia":[{"embeddable":true,"href":"https:\/\/olemosaic.com\/pt-pt\/wp-json\/wp\/v2\/media\/10939"}],"wp:attachment":[{"href":"https:\/\/olemosaic.com\/pt-pt\/wp-json\/wp\/v2\/media?parent=33209"}],"wp:term":[{"taxonomy":"product_brand","embeddable":true,"href":"https:\/\/olemosaic.com\/pt-pt\/wp-json\/wp\/v2\/product_brand?post=33209"},{"taxonomy":"product_cat","embeddable":true,"href":"https:\/\/olemosaic.com\/pt-pt\/wp-json\/wp\/v2\/product_cat?post=33209"},{"taxonomy":"product_tag","embeddable":true,"href":"https:\/\/olemosaic.com\/pt-pt\/wp-json\/wp\/v2\/product_tag?post=33209"}],"curies":[{"name":"wp","href":"https:\/\/api.w.org\/{rel}","templated":true}]}}