{"id":33208,"date":"2025-02-20T22:33:10","date_gmt":"2025-02-20T22:33:10","guid":{"rendered":"http:\/\/olemosaic.com\/producto\/llavero-de-madera-letra-t-barcelona\/"},"modified":"2025-07-25T20:16:47","modified_gmt":"2025-07-25T18:16:47","slug":"porta-chaves-de-madeira-letra-t-barcelona","status":"publish","type":"product","link":"https:\/\/olemosaic.com\/pt-pt\/produto\/porta-chaves-de-madeira-letra-t-barcelona\/","title":{"rendered":"Porta-chaves de madeira. Letra T. Barcelona."},"content":{"rendered":"<p>Este porta-chaves de madeira com forma da letra T \u00e9 uma pe\u00e7a encantadora que presta homenagem \u00e0 emblem\u00e1tica cidade de Barcelona. O seu design vibrante apresenta a ic\u00f3nica Sagrada Fam\u00edlia, com as suas famosas torres representadas em tons vermelhos e dourados. Os detalhes coloridos que rodeiam o monumento evocam o estilo modernista que caracteriza a cidade e a obra de Antoni Gaud\u00ed. A letra T, por si s\u00f3, reflete o simbolismo de &#8220;T&#8221; de &#8220;Barcelona&#8221;, tornando este porta-chaves uma recorda\u00e7\u00e3o significativa e pessoal para qualquer visitante.<\/p>\n<p>Fabricado em madeira de alta qualidade, este porta-chaves garante durabilidade e um toque artesanal que se destaca no mercado de souvenirs. O anel resistente permite um uso pr\u00e1tico e c\u00f3modo, seja para prender as chaves ou para adornar qualquer mala. Este souvenir de Barcelona n\u00e3o \u00e9 apenas um acess\u00f3rio funcional, mas tamb\u00e9m uma excelente forma de levar consigo um fragmento da rica arquitetura e cultura catal\u00e3.<\/p>\n<p>Na Ol\u00e9 Mosaic, somos distribuidores de souvenirs por grosso e oferecemos uma sele\u00e7\u00e3o \u00fanica de produtos que representam a autenticidade de cada regi\u00e3o. Este porta-chaves da Sagrada Fam\u00edlia \u00e9 uma op\u00e7\u00e3o ideal para lojas de presentes tur\u00edsticos que procuram incorporar na sua oferta recorda\u00e7\u00f5es significativas e aut\u00eanticas de Barcelona.<\/p>\n","protected":false},"excerpt":{"rendered":"<p>Porta-chaves de madeira com forma da letra T, inspirado na emblem\u00e1tica cidade de Barcelona. Este design vibrante apresenta a famosa Sagrada Fam\u00edlia, com as suas caracter\u00edsticas torres em tons vermelhos e dourados, rodeadas de detalhes coloridos que evocam o estilo modernista. O porta-chaves inclui uma argola resistente para um uso pr\u00e1tico e duradouro, tornando-se uma recorda\u00e7\u00e3o perfeita da arquitetura \u00fanica da cidade.<\/p>\n","protected":false},"featured_media":10531,"template":"","meta":{"_acf_changed":false},"product_brand":[],"product_cat":[611],"product_tag":[612],"class_list":{"0":"post-33208","1":"product","2":"type-product","3":"status-publish","4":"has-post-thumbnail","6":"product_cat-porta-chaves","7":"product_tag-cartas","8":"pa_ciudad-barcelona","9":"pa_motivo-letra-t","10":"pa_pais-espana","12":"first","13":"instock","14":"shipping-taxable","15":"product-type-simple"},"acf":[],"_links":{"self":[{"href":"https:\/\/olemosaic.com\/pt-pt\/wp-json\/wp\/v2\/product\/33208","targetHints":{"allow":["GET"]}}],"collection":[{"href":"https:\/\/olemosaic.com\/pt-pt\/wp-json\/wp\/v2\/product"}],"about":[{"href":"https:\/\/olemosaic.com\/pt-pt\/wp-json\/wp\/v2\/types\/product"}],"wp:featuredmedia":[{"embeddable":true,"href":"https:\/\/olemosaic.com\/pt-pt\/wp-json\/wp\/v2\/media\/10531"}],"wp:attachment":[{"href":"https:\/\/olemosaic.com\/pt-pt\/wp-json\/wp\/v2\/media?parent=33208"}],"wp:term":[{"taxonomy":"product_brand","embeddable":true,"href":"https:\/\/olemosaic.com\/pt-pt\/wp-json\/wp\/v2\/product_brand?post=33208"},{"taxonomy":"product_cat","embeddable":true,"href":"https:\/\/olemosaic.com\/pt-pt\/wp-json\/wp\/v2\/product_cat?post=33208"},{"taxonomy":"product_tag","embeddable":true,"href":"https:\/\/olemosaic.com\/pt-pt\/wp-json\/wp\/v2\/product_tag?post=33208"}],"curies":[{"name":"wp","href":"https:\/\/api.w.org\/{rel}","templated":true}]}}