{"id":33207,"date":"2025-02-20T22:33:09","date_gmt":"2025-02-20T22:33:09","guid":{"rendered":"http:\/\/olemosaic.com\/producto\/llavero-de-madera-letra-t-mosaico\/"},"modified":"2025-07-25T18:44:43","modified_gmt":"2025-07-25T16:44:43","slug":"porta-chaves-de-madeira-letra-t-mosaico","status":"publish","type":"product","link":"https:\/\/olemosaic.com\/pt-pt\/produto\/porta-chaves-de-madeira-letra-t-mosaico\/","title":{"rendered":"Porta-chaves de madeira. Letra T. Mosaico."},"content":{"rendered":"<p>Este porta-chaves de madeira com forma de letra T \u00e9 uma vibrante express\u00e3o da arte do mosaico espanhol, perfeito para quem procura uma recorda\u00e7\u00e3o aut\u00eantica e memor\u00e1vel. Elaborado em madeira de alta qualidade, este porta-chaves destaca-se pelo seu design colorido que incorpora tons vermelhos, azuis, amarelos e verdes, evocando as tradicionais obras de mosaico que adornam muitas cidades espanholas, especialmente na Andaluzia. A forma da letra T n\u00e3o s\u00f3 adiciona um toque pessoal, como tamb\u00e9m o torna um presente significativo, representando o nome ou as iniciais de quem o usa.<\/p>\n<p>O porta-chaves est\u00e1 equipado com um anel met\u00e1lico resistente, ideal para manter as tuas chaves organizadas com um estilo art\u00edstico \u00fanico. Os motivos coloridos que cobrem a superf\u00edcie do porta-chaves s\u00e3o evocativos e din\u00e2micos, proporcionando um apelo visual que captura a ess\u00eancia do colorido patrim\u00f3nio cultural espanhol. Este porta-chaves de mosaico n\u00e3o \u00e9 apenas um acess\u00f3rio funcional, mas tamb\u00e9m um lembrete tang\u00edvel das aventuras vividas durante uma viagem.<\/p>\n<p>Na Ol\u00e9 Mosaic, especializamo-nos na distribui\u00e7\u00e3o de recorda\u00e7\u00f5es por grosso, e este porta-chaves \u00e9 uma excelente op\u00e7\u00e3o para lojas de presentes tur\u00edsticos que procuram oferecer produtos aut\u00eanticos e significativos. O porta-chaves com a letra T \u00e9 uma bonita recorda\u00e7\u00e3o que celebra o vibrante estilo da cultura espanhola, tornando-o um presente ideal para amigos e familiares que adoram ter um pedacinho de Espanha por perto.<\/p>\n","protected":false},"excerpt":{"rendered":"<p>Porta-chaves de madeira com forma de letra T, decorado com motivos de mosaico coloridos. Este acess\u00f3rio destaca-se pelo seu design vibrante, que incorpora uma variedade de cores como vermelho, azul, amarelo e verde, criando um apelo visual que recorda as obras tradicionais de mosaico espanhol. A pe\u00e7a prende-se a um anel met\u00e1lico, ideal para levar as chaves com um toque art\u00edstico e pessoal. Perfeito como recorda\u00e7\u00e3o que celebra o estilo cultural de Espanha.<\/p>\n","protected":false},"featured_media":10770,"template":"","meta":{"_acf_changed":false},"product_brand":[],"product_cat":[611],"product_tag":[612],"class_list":{"0":"post-33207","1":"product","2":"type-product","3":"status-publish","4":"has-post-thumbnail","6":"product_cat-porta-chaves","7":"product_tag-cartas","8":"pa_motivo-letra-t","10":"first","11":"instock","12":"shipping-taxable","13":"product-type-simple"},"acf":[],"_links":{"self":[{"href":"https:\/\/olemosaic.com\/pt-pt\/wp-json\/wp\/v2\/product\/33207","targetHints":{"allow":["GET"]}}],"collection":[{"href":"https:\/\/olemosaic.com\/pt-pt\/wp-json\/wp\/v2\/product"}],"about":[{"href":"https:\/\/olemosaic.com\/pt-pt\/wp-json\/wp\/v2\/types\/product"}],"wp:featuredmedia":[{"embeddable":true,"href":"https:\/\/olemosaic.com\/pt-pt\/wp-json\/wp\/v2\/media\/10770"}],"wp:attachment":[{"href":"https:\/\/olemosaic.com\/pt-pt\/wp-json\/wp\/v2\/media?parent=33207"}],"wp:term":[{"taxonomy":"product_brand","embeddable":true,"href":"https:\/\/olemosaic.com\/pt-pt\/wp-json\/wp\/v2\/product_brand?post=33207"},{"taxonomy":"product_cat","embeddable":true,"href":"https:\/\/olemosaic.com\/pt-pt\/wp-json\/wp\/v2\/product_cat?post=33207"},{"taxonomy":"product_tag","embeddable":true,"href":"https:\/\/olemosaic.com\/pt-pt\/wp-json\/wp\/v2\/product_tag?post=33207"}],"curies":[{"name":"wp","href":"https:\/\/api.w.org\/{rel}","templated":true}]}}