{"id":33200,"date":"2025-02-20T23:33:09","date_gmt":"2025-02-20T22:33:09","guid":{"rendered":"http:\/\/olemosaic.com\/producto\/llavero-de-madera-letra-k-sevilla\/"},"modified":"2025-07-25T18:55:16","modified_gmt":"2025-07-25T16:55:16","slug":"porta-chaves-de-madeira-letra-k-sevilha","status":"publish","type":"product","link":"https:\/\/olemosaic.com\/pt-pt\/produto\/porta-chaves-de-madeira-letra-k-sevilha\/","title":{"rendered":"Porta-chaves de madeira. Letra K. Sevilha."},"content":{"rendered":"<p>Este porta-chaves de madeira com a forma da letra K \u00e9 uma encantadora homenagem \u00e0 vibrante cultura sevilhana, perfeito para quem deseja levar um peda\u00e7o desta cativante cidade sempre consigo. Cada porta-chaves \u00e9 uma pequena obra de arte, com ilustra\u00e7\u00f5es coloridas inspiradas na arquitetura emblem\u00e1tica de Sevilha, destacando a majestosa Giralda e os cen\u00e1rios t\u00edpicos que fazem desta metr\u00f3pole um destino tur\u00edstico imprescind\u00edvel. Dispon\u00edvel em dois designs \u00fanicos, um com um fundo de cer\u00e2mica que evoca a tradi\u00e7\u00e3o andaluza, e outro que apresenta um c\u00e9u azul, simbolizando a luz e a frescura do clima sevilhano. O uso de madeira n\u00e3o s\u00f3 assegura um produto ecol\u00f3gico, como tamb\u00e9m lhe confere um toque de autenticidade e calor.<\/p>\n<p>Este porta-chaves n\u00e3o \u00e9 apenas um acess\u00f3rio, mas uma aut\u00eantica recorda\u00e7\u00e3o que simboliza a ess\u00eancia de Sevilha, sendo uma lembran\u00e7a ideal para os turistas que procuram encapsular momentos especiais da sua visita. Na Ol\u00e9 Mosaic, especializamo-nos na distribui\u00e7\u00e3o de recorda\u00e7\u00f5es por grosso, oferecendo produtos aut\u00eanticos que refletem a rica cultura espanhola. Este porta-chaves com a letra K \u00e9 uma op\u00e7\u00e3o de destaque para lojas de presentes tur\u00edsticos que desejem oferecer artigos \u00fanicos e representativos, garantindo qualidade e originalidade em cada compra.<\/p>\n","protected":false},"excerpt":{"rendered":"<p>Porta-chaves de madeira com a forma da letra K, inspirado em Sevilha. Este porta-chaves distintivo apresenta uma ilustra\u00e7\u00e3o colorida que reflete a arquitetura e a cultura sevilhana, com elementos como a Giralda e cen\u00e1rios t\u00edpicos, tudo num estilo vibrante e detalhado. Dispon\u00edvel em dois designs, um com fundo de cer\u00e2mica e outro com c\u00e9u azul, cada pe\u00e7a \u00e9 uma recorda\u00e7\u00e3o perfeita para levar um peda\u00e7o de Sevilha consigo.<\/p>\n","protected":false},"featured_media":10895,"template":"","meta":{"_acf_changed":false},"product_brand":[],"product_cat":[611],"product_tag":[612],"class_list":{"0":"post-33200","1":"product","2":"type-product","3":"status-publish","4":"has-post-thumbnail","6":"product_cat-porta-chaves","7":"product_tag-cartas","8":"pa_ciudad-sevilla","9":"pa_motivo-letra-k","10":"pa_pais-espana","12":"first","13":"instock","14":"shipping-taxable","15":"product-type-simple"},"acf":[],"_links":{"self":[{"href":"https:\/\/olemosaic.com\/pt-pt\/wp-json\/wp\/v2\/product\/33200","targetHints":{"allow":["GET"]}}],"collection":[{"href":"https:\/\/olemosaic.com\/pt-pt\/wp-json\/wp\/v2\/product"}],"about":[{"href":"https:\/\/olemosaic.com\/pt-pt\/wp-json\/wp\/v2\/types\/product"}],"wp:featuredmedia":[{"embeddable":true,"href":"https:\/\/olemosaic.com\/pt-pt\/wp-json\/wp\/v2\/media\/10895"}],"wp:attachment":[{"href":"https:\/\/olemosaic.com\/pt-pt\/wp-json\/wp\/v2\/media?parent=33200"}],"wp:term":[{"taxonomy":"product_brand","embeddable":true,"href":"https:\/\/olemosaic.com\/pt-pt\/wp-json\/wp\/v2\/product_brand?post=33200"},{"taxonomy":"product_cat","embeddable":true,"href":"https:\/\/olemosaic.com\/pt-pt\/wp-json\/wp\/v2\/product_cat?post=33200"},{"taxonomy":"product_tag","embeddable":true,"href":"https:\/\/olemosaic.com\/pt-pt\/wp-json\/wp\/v2\/product_tag?post=33200"}],"curies":[{"name":"wp","href":"https:\/\/api.w.org\/{rel}","templated":true}]}}