{"id":33199,"date":"2025-02-20T23:33:09","date_gmt":"2025-02-20T22:33:09","guid":{"rendered":"http:\/\/olemosaic.com\/producto\/llavero-de-madera-letra-c-valencia\/"},"modified":"2025-07-25T18:44:33","modified_gmt":"2025-07-25T16:44:33","slug":"porta-chaves-de-madeira-letra-c-valencia","status":"publish","type":"product","link":"https:\/\/olemosaic.com\/pt-pt\/produto\/porta-chaves-de-madeira-letra-c-valencia\/","title":{"rendered":"Porta-chaves de madeira. Letra C. Val\u00eancia."},"content":{"rendered":"<p>Este porta-chaves de madeira com a forma da letra C \u00e9 uma encantadora recorda\u00e7\u00e3o que capta a vibrante ess\u00eancia da cidade de Val\u00eancia. Desenhado com uma combina\u00e7\u00e3o de cores vivas e detalhes meticulosos, destaca-se pela sua representa\u00e7\u00e3o art\u00edstica do patrim\u00f3nio arquitet\u00f3nico valenciano, com \u00edcones como a hist\u00f3rica Lota da Seda e a moderna Cidade das Artes e das Ci\u00eancias. Cada lado do porta-chaves apresenta ilustra\u00e7\u00f5es coloridas que evocam a rica heran\u00e7a cultural da cidade, equilibrando tradi\u00e7\u00e3o e inova\u00e7\u00e3o num design atraente.<\/p>\n<p>Com um acabamento liso e polido, este porta-chaves n\u00e3o \u00e9 apenas funcional, mas tamb\u00e9m serve como um lembrete visual dos maravilhosos momentos vividos em Val\u00eancia, tornando-se um presente perfeito para turistas e visitantes. A letra C acrescenta um toque pessoal, ideal para quem o nome come\u00e7a por esta letra ou para aqueles que procuram uma forma \u00fanica de levar consigo um fragmento da sua experi\u00eancia na cidade.<\/p>\n<p>Na Ol\u00e9 Mosaic, orgulhamo-nos de oferecer recorda\u00e7\u00f5es aut\u00eanticas e representativas que celebram a cultura espanhola. Este porta-chaves de madeira \u00e9 uma excelente op\u00e7\u00e3o para lojas de presentes tur\u00edsticos, pois combina arte, funcionalidade e um profundo sentido de perten\u00e7a cultural. Ao optar pelos nossos porta-chaves por grosso, os seus clientes poder\u00e3o desfrutar de presentes de qualidade que captam o esp\u00edrito de Val\u00eancia.<\/p>\n","protected":false},"excerpt":{"rendered":"<p>Porta-chaves de madeira com a forma da letra C, inspirado na vibrante cidade de Val\u00eancia. Esta pe\u00e7a apresenta um design colorido e detalhado que mostra o famoso patrim\u00f3nio arquitet\u00f3nico da cidade, com elementos como a Lota da Seda e a Cidade das Artes e das Ci\u00eancias. Com cores vivas e um acabamento liso, o porta-chaves combina arte e funcionalidade, sendo uma recorda\u00e7\u00e3o perfeita para quem deseja levar um peda\u00e7o de Val\u00eancia consigo.<\/p>\n","protected":false},"featured_media":10861,"template":"","meta":{"_acf_changed":false},"product_brand":[],"product_cat":[611],"product_tag":[612],"class_list":{"0":"post-33199","1":"product","2":"type-product","3":"status-publish","4":"has-post-thumbnail","6":"product_cat-porta-chaves","7":"product_tag-cartas","8":"pa_ciudad-valencia","9":"pa_motivo-letra-c","10":"pa_pais-espana","12":"first","13":"instock","14":"shipping-taxable","15":"product-type-simple"},"acf":[],"_links":{"self":[{"href":"https:\/\/olemosaic.com\/pt-pt\/wp-json\/wp\/v2\/product\/33199","targetHints":{"allow":["GET"]}}],"collection":[{"href":"https:\/\/olemosaic.com\/pt-pt\/wp-json\/wp\/v2\/product"}],"about":[{"href":"https:\/\/olemosaic.com\/pt-pt\/wp-json\/wp\/v2\/types\/product"}],"wp:featuredmedia":[{"embeddable":true,"href":"https:\/\/olemosaic.com\/pt-pt\/wp-json\/wp\/v2\/media\/10861"}],"wp:attachment":[{"href":"https:\/\/olemosaic.com\/pt-pt\/wp-json\/wp\/v2\/media?parent=33199"}],"wp:term":[{"taxonomy":"product_brand","embeddable":true,"href":"https:\/\/olemosaic.com\/pt-pt\/wp-json\/wp\/v2\/product_brand?post=33199"},{"taxonomy":"product_cat","embeddable":true,"href":"https:\/\/olemosaic.com\/pt-pt\/wp-json\/wp\/v2\/product_cat?post=33199"},{"taxonomy":"product_tag","embeddable":true,"href":"https:\/\/olemosaic.com\/pt-pt\/wp-json\/wp\/v2\/product_tag?post=33199"}],"curies":[{"name":"wp","href":"https:\/\/api.w.org\/{rel}","templated":true}]}}