{"id":33196,"date":"2025-02-20T23:33:09","date_gmt":"2025-02-20T22:33:09","guid":{"rendered":"http:\/\/olemosaic.com\/producto\/llavero-de-madera-letra-x-madrid\/"},"modified":"2025-07-25T18:46:49","modified_gmt":"2025-07-25T16:46:49","slug":"porta-chaves-de-madeira-letra-x-madrid","status":"publish","type":"product","link":"https:\/\/olemosaic.com\/pt-pt\/produto\/porta-chaves-de-madeira-letra-x-madrid\/","title":{"rendered":"Porta-chaves de madeira. Letra X. Madrid."},"content":{"rendered":"<p>Este porta-chaves de madeira com a forma de &#8220;X&#8221; \u00e9 uma encantadora recorda\u00e7\u00e3o de Madrid que capta a ess\u00eancia vibrante e cultural da cidade. Elaborado com um design colorido, destaca-se pelas suas intrincadas ilustra\u00e7\u00f5es de monumentos emblem\u00e1ticos, como a famosa Puerta del Sol, juntamente com personagens trajadas com roupas t\u00edpicas que evocam a tradi\u00e7\u00e3o e o folclore madrileno. Cada detalhe \u00e9 meticulosamente pintado \u00e0 m\u00e3o, criando uma pe\u00e7a \u00fanica que combina as cores azul e vermelho, representativas da identidade de Madrid.<\/p>\n<p>O porta-chaves n\u00e3o \u00e9 apenas um acess\u00f3rio pr\u00e1tico, mas tamb\u00e9m uma forma de levar um pedacinho da capital espanhola consigo, ideal para quem procura uma recorda\u00e7\u00e3o aut\u00eantica e simb\u00f3lica. O seu design, com um fundo que recorda os mosaicos caracter\u00edsticos da cidade, torna-o uma excelente op\u00e7\u00e3o para turistas que desejam captar a ess\u00eancia de Madrid de forma original e art\u00edstica.<\/p>\n<p>Na Ol\u00e9 Mosaic, como grossistas de recorda\u00e7\u00f5es, oferecemos este porta-chaves de madeira como parte da nossa cuidada sele\u00e7\u00e3o de produtos regionais. \u00c9 perfeito para lojas de presentes tur\u00edsticos que desejem oferecer artigos de qualidade e valor cultural. N\u00e3o perca a oportunidade de oferecer aos seus clientes este porta-chaves de Madrid que, sem d\u00favida, ser\u00e1 uma recorda\u00e7\u00e3o preciosa.<\/p>\n","protected":false},"excerpt":{"rendered":"<p>Porta-chaves de madeira com a forma da letra &#8220;X&#8221;, que representa o melhor de Madrid. Este design colorido inclui ilustra\u00e7\u00f5es emblem\u00e1ticas, como a Puerta del Sol e personagens vestidos com trajes t\u00edpicos, tudo com design artesanal, pintado \u00e0 m\u00e3o, com um vibrante estilo art\u00edstico. O porta-chaves destaca-se pelos seus detalhes em azul e vermelho, evocando a ess\u00eancia da cidade. Ideal para levar um pedacinho de Madrid sempre consigo.<\/p>\n","protected":false},"featured_media":10856,"template":"","meta":{"_acf_changed":false},"product_brand":[],"product_cat":[611],"product_tag":[612],"class_list":{"0":"post-33196","1":"product","2":"type-product","3":"status-publish","4":"has-post-thumbnail","6":"product_cat-porta-chaves","7":"product_tag-cartas","8":"pa_ciudad-madrid","9":"pa_motivo-letra-x","10":"pa_pais-espana","12":"first","13":"instock","14":"shipping-taxable","15":"product-type-simple"},"acf":[],"_links":{"self":[{"href":"https:\/\/olemosaic.com\/pt-pt\/wp-json\/wp\/v2\/product\/33196","targetHints":{"allow":["GET"]}}],"collection":[{"href":"https:\/\/olemosaic.com\/pt-pt\/wp-json\/wp\/v2\/product"}],"about":[{"href":"https:\/\/olemosaic.com\/pt-pt\/wp-json\/wp\/v2\/types\/product"}],"wp:featuredmedia":[{"embeddable":true,"href":"https:\/\/olemosaic.com\/pt-pt\/wp-json\/wp\/v2\/media\/10856"}],"wp:attachment":[{"href":"https:\/\/olemosaic.com\/pt-pt\/wp-json\/wp\/v2\/media?parent=33196"}],"wp:term":[{"taxonomy":"product_brand","embeddable":true,"href":"https:\/\/olemosaic.com\/pt-pt\/wp-json\/wp\/v2\/product_brand?post=33196"},{"taxonomy":"product_cat","embeddable":true,"href":"https:\/\/olemosaic.com\/pt-pt\/wp-json\/wp\/v2\/product_cat?post=33196"},{"taxonomy":"product_tag","embeddable":true,"href":"https:\/\/olemosaic.com\/pt-pt\/wp-json\/wp\/v2\/product_tag?post=33196"}],"curies":[{"name":"wp","href":"https:\/\/api.w.org\/{rel}","templated":true}]}}