{"id":33159,"date":"2025-02-20T23:33:08","date_gmt":"2025-02-20T22:33:08","guid":{"rendered":"http:\/\/olemosaic.com\/producto\/llavero-de-madera-letra-w-madrid\/"},"modified":"2025-07-25T18:46:16","modified_gmt":"2025-07-25T16:46:16","slug":"porta-chaves-de-madeira-letra-w-madrid","status":"publish","type":"product","link":"https:\/\/olemosaic.com\/pt-pt\/produto\/porta-chaves-de-madeira-letra-w-madrid\/","title":{"rendered":"Porta-chaves de madeira. Letra W. Madrid."},"content":{"rendered":"<p>Este porta-chaves de madeira com a forma da letra &#8220;W&#8221; \u00e9 uma recorda\u00e7\u00e3o vibrante que capta a ess\u00eancia de Madrid atrav\u00e9s do seu design colorido e distintivo. Inspirado no ambiente emblem\u00e1tico da cidade, o porta-chaves apresenta ilustra\u00e7\u00f5es que representam a famosa Puerta del Sol, uma das pra\u00e7as mais ic\u00f3nicas de Madrid, conhecida por ser o ponto de encontro de madrilenos e turistas. O porta-chaves \u00e9 pintado \u00e0 m\u00e3o, o que garante que cada pe\u00e7a \u00e9 \u00fanica e reflete a rica cultura madrilena.<\/p>\n<p>O acabamento de mosaico em tons azuis e vermelhos confere um encanto contempor\u00e2neo, enquanto os detalhes art\u00edsticos, que incluem a representa\u00e7\u00e3o das est\u00e1tuas e a arquitetura da pra\u00e7a, criam um atrativo visual ineg\u00e1vel. Este porta-chaves n\u00e3o \u00e9 apenas funcional, mas tamb\u00e9m se torna uma recorda\u00e7\u00e3o significativa e aut\u00eantica da capital espanhola, ideal para aqueles que desejam levar um pedacinho de Madrid consigo.<\/p>\n<p>Na Ol\u00e9 Mosaic, especializamo-nos na distribui\u00e7\u00e3o de recorda\u00e7\u00f5es por grosso, oferecendo produtos que celebram a heran\u00e7a cultural de Espanha. Este porta-chaves de Madrid \u00e9 uma excelente op\u00e7\u00e3o para lojas de presentes tur\u00edsticos que procuram artigos aut\u00eanticos e representativos. Ao escolher este porta-chaves, assegura um produto atraente que destaca a riqueza cultural de Madrid, tornando-o numa recorda\u00e7\u00e3o inesquec\u00edvel.<\/p>\n","protected":false},"excerpt":{"rendered":"<p>Porta-chaves de madeira com a forma da letra W, inspirado no ambiente emblem\u00e1tico de Madrid. Este atraente porta-chaves apresenta um design colorido e distintivo, com ilustra\u00e7\u00f5es que retratam a famosa Puerta del Sol, refletindo a cultura local atrav\u00e9s de detalhes vibrantes. Pintado com estilo artesanal, combina um acabamento de mosaico em tons azuis e vermelhos, o que dota a pe\u00e7a de um encanto singular e contempor\u00e2neo, ideal para recordar a ess\u00eancia madrilena.<\/p>\n","protected":false},"featured_media":10855,"template":"","meta":{"_acf_changed":false},"product_brand":[],"product_cat":[611],"product_tag":[612],"class_list":{"0":"post-33159","1":"product","2":"type-product","3":"status-publish","4":"has-post-thumbnail","6":"product_cat-porta-chaves","7":"product_tag-cartas","8":"pa_ciudad-madrid","9":"pa_motivo-letra-w","10":"pa_pais-espana","12":"first","13":"instock","14":"shipping-taxable","15":"product-type-simple"},"acf":[],"_links":{"self":[{"href":"https:\/\/olemosaic.com\/pt-pt\/wp-json\/wp\/v2\/product\/33159","targetHints":{"allow":["GET"]}}],"collection":[{"href":"https:\/\/olemosaic.com\/pt-pt\/wp-json\/wp\/v2\/product"}],"about":[{"href":"https:\/\/olemosaic.com\/pt-pt\/wp-json\/wp\/v2\/types\/product"}],"wp:featuredmedia":[{"embeddable":true,"href":"https:\/\/olemosaic.com\/pt-pt\/wp-json\/wp\/v2\/media\/10855"}],"wp:attachment":[{"href":"https:\/\/olemosaic.com\/pt-pt\/wp-json\/wp\/v2\/media?parent=33159"}],"wp:term":[{"taxonomy":"product_brand","embeddable":true,"href":"https:\/\/olemosaic.com\/pt-pt\/wp-json\/wp\/v2\/product_brand?post=33159"},{"taxonomy":"product_cat","embeddable":true,"href":"https:\/\/olemosaic.com\/pt-pt\/wp-json\/wp\/v2\/product_cat?post=33159"},{"taxonomy":"product_tag","embeddable":true,"href":"https:\/\/olemosaic.com\/pt-pt\/wp-json\/wp\/v2\/product_tag?post=33159"}],"curies":[{"name":"wp","href":"https:\/\/api.w.org\/{rel}","templated":true}]}}