{"id":33157,"date":"2025-02-20T23:33:08","date_gmt":"2025-02-20T22:33:08","guid":{"rendered":"http:\/\/olemosaic.com\/producto\/llavero-de-madera-letra-s-barcelona-2\/"},"modified":"2025-07-25T19:37:04","modified_gmt":"2025-07-25T17:37:04","slug":"porta-chaves-de-madeira-letra-s-barcelona-2","status":"publish","type":"product","link":"https:\/\/olemosaic.com\/pt-pt\/produto\/porta-chaves-de-madeira-letra-s-barcelona-2\/","title":{"rendered":"Porta-chaves de madeira. Letra S. Mosaico. Barcelona."},"content":{"rendered":"<p>Este porta-chaves de madeira com a forma de &#8220;S&#8221; \u00e9 uma recorda\u00e7\u00e3o encantadora que capta a vibrante ess\u00eancia de Barcelona. Elaborado com um design elegante que real\u00e7a a ic\u00f3nica Sagrada Fam\u00edlia, este porta-chaves \u00e9 uma pe\u00e7a \u00fanica que reflete a genialidade arquitet\u00f3nica de Antoni Gaud\u00ed. A base de madeira \u00e9 adornada com um mosaico de cores chamativas, como vermelho, azul e verde, que evocam a rica paleta art\u00edstica da cidade.<\/p>\n<p>O design n\u00e3o inclui apenas a famosa bas\u00edlica, mas tamb\u00e9m elementos criativos que recordam o car\u00e1ter l\u00fadico e colorido de Barcelona, como motivos que representam a cultura local e a arte de Gaud\u00ed. Este porta-chaves torna-se assim uma recorda\u00e7\u00e3o representativa de uma cidade cheia de hist\u00f3ria, arte e encanto, ideal para quem procura um peda\u00e7o de Barcelona para levar consigo.<\/p>\n<p>Na Ol\u00e9 Mosaic especializamo-nos na distribui\u00e7\u00e3o de recorda\u00e7\u00f5es por grosso e este porta-chaves de madeira \u00e9 uma excelente op\u00e7\u00e3o para turistas e para lojas de presentes que desejem oferecer produtos aut\u00eanticos e de qualidade. Oferecer ou comprar este porta-chaves \u00e9 uma forma perfeita de recordar momentos especiais em Barcelona e uma adi\u00e7\u00e3o encantadora a qualquer cole\u00e7\u00e3o de recorda\u00e7\u00f5es.<\/p>\n","protected":false},"excerpt":{"rendered":"<p>Porta-chaves de madeira com a letra &#8220;S&#8221;, inspirado na vibrante cidade de Barcelona. Este porta-chaves destaca-se pelo seu design colorido, com elementos representativos como a Sagrada Fam\u00edlia e motivos de mosaico, que captam a ess\u00eancia art\u00edstica de Gaud\u00ed. A base de madeira \u00e9 real\u00e7ada com detalhes em vermelho, azul e verde, criando um acess\u00f3rio atraente e \u00fanico, perfeito para recordar a beleza de Barcelona.<\/p>\n","protected":false},"featured_media":10530,"template":"","meta":{"_acf_changed":false},"product_brand":[],"product_cat":[611],"product_tag":[612],"class_list":{"0":"post-33157","1":"product","2":"type-product","3":"status-publish","4":"has-post-thumbnail","6":"product_cat-porta-chaves","7":"product_tag-cartas","8":"pa_ciudad-barcelona","9":"pa_motivo-letra-s","10":"pa_pais-espana","12":"first","13":"instock","14":"shipping-taxable","15":"product-type-simple"},"acf":[],"_links":{"self":[{"href":"https:\/\/olemosaic.com\/pt-pt\/wp-json\/wp\/v2\/product\/33157","targetHints":{"allow":["GET"]}}],"collection":[{"href":"https:\/\/olemosaic.com\/pt-pt\/wp-json\/wp\/v2\/product"}],"about":[{"href":"https:\/\/olemosaic.com\/pt-pt\/wp-json\/wp\/v2\/types\/product"}],"wp:featuredmedia":[{"embeddable":true,"href":"https:\/\/olemosaic.com\/pt-pt\/wp-json\/wp\/v2\/media\/10530"}],"wp:attachment":[{"href":"https:\/\/olemosaic.com\/pt-pt\/wp-json\/wp\/v2\/media?parent=33157"}],"wp:term":[{"taxonomy":"product_brand","embeddable":true,"href":"https:\/\/olemosaic.com\/pt-pt\/wp-json\/wp\/v2\/product_brand?post=33157"},{"taxonomy":"product_cat","embeddable":true,"href":"https:\/\/olemosaic.com\/pt-pt\/wp-json\/wp\/v2\/product_cat?post=33157"},{"taxonomy":"product_tag","embeddable":true,"href":"https:\/\/olemosaic.com\/pt-pt\/wp-json\/wp\/v2\/product_tag?post=33157"}],"curies":[{"name":"wp","href":"https:\/\/api.w.org\/{rel}","templated":true}]}}