{"id":33156,"date":"2025-02-20T22:33:08","date_gmt":"2025-02-20T22:33:08","guid":{"rendered":"http:\/\/olemosaic.com\/producto\/llavero-de-madera-letra-s-barcelona\/"},"modified":"2025-07-25T18:50:08","modified_gmt":"2025-07-25T16:50:08","slug":"porta-chaves-de-madeira-letra-s-barcelona","status":"publish","type":"product","link":"https:\/\/olemosaic.com\/pt-pt\/produto\/porta-chaves-de-madeira-letra-s-barcelona\/","title":{"rendered":"Porta-chaves de madeira. Letra S. Barcelona."},"content":{"rendered":"<p>Este porta-chaves de madeira com a forma da letra &#8220;S&#8221; \u00e9 uma recorda\u00e7\u00e3o encantadora que evoca a ess\u00eancia de Barcelona. Concebido com uma representa\u00e7\u00e3o vibrante da emblem\u00e1tica Sagrada Fam\u00edlia, este acess\u00f3rio destaca-se pela sua arte intrincada que capta as majestosas torres e os mosaicos coloridos que tornam famosa esta obra-prima do arquiteto Antoni Gaud\u00ed. Os tons quentes que predominam na sua ilustra\u00e7\u00e3o refletem a luminosidade e a energia que se sente ao passear pelas ruas desta apaixonante cidade catal\u00e3.<\/p>\n<p>Fabricado em madeira, o porta-chaves combina leveza e resist\u00eancia, o que o torna uma recorda\u00e7\u00e3o pr\u00e1tica e duradoura para levar um pedacinho de Barcelona sempre consigo. A forma da letra &#8220;S&#8221; acrescenta um toque pessoal que o torna ideal tanto para locais como para turistas que desejam uma recorda\u00e7\u00e3o aut\u00eantica da sua visita. Este porta-chaves n\u00e3o \u00e9 apenas um objeto utilit\u00e1rio, mas um s\u00edmbolo da rica heran\u00e7a cultural e arquitet\u00f3nica de Barcelona, o que o torna um atrativo seguro para quem procura recorda\u00e7\u00f5es de qualidade.<\/p>\n<p>Na Ol\u00e9 Mosaic, somos especialistas na distribui\u00e7\u00e3o de recorda\u00e7\u00f5es por grosso, oferecendo artigos que representam a riqueza cultural das cidades espanholas. Este porta-chaves de madeira \u00e9 uma excelente op\u00e7\u00e3o para lojas de presentes tur\u00edsticos que procuram oferecer produtos aut\u00eanticos e representativos da singularidade de Barcelona. Como grossistas de recorda\u00e7\u00f5es, garantimos a autenticidade e o design atrativo de cada pe\u00e7a, perfeitas para capturar momentos especiais.<\/p>\n","protected":false},"excerpt":{"rendered":"<p>Porta-chaves de madeira com a forma da letra &#8220;S&#8221;, inspirado em Barcelona. Este atraente porta-chaves apresenta um design vibrante com ilustra\u00e7\u00f5es da Sagrada Fam\u00edlia, com as suas torres e mosaicos coloridos, numa combina\u00e7\u00e3o de tons quentes e detalhes art\u00edsticos. Fabricado em madeira, \u00e9 uma recorda\u00e7\u00e3o leve e resistente que capta a ess\u00eancia do modernismo catal\u00e3o, ideal para levar um pedacinho de Barcelona consigo.<\/p>\n","protected":false},"featured_media":10504,"template":"","meta":{"_acf_changed":false},"product_brand":[],"product_cat":[611],"product_tag":[612],"class_list":{"0":"post-33156","1":"product","2":"type-product","3":"status-publish","4":"has-post-thumbnail","6":"product_cat-porta-chaves","7":"product_tag-cartas","8":"pa_ciudad-barcelona","9":"pa_motivo-letra-s","10":"pa_pais-espana","12":"first","13":"instock","14":"shipping-taxable","15":"product-type-simple"},"acf":[],"_links":{"self":[{"href":"https:\/\/olemosaic.com\/pt-pt\/wp-json\/wp\/v2\/product\/33156","targetHints":{"allow":["GET"]}}],"collection":[{"href":"https:\/\/olemosaic.com\/pt-pt\/wp-json\/wp\/v2\/product"}],"about":[{"href":"https:\/\/olemosaic.com\/pt-pt\/wp-json\/wp\/v2\/types\/product"}],"wp:featuredmedia":[{"embeddable":true,"href":"https:\/\/olemosaic.com\/pt-pt\/wp-json\/wp\/v2\/media\/10504"}],"wp:attachment":[{"href":"https:\/\/olemosaic.com\/pt-pt\/wp-json\/wp\/v2\/media?parent=33156"}],"wp:term":[{"taxonomy":"product_brand","embeddable":true,"href":"https:\/\/olemosaic.com\/pt-pt\/wp-json\/wp\/v2\/product_brand?post=33156"},{"taxonomy":"product_cat","embeddable":true,"href":"https:\/\/olemosaic.com\/pt-pt\/wp-json\/wp\/v2\/product_cat?post=33156"},{"taxonomy":"product_tag","embeddable":true,"href":"https:\/\/olemosaic.com\/pt-pt\/wp-json\/wp\/v2\/product_tag?post=33156"}],"curies":[{"name":"wp","href":"https:\/\/api.w.org\/{rel}","templated":true}]}}