{"id":33149,"date":"2025-02-20T23:33:08","date_gmt":"2025-02-20T22:33:08","guid":{"rendered":"http:\/\/olemosaic.com\/producto\/llavero-de-madera-letra-o-barcelona\/"},"modified":"2025-07-25T18:46:22","modified_gmt":"2025-07-25T16:46:22","slug":"porta-chaves-de-madeira-letra-o-barcelona","status":"publish","type":"product","link":"https:\/\/olemosaic.com\/pt-pt\/produto\/porta-chaves-de-madeira-letra-o-barcelona\/","title":{"rendered":"Porta-chaves de madeira. Letra O. Barcelona."},"content":{"rendered":"<p>Este porta-chaves de madeira com a forma da letra &#8220;O&#8221; \u00e9 uma homenagem fascinante \u00e0 vibrante Barcelona, perfeito para quem deseja levar um pedacinho da sua magia no seu dia a dia. O design \u00fanico deste porta-chaves apresenta a majestosa Sagrada Fam\u00edlia, com as suas inconfund\u00edveis torres que se erguem em dire\u00e7\u00e3o ao c\u00e9u, juntamente com o famoso drag\u00e3o do Parque G\u00fcell, uma obra ic\u00f3nica do genial arquiteto Antoni Gaud\u00ed. Ambos os elementos est\u00e3o meticulosamente ilustrados com cores vivas e detalhes pintados \u00e0 m\u00e3o, que refletem a ess\u00eancia da arquitetura modernista e o esp\u00edrito ecl\u00e9tico da cidade.<\/p>\n<p>O porta-chaves \u00e9 fabricado em madeira de alta qualidade, lo que lhe confere um car\u00e1ter natural e aut\u00eantico, refor\u00e7ando o seu valor como recorda\u00e7\u00e3o representativa. A letra &#8220;O&#8221; n\u00e3o s\u00f3 simboliza a liga\u00e7\u00e3o com Barcelona, como tamb\u00e9m adiciona um toque pessoal que o torna um presente ideal, tanto para turistas como para residentes apaixonados pela sua cidade. Esta recorda\u00e7\u00e3o de Barcelona \u00e9 perfeita para quem procura uma lembran\u00e7a duradoura que capture a beleza e a hist\u00f3ria da capital catal\u00e3.<\/p>\n<p>Na Ol\u00e9 Mosaic, o nosso compromisso \u00e9 oferecer produtos aut\u00eanticos e representativos, selecionando recorda\u00e7\u00f5es que realcem a riqueza cultural de cada regi\u00e3o. Este porta-chaves \u00e9 uma excelente op\u00e7\u00e3o para lojas de presentes tur\u00edsticos que desejem oferecer artigos \u00fanicos e atraentes, ideais para viajantes que procuram recorda\u00e7\u00f5es significativas. Como grossistas de porta-chaves, garantimos qualidade e criatividade em cada pe\u00e7a, fazendo deste porta-chaves uma excelente escolha para qualquer amante de Barcelona.<\/p>\n","protected":false},"excerpt":{"rendered":"<p>Porta-chaves de madeira com a forma da letra &#8220;O&#8221;, inspirado na vibrante cidade de Barcelona. Este design \u00fanico apresenta a emblem\u00e1tica Sagrada Fam\u00edlia e o famoso drag\u00e3o do Park G\u00fcell, tudo ilustrado com cores brilhantes e detalhes pintados \u00e0 m\u00e3o. A combina\u00e7\u00e3o de elementos arquitect\u00f3nicos e culturais da cidade torna-o uma recorda\u00e7\u00e3o perfeita, ideal para os amantes da obra de Gaud\u00ed e da ess\u00eancia barcelonesa.<\/p>\n","protected":false},"featured_media":10500,"template":"","meta":{"_acf_changed":false},"product_brand":[],"product_cat":[611],"product_tag":[612],"class_list":{"0":"post-33149","1":"product","2":"type-product","3":"status-publish","4":"has-post-thumbnail","6":"product_cat-porta-chaves","7":"product_tag-cartas","8":"pa_ciudad-barcelona","9":"pa_motivo-letra-o","10":"pa_pais-espana","12":"first","13":"instock","14":"shipping-taxable","15":"product-type-simple"},"acf":[],"_links":{"self":[{"href":"https:\/\/olemosaic.com\/pt-pt\/wp-json\/wp\/v2\/product\/33149","targetHints":{"allow":["GET"]}}],"collection":[{"href":"https:\/\/olemosaic.com\/pt-pt\/wp-json\/wp\/v2\/product"}],"about":[{"href":"https:\/\/olemosaic.com\/pt-pt\/wp-json\/wp\/v2\/types\/product"}],"wp:featuredmedia":[{"embeddable":true,"href":"https:\/\/olemosaic.com\/pt-pt\/wp-json\/wp\/v2\/media\/10500"}],"wp:attachment":[{"href":"https:\/\/olemosaic.com\/pt-pt\/wp-json\/wp\/v2\/media?parent=33149"}],"wp:term":[{"taxonomy":"product_brand","embeddable":true,"href":"https:\/\/olemosaic.com\/pt-pt\/wp-json\/wp\/v2\/product_brand?post=33149"},{"taxonomy":"product_cat","embeddable":true,"href":"https:\/\/olemosaic.com\/pt-pt\/wp-json\/wp\/v2\/product_cat?post=33149"},{"taxonomy":"product_tag","embeddable":true,"href":"https:\/\/olemosaic.com\/pt-pt\/wp-json\/wp\/v2\/product_tag?post=33149"}],"curies":[{"name":"wp","href":"https:\/\/api.w.org\/{rel}","templated":true}]}}