{"id":33147,"date":"2025-02-20T23:33:07","date_gmt":"2025-02-20T22:33:07","guid":{"rendered":"http:\/\/olemosaic.com\/producto\/llavero-de-madera-letra-m-sevilla\/"},"modified":"2025-07-25T18:35:01","modified_gmt":"2025-07-25T16:35:01","slug":"porta-chaves-de-madeira-letra-m-sevilha","status":"publish","type":"product","link":"https:\/\/olemosaic.com\/pt-pt\/produto\/porta-chaves-de-madeira-letra-m-sevilha\/","title":{"rendered":"Porta-chaves de madeira. Letra M. Sevilha."},"content":{"rendered":"<p>Este porta-chaves de madeira com a forma da letra &#8220;M&#8221; \u00e9 uma recorda\u00e7\u00e3o encantadora que captura a ess\u00eancia de Sevilha, com um design que destaca os s\u00edmbolos mais emblem\u00e1ticos desta vibrante cidade andaluza. Pintado \u00e0 m\u00e3o com cores vivas, o porta-chaves apresenta ilustra\u00e7\u00f5es da majestosa Catedral de Santa Maria e do tradicional Alc\u00e1zar, emoldurados por palmeiras e uma carruagem puxada por cavalos, elementos que evocam o ambiente festivo e a rica hist\u00f3ria da regi\u00e3o. A letra &#8220;M&#8221;, al\u00e9m de personalizar o acess\u00f3rio, simboliza o car\u00e1ter \u00fanico de Sevilha, tornando este porta-chaves uma recorda\u00e7\u00e3o significativa para quem visitou a cidade.<\/p>\n<p>O contraste do seu design, complementado com detalhes de mosaico que refletem as influ\u00eancias art\u00edsticas da zona, cria uma pe\u00e7a que n\u00e3o s\u00f3 \u00e9 pr\u00e1tica, mas tamb\u00e9m uma aut\u00eantica representa\u00e7\u00e3o do patrim\u00f3nio cultural sevilhano. Este porta-chaves n\u00e3o serve apenas como um \u00fatil organizador de chaves, mas \u00e9 tamb\u00e9m uma excelente ideia para turistas que procuram recorda\u00e7\u00f5es de Sevilha verdadeiramente \u00fanicas e representativas. Na Ol\u00e9 Mosaic, somos grossistas de produtos artesanais, oferecendo este porta-chaves como uma op\u00e7\u00e3o ideal para lojas de presentes tur\u00edsticos, garantindo autenticidade e qualidade em cada pe\u00e7a.<\/p>\n","protected":false},"excerpt":{"rendered":"<p>Porta-chaves de madeira com a forma da letra &#8220;M&#8221;, que representa a ess\u00eancia de Sevilha. Este chamativo porta-chaves apresenta uma ilustra\u00e7\u00e3o colorida com elementos emblem\u00e1ticos da cidade, como o Alc\u00e1zar e uma carruagem tradicional puxada por cavalos. Pintado com estilo artesanal com cores vivas, destaca-se o contraste do seu design com detalhes de mosaico, que evocam a rica cultura andaluza. Uma recorda\u00e7\u00e3o ideal para evocar o encanto de Sevilha.<\/p>\n","protected":false},"featured_media":10897,"template":"","meta":{"_acf_changed":false},"product_brand":[],"product_cat":[611],"product_tag":[516,612],"class_list":{"0":"post-33147","1":"product","2":"type-product","3":"status-publish","4":"has-post-thumbnail","6":"product_cat-porta-chaves","7":"product_tag-animais","8":"product_tag-cartas","9":"pa_ciudad-sevilla","10":"pa_motivo-letra-m","11":"pa_pais-espana","13":"first","14":"instock","15":"shipping-taxable","16":"product-type-simple"},"acf":[],"_links":{"self":[{"href":"https:\/\/olemosaic.com\/pt-pt\/wp-json\/wp\/v2\/product\/33147","targetHints":{"allow":["GET"]}}],"collection":[{"href":"https:\/\/olemosaic.com\/pt-pt\/wp-json\/wp\/v2\/product"}],"about":[{"href":"https:\/\/olemosaic.com\/pt-pt\/wp-json\/wp\/v2\/types\/product"}],"wp:featuredmedia":[{"embeddable":true,"href":"https:\/\/olemosaic.com\/pt-pt\/wp-json\/wp\/v2\/media\/10897"}],"wp:attachment":[{"href":"https:\/\/olemosaic.com\/pt-pt\/wp-json\/wp\/v2\/media?parent=33147"}],"wp:term":[{"taxonomy":"product_brand","embeddable":true,"href":"https:\/\/olemosaic.com\/pt-pt\/wp-json\/wp\/v2\/product_brand?post=33147"},{"taxonomy":"product_cat","embeddable":true,"href":"https:\/\/olemosaic.com\/pt-pt\/wp-json\/wp\/v2\/product_cat?post=33147"},{"taxonomy":"product_tag","embeddable":true,"href":"https:\/\/olemosaic.com\/pt-pt\/wp-json\/wp\/v2\/product_tag?post=33147"}],"curies":[{"name":"wp","href":"https:\/\/api.w.org\/{rel}","templated":true}]}}