{"id":33146,"date":"2025-02-20T22:33:07","date_gmt":"2025-02-20T22:33:07","guid":{"rendered":"http:\/\/olemosaic.com\/producto\/llavero-de-madera-letra-m-mosaico\/"},"modified":"2025-07-25T19:13:50","modified_gmt":"2025-07-25T17:13:50","slug":"porta-chaves-de-madeira-letra-m-mosaico","status":"publish","type":"product","link":"https:\/\/olemosaic.com\/pt-pt\/produto\/porta-chaves-de-madeira-letra-m-mosaico\/","title":{"rendered":"Porta-chaves de madeira. Letra M. Mosaico."},"content":{"rendered":"<p>Este porta-chaves de madeira com a forma da letra &#8220;M&#8221; \u00e9 uma aut\u00eantica homenagem \u00e0 rica tradi\u00e7\u00e3o da arte do mosaico, um s\u00edmbolo vibrante da cultura espanhola. O seu design cativante apresenta uma mistura de cores como o vermelho, azul, verde e amarelo, que se entrela\u00e7am num padr\u00e3o din\u00e2mico e atraente. Este porta-chaves n\u00e3o \u00e9 apenas uma ferramenta pr\u00e1tica para manter as suas chaves organizadas, mas tamb\u00e9m uma recorda\u00e7\u00e3o fascinante que encapsula a ess\u00eancia do folclore espanhol.<\/p>\n<p>O acabamento cuidadosamente trabalhado deste porta-chaves real\u00e7a a aten\u00e7\u00e3o ao detalhe e a criatividade que caracteriza o artesanato local. A letra &#8220;M&#8221; pode ser uma refer\u00eancia pessoal ou uma inicial que adiciona um toque de personaliza\u00e7\u00e3o \u00e0 recorda\u00e7\u00e3o, tornando-a um presente \u00fanico e significativo. Al\u00e9m disso, a sua leveza e durabilidade tornam-no ideal para o uso di\u00e1rio, permitindo que os viajantes levem um pedacinho de Espanha consigo em cada aventura.<\/p>\n<p>Na Ol\u00e9 Mosaic, orgulhamo-nos de oferecer recorda\u00e7\u00f5es aut\u00eanticas que refletem a cultura e a hist\u00f3ria de Espanha. Este porta-chaves de mosaico \u00e9 perfeito para turistas que procuram uma lembran\u00e7a representativa e distintiva, ideal para lojas de presentes tur\u00edsticos que desejem oferecer produtos com valor cultural. Como grossistas de recorda\u00e7\u00f5es, garantimos qualidade e originalidade em cada uma das nossas pe\u00e7as, fazendo deste porta-chaves um excelente artigo para o seu neg\u00f3cio.<\/p>\n","protected":false},"excerpt":{"rendered":"<p>Porta-chaves de madeira com a forma da letra &#8220;M&#8221;, decorado com um design vibrante de mosaico que combina cores como vermelho, azul, verde e amarelo. Este porta-chaves, que evoca a rica tradi\u00e7\u00e3o da arte musiva, \u00e9 um artigo distintivo e atraente para quem procura uma recorda\u00e7\u00e3o \u00fanica. O seu acabamento artesanal real\u00e7a a criatividade e o folclore espanhol, tornando-o um presente ideal ou uma recorda\u00e7\u00e3o pessoal.<\/p>\n","protected":false},"featured_media":10763,"template":"","meta":{"_acf_changed":false},"product_brand":[],"product_cat":[611],"product_tag":[612],"class_list":{"0":"post-33146","1":"product","2":"type-product","3":"status-publish","4":"has-post-thumbnail","6":"product_cat-porta-chaves","7":"product_tag-cartas","8":"pa_motivo-letra-m","10":"first","11":"instock","12":"shipping-taxable","13":"product-type-simple"},"acf":[],"_links":{"self":[{"href":"https:\/\/olemosaic.com\/pt-pt\/wp-json\/wp\/v2\/product\/33146","targetHints":{"allow":["GET"]}}],"collection":[{"href":"https:\/\/olemosaic.com\/pt-pt\/wp-json\/wp\/v2\/product"}],"about":[{"href":"https:\/\/olemosaic.com\/pt-pt\/wp-json\/wp\/v2\/types\/product"}],"wp:featuredmedia":[{"embeddable":true,"href":"https:\/\/olemosaic.com\/pt-pt\/wp-json\/wp\/v2\/media\/10763"}],"wp:attachment":[{"href":"https:\/\/olemosaic.com\/pt-pt\/wp-json\/wp\/v2\/media?parent=33146"}],"wp:term":[{"taxonomy":"product_brand","embeddable":true,"href":"https:\/\/olemosaic.com\/pt-pt\/wp-json\/wp\/v2\/product_brand?post=33146"},{"taxonomy":"product_cat","embeddable":true,"href":"https:\/\/olemosaic.com\/pt-pt\/wp-json\/wp\/v2\/product_cat?post=33146"},{"taxonomy":"product_tag","embeddable":true,"href":"https:\/\/olemosaic.com\/pt-pt\/wp-json\/wp\/v2\/product_tag?post=33146"}],"curies":[{"name":"wp","href":"https:\/\/api.w.org\/{rel}","templated":true}]}}