{"id":33139,"date":"2025-02-20T22:33:07","date_gmt":"2025-02-20T22:33:07","guid":{"rendered":"http:\/\/olemosaic.com\/producto\/llavero-de-madera-letra-l-barcelona\/"},"modified":"2025-07-25T18:44:58","modified_gmt":"2025-07-25T16:44:58","slug":"porta-chaves-de-madeira-letra-l-barcelona","status":"publish","type":"product","link":"https:\/\/olemosaic.com\/pt-pt\/produto\/porta-chaves-de-madeira-letra-l-barcelona\/","title":{"rendered":"Porta-chaves de madeira. Letra L. Barcelona."},"content":{"rendered":"<p>Este porta-chaves de madeira com a forma da letra &#8220;L&#8221; \u00e9 uma recorda\u00e7\u00e3o encantadora que captura a ess\u00eancia de Barcelona, famosa pela sua arquitetura vibrante e inovadora. O design destaca a ic\u00f3nica Sagrada Fam\u00edlia, cujo impressionante fundo mostra as suas torres multicoloridas e detalhes art\u00edsticos em cer\u00e2mica, enfatizando a riqueza cultural e a criatividade que caracteriza a Cidade Condal. A letra &#8220;L&#8221; est\u00e1 decorada com motivos que evocam a ess\u00eancia de Barcelona, integrando elementos do seu folclore e tradi\u00e7\u00f5es.<\/p>\n<p>Este porta-chaves n\u00e3o \u00e9 apenas uma ferramenta pr\u00e1tica para manter as suas chaves organizadas, mas tamb\u00e9m atua como uma pe\u00e7a decorativa e um lembrete tang\u00edvel da majestosidade arquitet\u00f3nica da cidade. A sua pintura vibrante e rica em detalhes \u00e9 resultado de um cuidado artesanato, garantindo que cada porta-chaves seja \u00fanico e aut\u00eantico, refletindo a identidade cultural barcelonesa.<\/p>\n<p>Ideal como recorda\u00e7\u00e3o ou presente, este porta-chaves \u00e9 perfeito para turistas que procuram um souvenir representativo da sua visita a Barcelona. Na Ol\u00e9 Mosaic, especializamo-nos na distribui\u00e7\u00e3o de souvenirs por grosso, e este porta-chaves de Barcelona \u00e9 uma excelente adi\u00e7\u00e3o para comerciantes que desejem oferecer produtos aut\u00eanticos e de qualidade. Como grossistas de souvenirs, asseguramos o design e o artesanato em cada um dos nossos artigos, destacando a singularidade de cada pe\u00e7a.<\/p>\n","protected":false},"excerpt":{"rendered":"<p>Porta-chaves de madeira com a letra &#8220;L&#8221;, inspirado na arquitetura de Barcelona. Este chamativo porta-chaves apresenta um design vibrante com a Sagrada Fam\u00edlia ao fundo, destacando as suas torres multicoloridas e detalhes art\u00edsticos em cer\u00e2mica. A letra &#8220;L&#8221; est\u00e1 adornada com motivos que refletem a ess\u00eancia cultural da cidade. Ideal como souvenir ou presente, este porta-chaves \u00e9 uma representa\u00e7\u00e3o \u00fanica do patrim\u00f3nio barcelon\u00eas.<\/p>\n","protected":false},"featured_media":10497,"template":"","meta":{"_acf_changed":false},"product_brand":[],"product_cat":[611],"product_tag":[612],"class_list":{"0":"post-33139","1":"product","2":"type-product","3":"status-publish","4":"has-post-thumbnail","6":"product_cat-porta-chaves","7":"product_tag-cartas","8":"pa_ciudad-barcelona","9":"pa_motivo-letra-l","10":"pa_pais-espana","12":"first","13":"instock","14":"shipping-taxable","15":"product-type-simple"},"acf":[],"_links":{"self":[{"href":"https:\/\/olemosaic.com\/pt-pt\/wp-json\/wp\/v2\/product\/33139","targetHints":{"allow":["GET"]}}],"collection":[{"href":"https:\/\/olemosaic.com\/pt-pt\/wp-json\/wp\/v2\/product"}],"about":[{"href":"https:\/\/olemosaic.com\/pt-pt\/wp-json\/wp\/v2\/types\/product"}],"wp:featuredmedia":[{"embeddable":true,"href":"https:\/\/olemosaic.com\/pt-pt\/wp-json\/wp\/v2\/media\/10497"}],"wp:attachment":[{"href":"https:\/\/olemosaic.com\/pt-pt\/wp-json\/wp\/v2\/media?parent=33139"}],"wp:term":[{"taxonomy":"product_brand","embeddable":true,"href":"https:\/\/olemosaic.com\/pt-pt\/wp-json\/wp\/v2\/product_brand?post=33139"},{"taxonomy":"product_cat","embeddable":true,"href":"https:\/\/olemosaic.com\/pt-pt\/wp-json\/wp\/v2\/product_cat?post=33139"},{"taxonomy":"product_tag","embeddable":true,"href":"https:\/\/olemosaic.com\/pt-pt\/wp-json\/wp\/v2\/product_tag?post=33139"}],"curies":[{"name":"wp","href":"https:\/\/api.w.org\/{rel}","templated":true}]}}