{"id":33138,"date":"2025-02-20T23:33:07","date_gmt":"2025-02-20T22:33:07","guid":{"rendered":"http:\/\/olemosaic.com\/producto\/llavero-de-madera-letra-h\/"},"modified":"2025-07-25T18:49:03","modified_gmt":"2025-07-25T16:49:03","slug":"porta-chaves-de-madeira-letra-h","status":"publish","type":"product","link":"https:\/\/olemosaic.com\/pt-pt\/produto\/porta-chaves-de-madeira-letra-h\/","title":{"rendered":"Porta-chaves de madeira. Letra H."},"content":{"rendered":"<p>Este porta-chaves de madeira com a forma de &#8220;H&#8221; \u00e9 uma pe\u00e7a encantadora que captura o esp\u00edrito vibrante da arquitetura modernista de Barcelona, inspirando-se no ic\u00f3nico estilo trencad\u00eds de Antoni Gaud\u00ed. O seu design decorativo apresenta uma combina\u00e7\u00e3o fascinante de mosaicos em tons de vermelho, azul, amarelo e preto, evocando a riqueza crom\u00e1tica que caracteriza as obras do famoso arquiteto catal\u00e3o. O acabamento brilhante real\u00e7a as cores e os detalhes art\u00edsticos, fazendo deste porta-chaves um objeto n\u00e3o s\u00f3 funcional, mas tamb\u00e9m uma express\u00e3o de criatividade e cultura que leva a magia de Barcelona ao seu dia a dia.<\/p>\n<p>O porta-chaves \u00e9 perfeito para quem procura um souvenir aut\u00eantico e significativo que reflita a ess\u00eancia da cidade. Este artigo n\u00e3o \u00e9 apenas um lembrete da sua visita a Barcelona, mas tamb\u00e9m uma declara\u00e7\u00e3o de estilo que mostra a beleza da arte e do design inovador da regi\u00e3o. Na Ol\u00e9 Mosaic, dedicados \u00e0 distribui\u00e7\u00e3o de souvenirs por grosso, este porta-chaves de madeira \u00e9 uma excelente op\u00e7\u00e3o para lojas de presentes tur\u00edsticos que desejem oferecer produtos que realcem o patrim\u00f3nio cultural espanhol. Com o nosso compromisso de autenticidade e qualidade, garantimos que cada souvenir, como este porta-chaves de trencad\u00eds, seja uma recorda\u00e7\u00e3o especial e representativa de Barcelona.<\/p>\n","protected":false},"excerpt":{"rendered":"<p>Porta-chaves de madeira com a forma da letra H, inspirado no vibrante estilo trencad\u00eds de Gaud\u00ed. Este colorido porta-chaves apresenta um design decorativo que combina mosaicos em tons de vermelho, azul, amarelo e preto, evocando os emblem\u00e1ticos elementos arquitet\u00f3nicos de Barcelona. Com um acabamento brilhante e detalhes art\u00edsticos, \u00e9 um souvenir ideal para quem procura um toque de cultura e criatividade no seu dia a dia.<\/p>\n","protected":false},"featured_media":10927,"template":"","meta":{"_acf_changed":false},"product_brand":[],"product_cat":[611],"product_tag":[612],"class_list":{"0":"post-33138","1":"product","2":"type-product","3":"status-publish","4":"has-post-thumbnail","6":"product_cat-porta-chaves","7":"product_tag-cartas","8":"pa_motivo-letra-h","10":"first","11":"instock","12":"shipping-taxable","13":"product-type-simple"},"acf":[],"_links":{"self":[{"href":"https:\/\/olemosaic.com\/pt-pt\/wp-json\/wp\/v2\/product\/33138","targetHints":{"allow":["GET"]}}],"collection":[{"href":"https:\/\/olemosaic.com\/pt-pt\/wp-json\/wp\/v2\/product"}],"about":[{"href":"https:\/\/olemosaic.com\/pt-pt\/wp-json\/wp\/v2\/types\/product"}],"wp:featuredmedia":[{"embeddable":true,"href":"https:\/\/olemosaic.com\/pt-pt\/wp-json\/wp\/v2\/media\/10927"}],"wp:attachment":[{"href":"https:\/\/olemosaic.com\/pt-pt\/wp-json\/wp\/v2\/media?parent=33138"}],"wp:term":[{"taxonomy":"product_brand","embeddable":true,"href":"https:\/\/olemosaic.com\/pt-pt\/wp-json\/wp\/v2\/product_brand?post=33138"},{"taxonomy":"product_cat","embeddable":true,"href":"https:\/\/olemosaic.com\/pt-pt\/wp-json\/wp\/v2\/product_cat?post=33138"},{"taxonomy":"product_tag","embeddable":true,"href":"https:\/\/olemosaic.com\/pt-pt\/wp-json\/wp\/v2\/product_tag?post=33138"}],"curies":[{"name":"wp","href":"https:\/\/api.w.org\/{rel}","templated":true}]}}