{"id":33137,"date":"2025-02-20T22:33:07","date_gmt":"2025-02-20T22:33:07","guid":{"rendered":"http:\/\/olemosaic.com\/producto\/llavero-de-madera-letra-g\/"},"modified":"2025-07-25T20:25:39","modified_gmt":"2025-07-25T18:25:39","slug":"porta-chaves-de-madeira-letra-g","status":"publish","type":"product","link":"https:\/\/olemosaic.com\/pt-pt\/produto\/porta-chaves-de-madeira-letra-g\/","title":{"rendered":"Porta-chaves de madeira. Letra G."},"content":{"rendered":"<p>Este porta-chaves de madeira com a forma da letra &#8220;G&#8221; \u00e9 uma representa\u00e7\u00e3o vibrante da arte e da cultura espanhola, perfeito como recorda\u00e7\u00e3o ou presente personalizado. Elaborado com madeira de alta qualidade, este porta-chaves oferece uma encantadora mistura de cores e padr\u00f5es tradicionais que evocam a ess\u00eancia dos mosaicos andaluzes. A letra &#8220;G&#8221; est\u00e1 decorada com um mosaico colorido em tons de vermelho, azul e cinzento, que destaca as formas e designs intrincados t\u00edpicos da cer\u00e2mica espanhola, conhecida pela sua riqueza visual e cultural.<\/p>\n<p>O acabamento leve e duradouro deste porta-chaves torna-o ideal para manter as suas chaves organizadas com um toque art\u00edstico, assegurando que o acompanhe no seu dia a dia. O seu design n\u00e3o s\u00f3 o torna um acess\u00f3rio funcional, mas tamb\u00e9m uma recorda\u00e7\u00e3o significativa de uma viagem a Espanha, evocando a hist\u00f3ria e a tradi\u00e7\u00e3o dos seus designs artesanais. Este porta-chaves \u00e9 uma excelente op\u00e7\u00e3o para quem procura um lembrete da sua experi\u00eancia em Espanha, sendo tamb\u00e9m um presente ideal para amigos e familiares. Na Ol\u00e9 Mosaic, somos distribuidores de porta-chaves por grosso, oferecendo produtos aut\u00eanticos e representativos da cultura espanhola que encantam turistas e colecionadores por igual.<\/p>\n","protected":false},"excerpt":{"rendered":"<p>Porta-chaves de madeira com a letra &#8220;G&#8221;, decorado com um mosaico colorido inspirado na arte e na cultura espanholas. Este atraente porta-chaves apresenta uma mistura de padr\u00f5es em tons de vermelho, azul e cinzento, que capturam a ess\u00eancia do design tradicional. Fabricado em madeira, oferece um acabamento leve e duradouro, ideal para manter as suas chaves organizadas com um toque art\u00edstico e pessoal. Perfeito como recorda\u00e7\u00e3o ou presente.<\/p>\n","protected":false},"featured_media":9597,"template":"","meta":{"_acf_changed":false},"product_brand":[],"product_cat":[611],"product_tag":[612],"class_list":{"0":"post-33137","1":"product","2":"type-product","3":"status-publish","4":"has-post-thumbnail","6":"product_cat-porta-chaves","7":"product_tag-cartas","8":"pa_motivo-letra-g","10":"first","11":"instock","12":"shipping-taxable","13":"product-type-simple"},"acf":[],"_links":{"self":[{"href":"https:\/\/olemosaic.com\/pt-pt\/wp-json\/wp\/v2\/product\/33137","targetHints":{"allow":["GET"]}}],"collection":[{"href":"https:\/\/olemosaic.com\/pt-pt\/wp-json\/wp\/v2\/product"}],"about":[{"href":"https:\/\/olemosaic.com\/pt-pt\/wp-json\/wp\/v2\/types\/product"}],"wp:featuredmedia":[{"embeddable":true,"href":"https:\/\/olemosaic.com\/pt-pt\/wp-json\/wp\/v2\/media\/9597"}],"wp:attachment":[{"href":"https:\/\/olemosaic.com\/pt-pt\/wp-json\/wp\/v2\/media?parent=33137"}],"wp:term":[{"taxonomy":"product_brand","embeddable":true,"href":"https:\/\/olemosaic.com\/pt-pt\/wp-json\/wp\/v2\/product_brand?post=33137"},{"taxonomy":"product_cat","embeddable":true,"href":"https:\/\/olemosaic.com\/pt-pt\/wp-json\/wp\/v2\/product_cat?post=33137"},{"taxonomy":"product_tag","embeddable":true,"href":"https:\/\/olemosaic.com\/pt-pt\/wp-json\/wp\/v2\/product_tag?post=33137"}],"curies":[{"name":"wp","href":"https:\/\/api.w.org\/{rel}","templated":true}]}}