{"id":33136,"date":"2025-02-20T22:33:06","date_gmt":"2025-02-20T22:33:06","guid":{"rendered":"http:\/\/olemosaic.com\/producto\/llavero-de-madera-letra-g-barcelona\/"},"modified":"2025-07-25T18:46:37","modified_gmt":"2025-07-25T16:46:37","slug":"porta-chaves-de-madeira-letra-g-barcelona","status":"publish","type":"product","link":"https:\/\/olemosaic.com\/pt-pt\/produto\/porta-chaves-de-madeira-letra-g-barcelona\/","title":{"rendered":"Porta-chaves de madeira. Letra G. Barcelona."},"content":{"rendered":"<p>Este porta-chaves de madeira com a forma da letra &#8220;G&#8221; \u00e9 uma aut\u00eantica homenagem \u00e0 emblem\u00e1tica cidade de Barcelona, capturando no seu design os monumentos ic\u00f3nicos que adornam a urbe. Elaborado em madeira de qualidade, o porta-chaves apresenta uma ilustra\u00e7\u00e3o vibrante e detalhada da famosa Sagrada Fam\u00edlia, entre outros elementos arquitet\u00f3nicos que refletem a rica est\u00e9tica modernista da cidade. Decorado com intrincados motivos de mosaico, as cores intensas e o acabamento cuidado do porta-chaves conferem uma sensa\u00e7\u00e3o de calor e autenticidade.<\/p>\n<p>O design inclui toques de azul, vermelho e amarelo, evocando o famoso Parque G\u00fcell e a diversidade cultural de Barcelona. Esta recorda\u00e7\u00e3o n\u00e3o \u00e9 apenas um artigo pr\u00e1tico para levar as chaves, mas torna-se tamb\u00e9m um lembrete constante da beleza e da arquitetura inovadora que define a cidade. Na Ol\u00e9 Mosaic, oferecemos produtos que celebram o patrim\u00f3nio cultural espanhol, e este porta-chaves \u00e9 uma excelente op\u00e7\u00e3o para turistas que procuram recorda\u00e7\u00f5es representativas. Al\u00e9m disso, como distribuidores de souvenirs por grosso, garantimos qualidade e um design atrativo, perfeito para lojas de presentes tur\u00edsticos que desejem oferecer artigos \u00fanicos e aut\u00eanticos de Barcelona.<\/p>\n","protected":false},"excerpt":{"rendered":"<p>Porta-chaves de madeira com a forma da letra &#8220;G&#8221;, inspirado nos emblem\u00e1ticos monumentos de Barcelona. Este atraente porta-chaves apresenta um design colorido e detalhado que inclui elementos arquitet\u00f3nicos como a Sagrada Fam\u00edlia, refletindo a rica est\u00e9tica da cidade. Decorado com motivos de mosaico, as suas cores vibrantes e o acabamento em madeira tornam-no num souvenir perfeito para levar um pedacinho de Barcelona sempre consigo.<\/p>\n","protected":false},"featured_media":10492,"template":"","meta":{"_acf_changed":false},"product_brand":[],"product_cat":[611],"product_tag":[612],"class_list":{"0":"post-33136","1":"product","2":"type-product","3":"status-publish","4":"has-post-thumbnail","6":"product_cat-porta-chaves","7":"product_tag-cartas","8":"pa_ciudad-barcelona","9":"pa_motivo-letra-g","10":"pa_pais-espana","12":"first","13":"instock","14":"shipping-taxable","15":"product-type-simple"},"acf":[],"_links":{"self":[{"href":"https:\/\/olemosaic.com\/pt-pt\/wp-json\/wp\/v2\/product\/33136","targetHints":{"allow":["GET"]}}],"collection":[{"href":"https:\/\/olemosaic.com\/pt-pt\/wp-json\/wp\/v2\/product"}],"about":[{"href":"https:\/\/olemosaic.com\/pt-pt\/wp-json\/wp\/v2\/types\/product"}],"wp:featuredmedia":[{"embeddable":true,"href":"https:\/\/olemosaic.com\/pt-pt\/wp-json\/wp\/v2\/media\/10492"}],"wp:attachment":[{"href":"https:\/\/olemosaic.com\/pt-pt\/wp-json\/wp\/v2\/media?parent=33136"}],"wp:term":[{"taxonomy":"product_brand","embeddable":true,"href":"https:\/\/olemosaic.com\/pt-pt\/wp-json\/wp\/v2\/product_brand?post=33136"},{"taxonomy":"product_cat","embeddable":true,"href":"https:\/\/olemosaic.com\/pt-pt\/wp-json\/wp\/v2\/product_cat?post=33136"},{"taxonomy":"product_tag","embeddable":true,"href":"https:\/\/olemosaic.com\/pt-pt\/wp-json\/wp\/v2\/product_tag?post=33136"}],"curies":[{"name":"wp","href":"https:\/\/api.w.org\/{rel}","templated":true}]}}