{"id":33090,"date":"2025-02-20T23:33:06","date_gmt":"2025-02-20T22:33:06","guid":{"rendered":"http:\/\/olemosaic.com\/producto\/llavero-de-madera-letra-f-valencia\/"},"modified":"2025-07-25T18:46:02","modified_gmt":"2025-07-25T16:46:02","slug":"porta-chaves-de-madeira-letra-f-valencia","status":"publish","type":"product","link":"https:\/\/olemosaic.com\/pt-pt\/produto\/porta-chaves-de-madeira-letra-f-valencia\/","title":{"rendered":"Porta-chaves de madeira. Letra F. Val\u00eancia."},"content":{"rendered":"<p>Este porta-chaves de madeira com a forma da letra &#8220;F&#8221; \u00e9 uma recorda\u00e7\u00e3o encantadora que representa a vibrante cidade de Val\u00eancia. O seu design colorido integra elementos arquitet\u00f3nicos ic\u00f3nicos, como a majestosa Cidade das Artes e das Ci\u00eancias, simbolizando a modernidade e o dinamismo da arquitetura valenciana. A superf\u00edcie do porta-chaves est\u00e1 adornada com padr\u00f5es que evocam os famosos azulejos tradicionais, uma parte integrante da heran\u00e7a art\u00edstica da regi\u00e3o. Os tons azuis, vermelhos e amarelos que predominam no design captam a ess\u00eancia do sol brilhante de Val\u00eancia, oferecendo uma est\u00e9tica alegre e colorida que atrai tanto turistas como locais.<\/p>\n<p>A letra &#8220;F&#8221; n\u00e3o atua apenas como uma inicial, mas tamb\u00e9m como uma homenagem \u00e0 cidade, tornando-o um interessante motivo de conversa. Este porta-chaves n\u00e3o \u00e9 apenas um acess\u00f3rio pr\u00e1tico; \u00e9 uma pe\u00e7a de arte port\u00e1til que permite levar um peda\u00e7o da cultura valenciana para qualquer lugar. Ideal como recorda\u00e7\u00e3o, este porta-chaves destaca-se pela sua autenticidade e pela sua representa\u00e7\u00e3o do melhor de Val\u00eancia, tornando-o uma excelente op\u00e7\u00e3o para oferecer ou colecionar. Na &#8220;Ol\u00e9 Mosaic&#8221;, oferecemos uma variedade de recorda\u00e7\u00f5es por grosso, incluindo este porta-chaves de madeira, perfeito para lojas de presentes tur\u00edsticos que procuram produtos \u00fanicos e culturalmente significativos.<\/p>\n","protected":false},"excerpt":{"rendered":"<p>Porta-chaves de madeira com a forma da letra &#8220;F&#8221;, que representa a cidade de Val\u00eancia. Este atraente porta-chaves apresenta um design vibrante que combina elementos arquitet\u00f3nicos emblem\u00e1ticos da cidade, como a Cidade das Artes e das Ci\u00eancias, com motivos coloridos que evocam o famoso estilo dos azulejos valencianos. A base da letra est\u00e1 adornada com detalhes art\u00edsticos em tons de azul, vermelho e amarelo, o que o torna uma recorda\u00e7\u00e3o perfeita e funcional que celebra a cultura local.<\/p>\n","protected":false},"featured_media":10864,"template":"","meta":{"_acf_changed":false},"product_brand":[],"product_cat":[611],"product_tag":[612],"class_list":{"0":"post-33090","1":"product","2":"type-product","3":"status-publish","4":"has-post-thumbnail","6":"product_cat-porta-chaves","7":"product_tag-cartas","8":"pa_ciudad-valencia","9":"pa_motivo-letra-f","10":"pa_pais-espana","12":"first","13":"instock","14":"shipping-taxable","15":"product-type-simple"},"acf":[],"_links":{"self":[{"href":"https:\/\/olemosaic.com\/pt-pt\/wp-json\/wp\/v2\/product\/33090","targetHints":{"allow":["GET"]}}],"collection":[{"href":"https:\/\/olemosaic.com\/pt-pt\/wp-json\/wp\/v2\/product"}],"about":[{"href":"https:\/\/olemosaic.com\/pt-pt\/wp-json\/wp\/v2\/types\/product"}],"wp:featuredmedia":[{"embeddable":true,"href":"https:\/\/olemosaic.com\/pt-pt\/wp-json\/wp\/v2\/media\/10864"}],"wp:attachment":[{"href":"https:\/\/olemosaic.com\/pt-pt\/wp-json\/wp\/v2\/media?parent=33090"}],"wp:term":[{"taxonomy":"product_brand","embeddable":true,"href":"https:\/\/olemosaic.com\/pt-pt\/wp-json\/wp\/v2\/product_brand?post=33090"},{"taxonomy":"product_cat","embeddable":true,"href":"https:\/\/olemosaic.com\/pt-pt\/wp-json\/wp\/v2\/product_cat?post=33090"},{"taxonomy":"product_tag","embeddable":true,"href":"https:\/\/olemosaic.com\/pt-pt\/wp-json\/wp\/v2\/product_tag?post=33090"}],"curies":[{"name":"wp","href":"https:\/\/api.w.org\/{rel}","templated":true}]}}