{"id":33089,"date":"2025-02-20T23:33:06","date_gmt":"2025-02-20T22:33:06","guid":{"rendered":"http:\/\/olemosaic.com\/producto\/llavero-de-madera-letra-d-mosaico\/"},"modified":"2025-07-25T18:45:05","modified_gmt":"2025-07-25T16:45:05","slug":"porta-chaves-de-madeira-letra-d-mosaico","status":"publish","type":"product","link":"https:\/\/olemosaic.com\/pt-pt\/produto\/porta-chaves-de-madeira-letra-d-mosaico\/","title":{"rendered":"Porta-chaves de madeira. Letra D. Mosaico."},"content":{"rendered":"<p>Este porta-chaves de madeira com a forma da letra &#8220;D&#8221; \u00e9 um produto excecional que se destaca pelo seu vibrante design de mosaico, que reflete a rica tradi\u00e7\u00e3o artesanal de Espanha. Fabricado com madeira de alta qualidade, a sua forma distintiva e colorida capta a ess\u00eancia da famosa cer\u00e2mica de mosaico que adorna muitas cidades espanholas, desde as obras-primas de Gaud\u00ed em Barcelona at\u00e9 aos azulejos tradicionais da Andaluzia. O porta-chaves apresenta uma combina\u00e7\u00e3o radiante de cores, incluindo vermelho, azul, verde e amarelo, que n\u00e3o s\u00f3 o torna visualmente atraente, como tamb\u00e9m confere um toque de alegria e autenticidade \u00e0s suas chaves ou a qualquer objeto que deseje personalizar.<\/p>\n<p>O acabamento artesanal do porta-chaves real\u00e7a a meticulosa aten\u00e7\u00e3o ao detalhe, tornando-o uma recorda\u00e7\u00e3o original e aut\u00eantica da cultura espanhola. Ideal tanto para turistas que procuram uma recorda\u00e7\u00e3o representativa da sua visita como para aqueles que desejam um presente \u00fanico e significativo, este porta-chaves reflete o esp\u00edrito vibrante e colorido da arte do mosaico. Na Ol\u00e9 Mosaic, distribu\u00edmos recorda\u00e7\u00f5es de qualidade por grosso, e este porta-chaves de madeira \u00e9 uma excelente escolha para lojas de presentes tur\u00edsticos que procuram oferecer produtos art\u00edsticos e culturais. Como grossistas de decora\u00e7\u00e3o e recorda\u00e7\u00f5es, garantimos autenticidade e um design muito especial em cada uma das nossas pe\u00e7as.<\/p>\n","protected":false},"excerpt":{"rendered":"<p>Porta-chaves de madeira com a forma da letra &#8220;D&#8221;, decorado com um vibrante design de mosaico. Este atraente porta-chaves apresenta uma combina\u00e7\u00e3o de cores vivas como vermelho, azul, verde e amarelo, que evocam a cer\u00e2mica de mosaico tradicional espanhola. Perfeito para personalizar as suas chaves ou como um presente original, o seu acabamento artesanal e o seu estilo distintivo conferem um toque de cor e autenticidade a qualquer conjunto.<\/p>\n","protected":false},"featured_media":10754,"template":"","meta":{"_acf_changed":false},"product_brand":[],"product_cat":[611],"product_tag":[],"class_list":{"0":"post-33089","1":"product","2":"type-product","3":"status-publish","4":"has-post-thumbnail","6":"product_cat-porta-chaves","7":"pa_motivo-letra-d","9":"first","10":"instock","11":"shipping-taxable","12":"product-type-simple"},"acf":[],"_links":{"self":[{"href":"https:\/\/olemosaic.com\/pt-pt\/wp-json\/wp\/v2\/product\/33089","targetHints":{"allow":["GET"]}}],"collection":[{"href":"https:\/\/olemosaic.com\/pt-pt\/wp-json\/wp\/v2\/product"}],"about":[{"href":"https:\/\/olemosaic.com\/pt-pt\/wp-json\/wp\/v2\/types\/product"}],"wp:featuredmedia":[{"embeddable":true,"href":"https:\/\/olemosaic.com\/pt-pt\/wp-json\/wp\/v2\/media\/10754"}],"wp:attachment":[{"href":"https:\/\/olemosaic.com\/pt-pt\/wp-json\/wp\/v2\/media?parent=33089"}],"wp:term":[{"taxonomy":"product_brand","embeddable":true,"href":"https:\/\/olemosaic.com\/pt-pt\/wp-json\/wp\/v2\/product_brand?post=33089"},{"taxonomy":"product_cat","embeddable":true,"href":"https:\/\/olemosaic.com\/pt-pt\/wp-json\/wp\/v2\/product_cat?post=33089"},{"taxonomy":"product_tag","embeddable":true,"href":"https:\/\/olemosaic.com\/pt-pt\/wp-json\/wp\/v2\/product_tag?post=33089"}],"curies":[{"name":"wp","href":"https:\/\/api.w.org\/{rel}","templated":true}]}}