{"id":33086,"date":"2025-02-20T23:33:04","date_gmt":"2025-02-20T22:33:04","guid":{"rendered":"http:\/\/olemosaic.com\/producto\/llavero-de-madera-letra-c-madrid\/"},"modified":"2025-07-25T18:45:57","modified_gmt":"2025-07-25T16:45:57","slug":"porta-chaves-de-madeira-letra-c-madrid","status":"publish","type":"product","link":"https:\/\/olemosaic.com\/pt-pt\/produto\/porta-chaves-de-madeira-letra-c-madrid\/","title":{"rendered":"Porta-chaves de madeira. Letra C. Madrid."},"content":{"rendered":"<p>Este porta-chaves de madeira com a forma da letra &#8220;C&#8221; \u00e9 uma recorda\u00e7\u00e3o encantadora que capta a ess\u00eancia de Madrid e os seus s\u00edmbolos mais emblem\u00e1ticos. Concebido para os amantes da capital espanhola, este porta-chaves destaca-se pelo seu colorido vibrante e pelos seus detalhes art\u00edsticos, que aludem a elementos ic\u00f3nicos como o famoso urso e o medronheiro, bem como a edif\u00edcios reconhec\u00edveis da cidade. A letra &#8220;C&#8221; n\u00e3o s\u00f3 \u00e9 visualmente atraente, como tamb\u00e9m se liga \u00e0 cultura madrilena de uma forma \u00fanica.<\/p>\n<p>Pintado \u00e0 m\u00e3o com uma paleta de amarelos, azuis e vermelhos, cada porta-chaves reflete a vitalidade e o dinamismo de Madrid. Os detalhes cuidadosamente elaborados no seu design, como o log\u00f3tipo do metro e a representa\u00e7\u00e3o do urso, fazem deste porta-chaves n\u00e3o apenas um acess\u00f3rio pr\u00e1tico, mas tamb\u00e9m uma recorda\u00e7\u00e3o da rica hist\u00f3ria e tradi\u00e7\u00e3o da cidade. \u00c9 o produto perfeito para os turistas que procuram recorda\u00e7\u00f5es aut\u00eanticas e representativas de Madrid.<\/p>\n<p>Na Ol\u00e9 Mosaic, especializamo-nos na distribui\u00e7\u00e3o de recorda\u00e7\u00f5es por grosso, e este porta-chaves de madeira \u00e9 uma excelente op\u00e7\u00e3o para as lojas de presentes tur\u00edsticos que desejem oferecer artigos que realcem a cultura local. Al\u00e9m disso, cada pe\u00e7a junta-se \u00e0 nossa variedade de recorda\u00e7\u00f5es que celebram a heran\u00e7a espanhola, tornando-se um colecion\u00e1vel ideal para qualquer visitante. Como grossistas de porta-chaves, garantimos qualidade e autenticidade em cada produto.<\/p>\n","protected":false},"excerpt":{"rendered":"<p>Porta-chaves de madeira com a forma da letra &#8220;C&#8221;, que representa elementos emblem\u00e1ticos de Madrid. Este porta-chaves apresenta um design colorido, onde se destacam s\u00edmbolos ic\u00f3nicos como o urso e o medronheiro, al\u00e9m de edif\u00edcios reconhec\u00edveis e o log\u00f3tipo do metro. Pintado com estilo artesanal com detalhes vibrantes em tons de amarelo, azul e vermelho, \u00e9 uma recorda\u00e7\u00e3o \u00fanica que reflete a ess\u00eancia da cidade e confere um toque encantador \u00e0s suas chaves.<\/p>\n","protected":false},"featured_media":10835,"template":"","meta":{"_acf_changed":false},"product_brand":[],"product_cat":[611],"product_tag":[612],"class_list":{"0":"post-33086","1":"product","2":"type-product","3":"status-publish","4":"has-post-thumbnail","6":"product_cat-porta-chaves","7":"product_tag-cartas","8":"pa_ciudad-madrid","9":"pa_motivo-letra-c","10":"pa_pais-espana","12":"first","13":"instock","14":"shipping-taxable","15":"product-type-simple"},"acf":[],"_links":{"self":[{"href":"https:\/\/olemosaic.com\/pt-pt\/wp-json\/wp\/v2\/product\/33086","targetHints":{"allow":["GET"]}}],"collection":[{"href":"https:\/\/olemosaic.com\/pt-pt\/wp-json\/wp\/v2\/product"}],"about":[{"href":"https:\/\/olemosaic.com\/pt-pt\/wp-json\/wp\/v2\/types\/product"}],"wp:featuredmedia":[{"embeddable":true,"href":"https:\/\/olemosaic.com\/pt-pt\/wp-json\/wp\/v2\/media\/10835"}],"wp:attachment":[{"href":"https:\/\/olemosaic.com\/pt-pt\/wp-json\/wp\/v2\/media?parent=33086"}],"wp:term":[{"taxonomy":"product_brand","embeddable":true,"href":"https:\/\/olemosaic.com\/pt-pt\/wp-json\/wp\/v2\/product_brand?post=33086"},{"taxonomy":"product_cat","embeddable":true,"href":"https:\/\/olemosaic.com\/pt-pt\/wp-json\/wp\/v2\/product_cat?post=33086"},{"taxonomy":"product_tag","embeddable":true,"href":"https:\/\/olemosaic.com\/pt-pt\/wp-json\/wp\/v2\/product_tag?post=33086"}],"curies":[{"name":"wp","href":"https:\/\/api.w.org\/{rel}","templated":true}]}}