{"id":33084,"date":"2025-02-20T23:33:04","date_gmt":"2025-02-20T22:33:04","guid":{"rendered":"http:\/\/olemosaic.com\/producto\/llavero-de-madera-gato-2\/"},"modified":"2025-07-25T18:38:55","modified_gmt":"2025-07-25T16:38:55","slug":"porta-chaves-de-madeira-gato-portugal","status":"publish","type":"product","link":"https:\/\/olemosaic.com\/pt-pt\/produto\/porta-chaves-de-madeira-gato-portugal\/","title":{"rendered":"Porta-chaves de madeira. Gato. Portugal."},"content":{"rendered":"<p>Este porta-chaves de madeira com forma de gato \u00e9 uma encantadora recorda\u00e7\u00e3o que reflete a ess\u00eancia artesanal de Portugal. Com um design cativante, apresenta uma rica paleta de cores vibrantes, onde predominam os tons azuis, vermelhos e amarelos, complementados por intrincados detalhes florais e padr\u00f5es geom\u00e9tricos que evocam a tradicional azulejaria portuguesa. A figura do gato, s\u00edmbolo de independ\u00eancia e mist\u00e9rio, est\u00e1 meticulosamente contornada, acrescentando profundidade ao seu apelo visual, enquanto a madeira de alta qualidade garante durabilidade e um toque agrad\u00e1vel.<\/p>\n<p>Perfeito n\u00e3o s\u00f3 como um acess\u00f3rio funcional para manter as suas chaves organizadas, este porta-chaves tamb\u00e9m atua como uma ador\u00e1vel lembran\u00e7a da rica cultura portuguesa, tornando-o um presente ideal para os amantes de felinos e da est\u00e9tica vibrante que caracteriza esta regi\u00e3o. A sua autenticidade torna-o uma recorda\u00e7\u00e3o representativa da tradi\u00e7\u00e3o portuguesa, sendo uma excelente op\u00e7\u00e3o para aqueles que desejam levar para casa um peda\u00e7o de arte e cultura.<\/p>\n<p>Na Ol\u00e9 Mosaic, orgulhamo-nos de oferecer produtos aut\u00eanticos por grosso que capturam a ess\u00eancia de cada localidade, e este porta-chaves de gato \u00e9 uma op\u00e7\u00e3o ideal para lojas de presentes tur\u00edsticos que procuram recorda\u00e7\u00f5es verdadeiramente \u00fanicas. N\u00e3o perca a oportunidade de oferecer aos seus clientes este porta-chaves de madeira, uma verdadeira homenagem \u00e0 arte e \u00e0 cultura de Portugal.<\/p>\n","protected":false},"excerpt":{"rendered":"<p>Porta-chaves de madeira com forma de gato, decorado com motivos coloridos inspirados na arte portuguesa. Este atraente porta-chaves combina um design encantador e funcional, com uma rica paleta de cores que inclui azuis, vermelhos e amarelos, com detalhes de flores e padr\u00f5es geom\u00e9tricos. Ideal para os amantes de felinos e da cultura, este porta-chaves \u00e9 uma pequena recorda\u00e7\u00e3o da ess\u00eancia artesanal de Portugal.<\/p>\n","protected":false},"featured_media":10959,"template":"","meta":{"_acf_changed":false},"product_brand":[],"product_cat":[611],"product_tag":[516],"class_list":{"0":"post-33084","1":"product","2":"type-product","3":"status-publish","4":"has-post-thumbnail","6":"product_cat-porta-chaves","7":"product_tag-animais","8":"pa_motivo-gatos","10":"first","11":"instock","12":"shipping-taxable","13":"product-type-simple"},"acf":[],"_links":{"self":[{"href":"https:\/\/olemosaic.com\/pt-pt\/wp-json\/wp\/v2\/product\/33084","targetHints":{"allow":["GET"]}}],"collection":[{"href":"https:\/\/olemosaic.com\/pt-pt\/wp-json\/wp\/v2\/product"}],"about":[{"href":"https:\/\/olemosaic.com\/pt-pt\/wp-json\/wp\/v2\/types\/product"}],"wp:featuredmedia":[{"embeddable":true,"href":"https:\/\/olemosaic.com\/pt-pt\/wp-json\/wp\/v2\/media\/10959"}],"wp:attachment":[{"href":"https:\/\/olemosaic.com\/pt-pt\/wp-json\/wp\/v2\/media?parent=33084"}],"wp:term":[{"taxonomy":"product_brand","embeddable":true,"href":"https:\/\/olemosaic.com\/pt-pt\/wp-json\/wp\/v2\/product_brand?post=33084"},{"taxonomy":"product_cat","embeddable":true,"href":"https:\/\/olemosaic.com\/pt-pt\/wp-json\/wp\/v2\/product_cat?post=33084"},{"taxonomy":"product_tag","embeddable":true,"href":"https:\/\/olemosaic.com\/pt-pt\/wp-json\/wp\/v2\/product_tag?post=33084"}],"curies":[{"name":"wp","href":"https:\/\/api.w.org\/{rel}","templated":true}]}}