{"id":33083,"date":"2025-02-20T22:33:04","date_gmt":"2025-02-20T22:33:04","guid":{"rendered":"http:\/\/olemosaic.com\/producto\/llavero-de-madera-gato\/"},"modified":"2025-07-25T18:38:56","modified_gmt":"2025-07-25T16:38:56","slug":"porta-chaves-de-madeira-gato","status":"publish","type":"product","link":"https:\/\/olemosaic.com\/pt-pt\/produto\/porta-chaves-de-madeira-gato\/","title":{"rendered":"Porta-chaves de madeira. Gato."},"content":{"rendered":"<p>Este porta-chaves de madeira com forma de gato \u00e9 um acess\u00f3rio encantador que reflete a riqueza cultural de Espanha. Fabricado com uma t\u00e9cnica de pintura \u00e0 m\u00e3o, apresenta coloridos padr\u00f5es de mosaico que deslumbram com a sua paleta de tons vivos, como o vermelho, o amarelo, o azul e o verde. A figura do gato, representado numa postura sentada, atrai o olhar e a curiosidade, tornando-se um s\u00edmbolo l\u00fadico do artesanato local. Cada detalhe meticulosamente pintado n\u00e3o s\u00f3 real\u00e7a a habilidade dos artes\u00e3os, mas tamb\u00e9m celebra a tradi\u00e7\u00e3o art\u00edstica que caracteriza diversas regi\u00f5es do pa\u00eds.<\/p>\n<p>Este porta-chaves n\u00e3o \u00e9 apenas um objeto pr\u00e1tico para o dia a dia, mas uma recorda\u00e7\u00e3o que encapsula a ess\u00eancia da arte e da cultura espanhola, o que o torna um presente perfeito para turistas e amantes da criatividade. O seu design singular \u00e9 uma excelente forma de levar um peda\u00e7o de Espanha consigo, recordando esses momentos especiais vividos durante a viagem. Na Ol\u00e9 Mosaic, como distribuidores de souvenirs, oferecemos produtos aut\u00eanticos e representativos, ideais para lojas de presentes tur\u00edsticos. Este porta-chaves de gato \u00e9 uma op\u00e7\u00e3o encantadora que se destaca entre os souvenirs de qualidade, conferindo um toque colorido e cultural a qualquer cole\u00e7\u00e3o.<\/p>\n","protected":false},"excerpt":{"rendered":"<p>Porta-chaves de madeira com forma de gato, decorado com coloridos padr\u00f5es de mosaico. Este encantador acess\u00f3rio destaca-se pela sua t\u00e9cnica de pintura \u00e0 m\u00e3o, que reflete uma vibrante paleta de cores como o vermelho, o amarelo, o azul e o verde. O gato, sentado, captura a ess\u00eancia l\u00fadica e art\u00edstica do artesanato local, tornando-se um presente perfeito ou uma recorda\u00e7\u00e3o simb\u00f3lica da riqueza cultural de Espanha.<\/p>\n","protected":false},"featured_media":10629,"template":"","meta":{"_acf_changed":false},"product_brand":[],"product_cat":[611],"product_tag":[516],"class_list":{"0":"post-33083","1":"product","2":"type-product","3":"status-publish","4":"has-post-thumbnail","6":"product_cat-porta-chaves","7":"product_tag-animais","8":"pa_motivo-gatos","10":"first","11":"instock","12":"shipping-taxable","13":"product-type-simple"},"acf":[],"_links":{"self":[{"href":"https:\/\/olemosaic.com\/pt-pt\/wp-json\/wp\/v2\/product\/33083","targetHints":{"allow":["GET"]}}],"collection":[{"href":"https:\/\/olemosaic.com\/pt-pt\/wp-json\/wp\/v2\/product"}],"about":[{"href":"https:\/\/olemosaic.com\/pt-pt\/wp-json\/wp\/v2\/types\/product"}],"wp:featuredmedia":[{"embeddable":true,"href":"https:\/\/olemosaic.com\/pt-pt\/wp-json\/wp\/v2\/media\/10629"}],"wp:attachment":[{"href":"https:\/\/olemosaic.com\/pt-pt\/wp-json\/wp\/v2\/media?parent=33083"}],"wp:term":[{"taxonomy":"product_brand","embeddable":true,"href":"https:\/\/olemosaic.com\/pt-pt\/wp-json\/wp\/v2\/product_brand?post=33083"},{"taxonomy":"product_cat","embeddable":true,"href":"https:\/\/olemosaic.com\/pt-pt\/wp-json\/wp\/v2\/product_cat?post=33083"},{"taxonomy":"product_tag","embeddable":true,"href":"https:\/\/olemosaic.com\/pt-pt\/wp-json\/wp\/v2\/product_tag?post=33083"}],"curies":[{"name":"wp","href":"https:\/\/api.w.org\/{rel}","templated":true}]}}