{"id":33079,"date":"2025-02-20T22:33:03","date_gmt":"2025-02-20T22:33:03","guid":{"rendered":"http:\/\/olemosaic.com\/producto\/llavero-de-madera-caballito-de-mar\/"},"modified":"2025-07-25T18:38:56","modified_gmt":"2025-07-25T16:38:56","slug":"porta-chaves-de-madeira-cavalo-marinho","status":"publish","type":"product","link":"https:\/\/olemosaic.com\/pt-pt\/produto\/porta-chaves-de-madeira-cavalo-marinho\/","title":{"rendered":"Porta-chaves de madeira. Cavalo-marinho."},"content":{"rendered":"<p>Este porta-chaves de madeira com forma de cavalo-marinho \u00e9 uma encantadora recorda\u00e7\u00e3o que presta homenagem \u00e0 rica cultura mediterr\u00e2nica e \u00e0s vibrantes tradi\u00e7\u00f5es art\u00edsticas de Espanha. O seu design exclusivo apresenta uma cativante combina\u00e7\u00e3o de mosaicos em tons azuis, vermelhos, verdes e amarelos, evocando a est\u00e9tica das impressionantes obras de Antoni Gaud\u00ed. Cada detalhe do padr\u00e3o art\u00edstico recorda o trencad\u00eds, uma t\u00e9cnica que utiliza fragmentos de cer\u00e2mica para criar pe\u00e7as \u00fanicas e cheias de cor, o que o torna um objeto chamativo e distintivo que certamente captar\u00e1 a aten\u00e7\u00e3o.<\/p>\n<p>A figura do cavalo-marinho, s\u00edmbolo da costa espanhola, oferece uma liga\u00e7\u00e3o cultural profunda, representando a diversidade e a beleza da vida marinha que rodeia as costas ib\u00e9ricas. Este porta-chaves n\u00e3o s\u00f3 \u00e9 funcional, como tamb\u00e9m \u00e9 uma recorda\u00e7\u00e3o vibrante e aut\u00eantica do Mediterr\u00e2neo, ideal para quem procura lembran\u00e7as de qualidade que capturem a ess\u00eancia da sua viagem.<\/p>\n<p>Na Ol\u00e9 Mosaic, especializamo-nos na distribui\u00e7\u00e3o de lembran\u00e7as por grosso, e este porta-chaves de cavalo-marinho \u00e9 uma excelente ideia de presente para lojas de recorda\u00e7\u00f5es tur\u00edsticas. O seu design artesanal e aut\u00eantico garante que cada pe\u00e7a seja um testemunho da rica heran\u00e7a cultural da regi\u00e3o, oferecendo aos turistas uma recorda\u00e7\u00e3o significativa e cheia de vida. Como grossistas de porta-chaves, asseguramos que cada objeto seja uma express\u00e3o de arte e tradi\u00e7\u00e3o, perfeito para quem procura um pedacinho de Espanha.<\/p>\n","protected":false},"excerpt":{"rendered":"<p>Porta-chaves de madeira com forma de cavalo-marinho, inspirado na rica cultura mediterr\u00e2nica. Este design exclusivo apresenta uma colorida combina\u00e7\u00e3o de mosaicos em tons azuis, vermelhos, verdes e amarelos, que evocam a est\u00e9tica das obras de Gaud\u00ed. Elaborado com esmero, cada pe\u00e7a mostra um padr\u00e3o art\u00edstico que recorda o trencad\u00eds, acrescentando um toque vibrante e distintivo. Ideal como recorda\u00e7\u00e3o da costa espanhola.<\/p>\n","protected":false},"featured_media":10989,"template":"","meta":{"_acf_changed":false},"product_brand":[],"product_cat":[611],"product_tag":[516],"class_list":{"0":"post-33079","1":"product","2":"type-product","3":"status-publish","4":"has-post-thumbnail","6":"product_cat-porta-chaves","7":"product_tag-animais","8":"pa_motivo-cavalos-marinhos","10":"first","11":"instock","12":"shipping-taxable","13":"product-type-simple"},"acf":[],"_links":{"self":[{"href":"https:\/\/olemosaic.com\/pt-pt\/wp-json\/wp\/v2\/product\/33079","targetHints":{"allow":["GET"]}}],"collection":[{"href":"https:\/\/olemosaic.com\/pt-pt\/wp-json\/wp\/v2\/product"}],"about":[{"href":"https:\/\/olemosaic.com\/pt-pt\/wp-json\/wp\/v2\/types\/product"}],"wp:featuredmedia":[{"embeddable":true,"href":"https:\/\/olemosaic.com\/pt-pt\/wp-json\/wp\/v2\/media\/10989"}],"wp:attachment":[{"href":"https:\/\/olemosaic.com\/pt-pt\/wp-json\/wp\/v2\/media?parent=33079"}],"wp:term":[{"taxonomy":"product_brand","embeddable":true,"href":"https:\/\/olemosaic.com\/pt-pt\/wp-json\/wp\/v2\/product_brand?post=33079"},{"taxonomy":"product_cat","embeddable":true,"href":"https:\/\/olemosaic.com\/pt-pt\/wp-json\/wp\/v2\/product_cat?post=33079"},{"taxonomy":"product_tag","embeddable":true,"href":"https:\/\/olemosaic.com\/pt-pt\/wp-json\/wp\/v2\/product_tag?post=33079"}],"curies":[{"name":"wp","href":"https:\/\/api.w.org\/{rel}","templated":true}]}}