{"id":33078,"date":"2025-02-20T23:33:03","date_gmt":"2025-02-20T22:33:03","guid":{"rendered":"http:\/\/olemosaic.com\/producto\/llavero-de-madera-bulldog-3\/"},"modified":"2025-07-25T19:02:55","modified_gmt":"2025-07-25T17:02:55","slug":"porta-chaves-de-madeira-bulldog-3","status":"publish","type":"product","link":"https:\/\/olemosaic.com\/pt-pt\/produto\/porta-chaves-de-madeira-bulldog-3\/","title":{"rendered":"Porta-chaves de madeira. Bulldog. Mosaico."},"content":{"rendered":"<p>Este porta-chaves de madeira com forma de bulldog \u00e9 uma pe\u00e7a \u00fanica que funde a ess\u00eancia da arte catal\u00e3 com a est\u00e9tica moderna, ideal como lembran\u00e7a de Barcelona. Elaborado com precis\u00e3o, o seu design vibrante e colorido apresenta um cativante bulldog adornado com um mosaico inspirado na obra do famoso arquiteto Antoni Gaud\u00ed. Os brilhantes tons vermelhos, azuis e verdes destacam-se na figura do c\u00e3o, criando um efeito visual din\u00e2mico que evoca os mosaicos de cores intensas que adornam a cidade.<\/p>\n<p>Com os seus detalhes sinuosos e formas estilizadas, este porta-chaves n\u00e3o s\u00f3 \u00e9 funcional, como tamb\u00e9m captura a criatividade e a inova\u00e7\u00e3o que caracterizam a cultura catal\u00e3. O seu design moderno e atraente torna-o na recorda\u00e7\u00e3o perfeita, tanto para os amantes de c\u00e3es como para os entusiastas da arte. Este porta-chaves de bulldog \u00e9 um s\u00edmbolo da vida urbana barcelonesa e representa o esp\u00edrito alegre e vibrante da cidade.<\/p>\n<p>Na Ol\u00e9 Mosaic, dedicamo-nos a oferecer lembran\u00e7as aut\u00eanticas por grosso, destacando artigos que refletem a riqueza cultural de Espanha. Este porta-chaves \u00e9 uma excelente op\u00e7\u00e3o para lojas de presentes tur\u00edsticos que procurem artigos que liguem emocionalmente com os visitantes, oferecendo n\u00e3o s\u00f3 um objeto pr\u00e1tico, mas tamb\u00e9m uma recorda\u00e7\u00e3o significativa da sua experi\u00eancia em Barcelona. Como distribuidores de lembran\u00e7as, asseguramos a qualidade e originalidade de cada pe\u00e7a, tornando este porta-chaves um produto atraente para qualquer cliente.<\/p>\n","protected":false},"excerpt":{"rendered":"<p>Porta-chaves de madeira com forma de bulldog, inspirado no estilo de mosaico da arte de Gaud\u00ed. Este atraente porta-chaves apresenta um design colorido, com cores vibrantes como vermelho, azul e verde, incorporando um padr\u00e3o din\u00e2mico que recorda os famosos mosaicos de Barcelona. Os detalhes sinuosos e as formas estilizadas conferem um toque art\u00edstico, tornando-o uma recorda\u00e7\u00e3o perfeita da criatividade catal\u00e3. Ideal para os amantes de c\u00e3es e da cultura espanhola.<\/p>\n","protected":false},"featured_media":10990,"template":"","meta":{"_acf_changed":false},"product_brand":[],"product_cat":[611],"product_tag":[],"class_list":{"0":"post-33078","1":"product","2":"type-product","3":"status-publish","4":"has-post-thumbnail","6":"product_cat-porta-chaves","7":"pa_motivo-bulldogs","9":"first","10":"instock","11":"shipping-taxable","12":"product-type-simple"},"acf":[],"_links":{"self":[{"href":"https:\/\/olemosaic.com\/pt-pt\/wp-json\/wp\/v2\/product\/33078","targetHints":{"allow":["GET"]}}],"collection":[{"href":"https:\/\/olemosaic.com\/pt-pt\/wp-json\/wp\/v2\/product"}],"about":[{"href":"https:\/\/olemosaic.com\/pt-pt\/wp-json\/wp\/v2\/types\/product"}],"wp:featuredmedia":[{"embeddable":true,"href":"https:\/\/olemosaic.com\/pt-pt\/wp-json\/wp\/v2\/media\/10990"}],"wp:attachment":[{"href":"https:\/\/olemosaic.com\/pt-pt\/wp-json\/wp\/v2\/media?parent=33078"}],"wp:term":[{"taxonomy":"product_brand","embeddable":true,"href":"https:\/\/olemosaic.com\/pt-pt\/wp-json\/wp\/v2\/product_brand?post=33078"},{"taxonomy":"product_cat","embeddable":true,"href":"https:\/\/olemosaic.com\/pt-pt\/wp-json\/wp\/v2\/product_cat?post=33078"},{"taxonomy":"product_tag","embeddable":true,"href":"https:\/\/olemosaic.com\/pt-pt\/wp-json\/wp\/v2\/product_tag?post=33078"}],"curies":[{"name":"wp","href":"https:\/\/api.w.org\/{rel}","templated":true}]}}