{"id":33020,"date":"2025-02-20T22:33:03","date_gmt":"2025-02-20T22:33:03","guid":{"rendered":"http:\/\/olemosaic.com\/producto\/llavero-de-madera-dragon-barcelona\/"},"modified":"2025-07-25T19:51:38","modified_gmt":"2025-07-25T17:51:38","slug":"porta-chaves-de-madeira-dragao-barcelona","status":"publish","type":"product","link":"https:\/\/olemosaic.com\/pt-pt\/produto\/porta-chaves-de-madeira-dragao-barcelona\/","title":{"rendered":"Porta-chaves de madeira. Drag\u00e3o. Barcelona."},"content":{"rendered":"<p>Este porta-chaves de madeira com design de drag\u00e3o \u00e9 uma aut\u00eantica homenagem \u00e0 criatividade de Antoni Gaud\u00ed, pois capta a ess\u00eancia do modernismo catal\u00e3o num objeto \u00fanico que evoca os coloridos mosaicos de Barcelona. O seu design vibrante incorpora uma intrincada composi\u00e7\u00e3o em tons azuis, verdes e amarelos, que real\u00e7a a figura do drag\u00e3o, um s\u00edmbolo emblem\u00e1tico do Parque G\u00fcell, uma das obras mais reconhec\u00edveis de Gaud\u00ed. A palavra &#8220;Barcelona&#8221;, inscrita com uma tipografia alegre e colorida, destaca-se com car\u00e1cter sobre um fundo que imita os ic\u00f3nicos azulejos cer\u00e2micos, refletindo a rica tradi\u00e7\u00e3o art\u00edstica da cidade.<\/p>\n<p>Este porta-chaves n\u00e3o \u00e9 apenas ideal para levar as suas chaves, mas tamb\u00e9m funciona como uma recorda\u00e7\u00e3o perfeita para relembrar a sua visita \u00e0 fascinante Barcelona. Cada detalhe do drag\u00e3o e dos mosaicos foi pensado para lhe conferir um ar aut\u00eantico e cultural, tornando este porta-chaves numa maravilhosa recorda\u00e7\u00e3o que liga o turista \u00e0 arquitetura e \u00e0 arte da cidade. Na Ol\u00e9 Mosaic, oferecemos uma extensa variedade de recorda\u00e7\u00f5es de qualidade por grosso, e este porta-chaves de drag\u00e3o \u00e9 uma excelente op\u00e7\u00e3o para lojas de presentes tur\u00edsticos que procuram destacar produtos aut\u00eanticos e relevantes. Aproveite esta oportunidade para deliciar os seus clientes com um peda\u00e7o do legado de Gaud\u00ed que poder\u00e3o levar consigo para qualquer lugar.<\/p>\n","protected":false},"excerpt":{"rendered":"<p>Porta-chaves de madeira com design de drag\u00e3o, inspirado na famosa obra de Antoni Gaud\u00ed em Barcelona. Esta pe\u00e7a apresenta um vibrante mosaico de cores em tons azuis, verdes e amarelos, que capta a ess\u00eancia da criatividade do arquiteto. A figura do drag\u00e3o \u00e9 complementada pela palavra &#8220;Barcelona&#8221; a cores, destacando-se sobre um fundo que reproduz os ic\u00f3nicos azulejos. Uma recorda\u00e7\u00e3o perfeita para levar consigo um peda\u00e7o da arquitetura modernista.<\/p>\n","protected":false},"featured_media":10448,"template":"","meta":{"_acf_changed":false},"product_brand":[],"product_cat":[611],"product_tag":[],"class_list":{"0":"post-33020","1":"product","2":"type-product","3":"status-publish","4":"has-post-thumbnail","6":"product_cat-porta-chaves","7":"pa_ciudad-barcelona","8":"pa_motivo-dragao","9":"pa_pais-espana","11":"first","12":"instock","13":"shipping-taxable","14":"product-type-simple"},"acf":[],"_links":{"self":[{"href":"https:\/\/olemosaic.com\/pt-pt\/wp-json\/wp\/v2\/product\/33020","targetHints":{"allow":["GET"]}}],"collection":[{"href":"https:\/\/olemosaic.com\/pt-pt\/wp-json\/wp\/v2\/product"}],"about":[{"href":"https:\/\/olemosaic.com\/pt-pt\/wp-json\/wp\/v2\/types\/product"}],"wp:featuredmedia":[{"embeddable":true,"href":"https:\/\/olemosaic.com\/pt-pt\/wp-json\/wp\/v2\/media\/10448"}],"wp:attachment":[{"href":"https:\/\/olemosaic.com\/pt-pt\/wp-json\/wp\/v2\/media?parent=33020"}],"wp:term":[{"taxonomy":"product_brand","embeddable":true,"href":"https:\/\/olemosaic.com\/pt-pt\/wp-json\/wp\/v2\/product_brand?post=33020"},{"taxonomy":"product_cat","embeddable":true,"href":"https:\/\/olemosaic.com\/pt-pt\/wp-json\/wp\/v2\/product_cat?post=33020"},{"taxonomy":"product_tag","embeddable":true,"href":"https:\/\/olemosaic.com\/pt-pt\/wp-json\/wp\/v2\/product_tag?post=33020"}],"curies":[{"name":"wp","href":"https:\/\/api.w.org\/{rel}","templated":true}]}}