{"id":33019,"date":"2025-02-20T22:33:03","date_gmt":"2025-02-20T22:33:03","guid":{"rendered":"http:\/\/olemosaic.com\/producto\/llavero-de-madera-camino-de-santiago\/"},"modified":"2025-07-25T18:38:56","modified_gmt":"2025-07-25T16:38:56","slug":"porta-chaves-de-madeira-caminho-de-santiago","status":"publish","type":"product","link":"https:\/\/olemosaic.com\/pt-pt\/produto\/porta-chaves-de-madeira-caminho-de-santiago\/","title":{"rendered":"Porta-chaves de madeira. Caminho de Santiago."},"content":{"rendered":"<p>Este colorido porta-chaves de madeira presta homenagem ao emblem\u00e1tico Caminho de Santiago, um profundo s\u00edmbolo de peregrina\u00e7\u00e3o espiritual e cultural em Espanha. O seu design cativante apresenta uma rica ilustra\u00e7\u00e3o com elementos ic\u00f3nicos como a concha do peregrino, uma mochila e v\u00e1rios s\u00edmbolos representativos do caminho, tudo num estilo vibrante que atrai o olhar. A inscri\u00e7\u00e3o &#8220;CAMINO DE SANTIAGO&#8221; destaca-se com letras multicoloridas, refletindo a diversidade e a vida do percurso que atraiu peregrinos de todo o mundo durante s\u00e9culos.<\/p>\n<p>Este porta-chaves n\u00e3o \u00e9 apenas um acess\u00f3rio pr\u00e1tico, mas tamb\u00e9m um presente significativo que capta a ess\u00eancia de uma experi\u00eancia transcendental. A concha, s\u00edmbolo tradicional do caminho, e a imagem da mochila evocam mem\u00f3rias das jornadas vividas e da beleza das paisagens espanholas que os peregrinos percorrem na sua viagem rumo a Santiago de Compostela.<\/p>\n<p>Na Ol\u00e9 Mosaic, especializamo-nos na distribui\u00e7\u00e3o de recorda\u00e7\u00f5es por grosso, e este porta-chaves \u00e9 uma magn\u00edfica op\u00e7\u00e3o para lojas de presentes tur\u00edsticos que procuram oferecer produtos aut\u00eanticos e relevantes. \u00c9 uma recorda\u00e7\u00e3o ideal do Caminho de Santiago, que proporciona aos turistas uma forma tang\u00edvel de recordar a sua travessia e a liga\u00e7\u00e3o cultural com esta rota hist\u00f3rica. Como grossista de porta-chaves, garantimos a qualidade e a autenticidade de cada pe\u00e7a, tornando-o uma excelente recorda\u00e7\u00e3o que celebra a rica tradi\u00e7\u00e3o espanhola.<\/p>\n","protected":false},"excerpt":{"rendered":"<p>Porta-chaves de madeira colorido em homenagem ao Caminho de Santiago. Este atraente porta-chaves apresenta uma ilustra\u00e7\u00e3o variada com elementos ic\u00f3nicos, como a concha do peregrino, uma mochila e s\u00edmbolos do caminho, tudo com um design vibrante. A inscri\u00e7\u00e3o &#8220;CAMINO DE SANTIAGO&#8221; destaca-se com letras multicoloridas, capturando a ess\u00eancia desta cl\u00e1ssica rota de peregrina\u00e7\u00e3o. Uma recorda\u00e7\u00e3o ideal para evocar esta experi\u00eancia espiritual e cultural em Espanha.<\/p>\n","protected":false},"featured_media":10800,"template":"","meta":{"_acf_changed":false},"product_brand":[],"product_cat":[611],"product_tag":[],"class_list":{"0":"post-33019","1":"product","2":"type-product","3":"status-publish","4":"has-post-thumbnail","6":"product_cat-porta-chaves","7":"pa_ciudad-santiago","8":"pa_pais-espana","10":"first","11":"instock","12":"shipping-taxable","13":"product-type-simple"},"acf":[],"_links":{"self":[{"href":"https:\/\/olemosaic.com\/pt-pt\/wp-json\/wp\/v2\/product\/33019","targetHints":{"allow":["GET"]}}],"collection":[{"href":"https:\/\/olemosaic.com\/pt-pt\/wp-json\/wp\/v2\/product"}],"about":[{"href":"https:\/\/olemosaic.com\/pt-pt\/wp-json\/wp\/v2\/types\/product"}],"wp:featuredmedia":[{"embeddable":true,"href":"https:\/\/olemosaic.com\/pt-pt\/wp-json\/wp\/v2\/media\/10800"}],"wp:attachment":[{"href":"https:\/\/olemosaic.com\/pt-pt\/wp-json\/wp\/v2\/media?parent=33019"}],"wp:term":[{"taxonomy":"product_brand","embeddable":true,"href":"https:\/\/olemosaic.com\/pt-pt\/wp-json\/wp\/v2\/product_brand?post=33019"},{"taxonomy":"product_cat","embeddable":true,"href":"https:\/\/olemosaic.com\/pt-pt\/wp-json\/wp\/v2\/product_cat?post=33019"},{"taxonomy":"product_tag","embeddable":true,"href":"https:\/\/olemosaic.com\/pt-pt\/wp-json\/wp\/v2\/product_tag?post=33019"}],"curies":[{"name":"wp","href":"https:\/\/api.w.org\/{rel}","templated":true}]}}