{"id":33017,"date":"2025-02-20T22:33:02","date_gmt":"2025-02-20T22:33:02","guid":{"rendered":"http:\/\/olemosaic.com\/producto\/llavero-de-madera-letra-h-mosaico\/"},"modified":"2025-07-25T18:47:12","modified_gmt":"2025-07-25T16:47:12","slug":"porta-chaves-de-madeira-letra-h-mosaico","status":"publish","type":"product","link":"https:\/\/olemosaic.com\/pt-pt\/produto\/porta-chaves-de-madeira-letra-h-mosaico\/","title":{"rendered":"Porta-chaves de madeira. Letra H. Mosaico."},"content":{"rendered":"<p>Este chamativo porta-chaves de madeira com a forma da letra &#8220;H&#8221; \u00e9 uma vibrante homenagem \u00e0 tradi\u00e7\u00e3o dos mosaicos espanh\u00f3is. Com um design que apresenta uma atraente paleta de cores, este porta-chaves capta a ess\u00eancia dos mosaicos, s\u00edmbolos ic\u00f3nicos da arte e da cultura de Espanha. Cada fragmento de cor, desde azuis frescos at\u00e9 rosas e amarelos quentes, forma uma composi\u00e7\u00e3o \u00fanica que n\u00e3o s\u00f3 real\u00e7a a individualidade do produto, mas tamb\u00e9m celebra a rica heran\u00e7a art\u00edstica que caracteriza muitas regi\u00f5es espanholas, especialmente a Andaluzia.<\/p>\n<p>A forma distintiva da letra &#8220;H&#8221; acrescenta um toque pessoal e divertido, tornando este porta-chaves n\u00e3o apenas um acess\u00f3rio pr\u00e1tico, mas tamb\u00e9m uma recorda\u00e7\u00e3o que permite aos turistas levar um pedacinho de Espanha para casa. O seu design artesanal garante que cada pe\u00e7a seja \u00fanica, refletindo o trabalho meticuloso e a dedica\u00e7\u00e3o investidos na sua cria\u00e7\u00e3o. Este porta-chaves \u00e9 ideal para quem procura um presente significativo que represente a cultura local e a identidade espanhola.<\/p>\n<p>Na Ol\u00e9 Mosaic, especialistas em recorda\u00e7\u00f5es por grosso, oferecemos produtos que se destacam pela sua autenticidade e qualidade. Este porta-chaves de mosaico \u00e9 uma op\u00e7\u00e3o perfeita para lojas de presentes tur\u00edsticos que desejam oferecer pe\u00e7as que n\u00e3o sejam apenas esteticamente agrad\u00e1veis, mas tamb\u00e9m culturalmente relevantes.<\/p>\n","protected":false},"excerpt":{"rendered":"<p>Porta-chaves de madeira com a forma da letra H, decorado com um design vibrante de mosaico. Este colorido porta-chaves incorpora uma variedade de tonalidades que lembram os mosaicos tradicionais, destacando a sua individualidade e artesanato. Ideal para personalizar as suas chaves, esta recorda\u00e7\u00e3o \u00e9 uma excelente representa\u00e7\u00e3o da rica cultura e arte espanholas, tornando-se um presente atraente e \u00fanico que capta a sua ess\u00eancia.<\/p>\n","protected":false},"featured_media":10758,"template":"","meta":{"_acf_changed":false},"product_brand":[],"product_cat":[611],"product_tag":[612],"class_list":{"0":"post-33017","1":"product","2":"type-product","3":"status-publish","4":"has-post-thumbnail","6":"product_cat-porta-chaves","7":"product_tag-cartas","8":"pa_motivo-letra-h","10":"first","11":"instock","12":"shipping-taxable","13":"product-type-simple"},"acf":[],"_links":{"self":[{"href":"https:\/\/olemosaic.com\/pt-pt\/wp-json\/wp\/v2\/product\/33017","targetHints":{"allow":["GET"]}}],"collection":[{"href":"https:\/\/olemosaic.com\/pt-pt\/wp-json\/wp\/v2\/product"}],"about":[{"href":"https:\/\/olemosaic.com\/pt-pt\/wp-json\/wp\/v2\/types\/product"}],"wp:featuredmedia":[{"embeddable":true,"href":"https:\/\/olemosaic.com\/pt-pt\/wp-json\/wp\/v2\/media\/10758"}],"wp:attachment":[{"href":"https:\/\/olemosaic.com\/pt-pt\/wp-json\/wp\/v2\/media?parent=33017"}],"wp:term":[{"taxonomy":"product_brand","embeddable":true,"href":"https:\/\/olemosaic.com\/pt-pt\/wp-json\/wp\/v2\/product_brand?post=33017"},{"taxonomy":"product_cat","embeddable":true,"href":"https:\/\/olemosaic.com\/pt-pt\/wp-json\/wp\/v2\/product_cat?post=33017"},{"taxonomy":"product_tag","embeddable":true,"href":"https:\/\/olemosaic.com\/pt-pt\/wp-json\/wp\/v2\/product_tag?post=33017"}],"curies":[{"name":"wp","href":"https:\/\/api.w.org\/{rel}","templated":true}]}}