{"id":33016,"date":"2025-02-20T22:33:02","date_gmt":"2025-02-20T22:33:02","guid":{"rendered":"http:\/\/olemosaic.com\/producto\/llavero-de-madera-letra-c-mosaico\/"},"modified":"2025-07-25T18:35:37","modified_gmt":"2025-07-25T16:35:37","slug":"porta-chaves-de-madeira-letra-c-mosaico","status":"publish","type":"product","link":"https:\/\/olemosaic.com\/pt-pt\/produto\/porta-chaves-de-madeira-letra-c-mosaico\/","title":{"rendered":"Porta-chaves de madeira. Letra C. Mosaico."},"content":{"rendered":"<p>Este chamativo porta-chaves de madeira com a forma da letra &#8220;C&#8221; \u00e9 uma pe\u00e7a \u00fanica que funde funcionalidade e arte, destacando-se como uma aut\u00eantica recorda\u00e7\u00e3o da rica heran\u00e7a cultural espanhola. Decorado com um design vibrante de mosaico, o porta-chaves apresenta uma paleta de cores din\u00e2mica, com vermelho, azul, verde e amarelo, que evoca o estilo arquitet\u00f3nico tradicional presente em pra\u00e7as e edif\u00edcios emblem\u00e1ticos do pa\u00eds, como as obras de Gaud\u00ed em Barcelona. A t\u00e9cnica do mosaico utilizada real\u00e7a a destreza e criatividade dos artes\u00e3os espanh\u00f3is, convertendo este porta-chaves num s\u00edmbolo da fus\u00e3o entre o artesanato e a arte contempor\u00e2nea.<\/p>\n<p>Com dimens\u00f5es ideais para levar para qualquer lado, este porta-chaves n\u00e3o \u00e9 apenas um acess\u00f3rio pr\u00e1tico para as chaves, mas tamb\u00e9m uma recorda\u00e7\u00e3o constante das suas viagens e experi\u00eancias em Espanha. O seu design multicolor, al\u00e9m de atraente, reflete a diversidade cultural e art\u00edstica do pa\u00eds, o que o torna um excelente presente para turistas e uma valiosa adi\u00e7\u00e3o para qualquer loja de recorda\u00e7\u00f5es. Na Ol\u00e9 Mosaic distribu\u00edmos este original porta-chaves de madeira por grosso, garantindo a autenticidade e qualidade de cada pe\u00e7a. \u00c9 a escolha perfeita para quem procura uma recorda\u00e7\u00e3o representativa e com significado cultural.<\/p>\n","protected":false},"excerpt":{"rendered":"<p>Porta-chaves de madeira com a forma da letra &#8220;C&#8221;, decorado com um design de mosaico vibrante. Este atraente porta-chaves apresenta uma paleta de cores que inclui vermelho, azul, verde e amarelo, evocando o estilo arquitet\u00f3nico tradicional espanhol. Perfeito como recorda\u00e7\u00e3o, destaca-se pela sua t\u00e9cnica de mosaico multicolor que real\u00e7a a arte e a cultura de Espanha, oferecendo uma pe\u00e7a \u00fanica e funcional para levar as chaves com estilo.<\/p>\n","protected":false},"featured_media":10753,"template":"","meta":{"_acf_changed":false},"product_brand":[],"product_cat":[611],"product_tag":[612],"class_list":{"0":"post-33016","1":"product","2":"type-product","3":"status-publish","4":"has-post-thumbnail","6":"product_cat-porta-chaves","7":"product_tag-cartas","8":"pa_motivo-letra-c","10":"first","11":"instock","12":"shipping-taxable","13":"product-type-simple"},"acf":[],"_links":{"self":[{"href":"https:\/\/olemosaic.com\/pt-pt\/wp-json\/wp\/v2\/product\/33016","targetHints":{"allow":["GET"]}}],"collection":[{"href":"https:\/\/olemosaic.com\/pt-pt\/wp-json\/wp\/v2\/product"}],"about":[{"href":"https:\/\/olemosaic.com\/pt-pt\/wp-json\/wp\/v2\/types\/product"}],"wp:featuredmedia":[{"embeddable":true,"href":"https:\/\/olemosaic.com\/pt-pt\/wp-json\/wp\/v2\/media\/10753"}],"wp:attachment":[{"href":"https:\/\/olemosaic.com\/pt-pt\/wp-json\/wp\/v2\/media?parent=33016"}],"wp:term":[{"taxonomy":"product_brand","embeddable":true,"href":"https:\/\/olemosaic.com\/pt-pt\/wp-json\/wp\/v2\/product_brand?post=33016"},{"taxonomy":"product_cat","embeddable":true,"href":"https:\/\/olemosaic.com\/pt-pt\/wp-json\/wp\/v2\/product_cat?post=33016"},{"taxonomy":"product_tag","embeddable":true,"href":"https:\/\/olemosaic.com\/pt-pt\/wp-json\/wp\/v2\/product_tag?post=33016"}],"curies":[{"name":"wp","href":"https:\/\/api.w.org\/{rel}","templated":true}]}}