{"id":33015,"date":"2025-02-20T23:33:02","date_gmt":"2025-02-20T22:33:02","guid":{"rendered":"http:\/\/olemosaic.com\/producto\/llavero-de-madera-letra-z\/"},"modified":"2025-07-25T18:52:10","modified_gmt":"2025-07-25T16:52:10","slug":"porta-chaves-de-madeira-letra-z","status":"publish","type":"product","link":"https:\/\/olemosaic.com\/pt-pt\/produto\/porta-chaves-de-madeira-letra-z\/","title":{"rendered":"Porta-chaves de madeira. Letra Z."},"content":{"rendered":"<p>Este chamativo porta-chaves de madeira com a forma da letra &#8216;Z&#8217; \u00e9 uma recorda\u00e7\u00e3o \u00fanica que captura a ess\u00eancia vibrante da arquitetura espanhola, evocando especialmente os magn\u00edficos mosaicos que adornam muitos dos seus monumentos. O porta-chaves destaca-se pelo seu design colorido, com tons intensos de vermelho, azul, verde e amarelo entrela\u00e7ados num padr\u00e3o din\u00e2mico que recorda a cer\u00e2mica tradicional. O seu fundo preto real\u00e7a a forma do &#8216;Z&#8217;, fazendo deste artigo algo mais do que funcional; \u00e9 uma pe\u00e7a art\u00edstica que acrescenta um toque de cor e personalidade \u00e0s suas chaves.<\/p>\n<p>Com um acabamento que demonstra o artesanato de qualidade, este porta-chaves representa uma liga\u00e7\u00e3o cultural significativa com Espanha e as suas tradi\u00e7\u00f5es art\u00edsticas. Os mosaicos s\u00e3o um s\u00edmbolo do patrim\u00f3nio art\u00edstico espanhol, presentes em muitas das suas constru\u00e7\u00f5es emblem\u00e1ticas, desde o modernismo catal\u00e3o at\u00e9 \u00e0s obras da Alhambra. Este porta-chaves \u00e9, portanto, uma excelente recorda\u00e7\u00e3o para os turistas que desejam levar um pedacinho desta rica cultura para casa.<\/p>\n<p>Na Ol\u00e9 Mosaic, somos distribuidores de recorda\u00e7\u00f5es por grosso e este porta-chaves de madeira n\u00e3o s\u00f3 \u00e9 um excelente presente, como tamb\u00e9m permite personalizar as chaves de forma \u00fanica. \u00c9 uma op\u00e7\u00e3o ideal para lojas de presentes tur\u00edsticos que procuram oferecer aos seus clientes recorda\u00e7\u00f5es aut\u00eanticas e coloridas. Com o seu design atraente e a sua relev\u00e2ncia cultural, este porta-chaves com a letra &#8216;Z&#8217; \u00e9 uma escolha perfeita para quem procura recorda\u00e7\u00f5es de qualidade que representem a beleza da tradi\u00e7\u00e3o espanhola.<\/p>\n","protected":false},"excerpt":{"rendered":"<p>Porta-chaves de madeira com a forma da letra &#8216;Z&#8217;, decorado com um design de mosaico vibrante. Esta atraente recorda\u00e7\u00e3o apresenta uma paleta de cores vivas, com tons de vermelho, azul, verde e amarelo que evocam os emblem\u00e1ticos mosaicos da arquitetura espanhola. A pe\u00e7a tem um fundo preto que real\u00e7a a forma da letra. Ideal para personalizar as suas chaves ou como presente, este porta-chaves combina funcionalidade e arte.<\/p>\n","protected":false},"featured_media":10945,"template":"","meta":{"_acf_changed":false},"product_brand":[],"product_cat":[611],"product_tag":[612],"class_list":{"0":"post-33015","1":"product","2":"type-product","3":"status-publish","4":"has-post-thumbnail","6":"product_cat-porta-chaves","7":"product_tag-cartas","8":"pa_motivo-letra-z","10":"first","11":"instock","12":"shipping-taxable","13":"product-type-simple"},"acf":[],"_links":{"self":[{"href":"https:\/\/olemosaic.com\/pt-pt\/wp-json\/wp\/v2\/product\/33015","targetHints":{"allow":["GET"]}}],"collection":[{"href":"https:\/\/olemosaic.com\/pt-pt\/wp-json\/wp\/v2\/product"}],"about":[{"href":"https:\/\/olemosaic.com\/pt-pt\/wp-json\/wp\/v2\/types\/product"}],"wp:featuredmedia":[{"embeddable":true,"href":"https:\/\/olemosaic.com\/pt-pt\/wp-json\/wp\/v2\/media\/10945"}],"wp:attachment":[{"href":"https:\/\/olemosaic.com\/pt-pt\/wp-json\/wp\/v2\/media?parent=33015"}],"wp:term":[{"taxonomy":"product_brand","embeddable":true,"href":"https:\/\/olemosaic.com\/pt-pt\/wp-json\/wp\/v2\/product_brand?post=33015"},{"taxonomy":"product_cat","embeddable":true,"href":"https:\/\/olemosaic.com\/pt-pt\/wp-json\/wp\/v2\/product_cat?post=33015"},{"taxonomy":"product_tag","embeddable":true,"href":"https:\/\/olemosaic.com\/pt-pt\/wp-json\/wp\/v2\/product_tag?post=33015"}],"curies":[{"name":"wp","href":"https:\/\/api.w.org\/{rel}","templated":true}]}}