{"id":33012,"date":"2025-02-20T23:33:02","date_gmt":"2025-02-20T22:33:02","guid":{"rendered":"http:\/\/olemosaic.com\/producto\/4-bols-de-coco-de-13-x-6-cm-tortuga-barcelona-2\/"},"modified":"2025-07-25T20:21:21","modified_gmt":"2025-07-25T18:21:21","slug":"4-tacas-de-coco-de-13-x-6-cm-tartaruga-barcelona-pt-pt","status":"publish","type":"product","link":"https:\/\/olemosaic.com\/pt-pt\/produto\/4-tacas-de-coco-de-13-x-6-cm-tartaruga-barcelona-pt-pt\/","title":{"rendered":"4 Ta\u00e7as de coco de 13 x 6 cm. Fauna marinha. Tartaruga. Barcelona."},"content":{"rendered":"<p>Este conjunto de 4 ta\u00e7as de coco, inspiradas na fauna marinha de Barcelona, \u00e9 uma pe\u00e7a \u00fanica que funde funcionalidade e arte. Cada ta\u00e7a, de 13 x 6 cm, foi elaborada meticulosamente \u00e0 m\u00e3o, o que garante um design muito especial e exclusivo. Os acabamentos coloridos, em tons vibrantes de azul, laranja, dourado e vermelho, criam um espet\u00e1culo visual onde se destacam os motivos de tartarugas, evocando a rica vida marinha da costa de Barcelona. A t\u00e9cnica de pintura real\u00e7a a textura natural do coco, oferecendo um acabamento atrativo e t\u00e1tilmente interessante que promove uma liga\u00e7\u00e3o mais profunda com o produto.<\/p>\n<p>Estas ta\u00e7as s\u00e3o ideais tanto para servir aperitivos em reuni\u00f5es e festas como para decorar qualquer casa, levando um pedacinho da vibrante cultura catal\u00e3 para a vida quotidiana. Como recorda\u00e7\u00f5es de Barcelona, representam uma liga\u00e7\u00e3o cultural inestim\u00e1vel, recordando a quem as usa as belas praias e a vida marinha que caracteriza esta cidade mediterr\u00e2nica. Na Ol\u00e9 Mosaic, orgulhamo-nos de oferecer estas exclusivas ta\u00e7as de coco por grosso, perfeitas para lojas de presentes tur\u00edsticos que procuram recorda\u00e7\u00f5es aut\u00eanticas que realcem a beleza e a singularidade de Barcelona. Proporcionam, al\u00e9m de um toque decorativo, um significado cultural que as torna recorda\u00e7\u00f5es inesquec\u00edveis.<\/p>\n","protected":false},"excerpt":{"rendered":"<p>Conjunto de quatro ta\u00e7as de coco, de 13 x 6 cm, inspiradas na fauna marinha de Barcelona. Cada ta\u00e7a apresenta um design \u00fanico com acabamentos coloridos em tons de azul, laranja, dourado e vermelho, decoradas com motivos de tartarugas. A t\u00e9cnica de design artesanal, pintada \u00e0 m\u00e3o, real\u00e7a a textura natural do coco e os detalhes do design, tornando este conjunto uma pe\u00e7a ideal para servir aperitivos ou como elemento decorativo. Perfeitas para levar um pedacinho de Barcelona para casa.<\/p>\n","protected":false},"featured_media":10659,"template":"","meta":{"_acf_changed":false},"product_brand":[],"product_cat":[513],"product_tag":[516],"class_list":{"0":"post-33012","1":"product","2":"type-product","3":"status-publish","4":"has-post-thumbnail","6":"product_cat-bols","7":"product_tag-animais","8":"pa_ciudad-barcelona","9":"pa_motivo-tartarugas","10":"pa_pais-espana","12":"first","13":"instock","14":"shipping-taxable","15":"product-type-simple"},"acf":[],"_links":{"self":[{"href":"https:\/\/olemosaic.com\/pt-pt\/wp-json\/wp\/v2\/product\/33012","targetHints":{"allow":["GET"]}}],"collection":[{"href":"https:\/\/olemosaic.com\/pt-pt\/wp-json\/wp\/v2\/product"}],"about":[{"href":"https:\/\/olemosaic.com\/pt-pt\/wp-json\/wp\/v2\/types\/product"}],"wp:featuredmedia":[{"embeddable":true,"href":"https:\/\/olemosaic.com\/pt-pt\/wp-json\/wp\/v2\/media\/10659"}],"wp:attachment":[{"href":"https:\/\/olemosaic.com\/pt-pt\/wp-json\/wp\/v2\/media?parent=33012"}],"wp:term":[{"taxonomy":"product_brand","embeddable":true,"href":"https:\/\/olemosaic.com\/pt-pt\/wp-json\/wp\/v2\/product_brand?post=33012"},{"taxonomy":"product_cat","embeddable":true,"href":"https:\/\/olemosaic.com\/pt-pt\/wp-json\/wp\/v2\/product_cat?post=33012"},{"taxonomy":"product_tag","embeddable":true,"href":"https:\/\/olemosaic.com\/pt-pt\/wp-json\/wp\/v2\/product_tag?post=33012"}],"curies":[{"name":"wp","href":"https:\/\/api.w.org\/{rel}","templated":true}]}}