{"id":33011,"date":"2025-02-20T23:33:01","date_gmt":"2025-02-20T22:33:01","guid":{"rendered":"http:\/\/olemosaic.com\/producto\/4-bols-de-coco-de-13-x-6-cm-bailaora-2\/"},"modified":"2025-07-25T19:02:14","modified_gmt":"2025-07-25T17:02:14","slug":"4-tacas-de-coco-de-13-x-6-cm-bailarina-mosaico","status":"publish","type":"product","link":"https:\/\/olemosaic.com\/pt-pt\/produto\/4-tacas-de-coco-de-13-x-6-cm-bailarina-mosaico\/","title":{"rendered":"4 Ta\u00e7as de coco de 13 x 6 cm. Bailarina. Mosaico."},"content":{"rendered":"<p>Este conjunto de 4 ta\u00e7as de coco \u00e9 a ess\u00eancia da tradi\u00e7\u00e3o e da arte flamenca, ideal para quem procura uma recorda\u00e7\u00e3o aut\u00eantica de Espanha. Com um tamanho de 13 x 6 cm, cada ta\u00e7a \u00e9 meticulosamente elaborada a partir de casca de coco, conferindo um toque natural e artesanal que real\u00e7a a sua singularidade. Cada pe\u00e7a apresenta um design vibrante, com mosaicos coloridos que destacam a figura de uma bailarina no centro, simbolizando a paix\u00e3o e o ritmo do flamenco.<\/p>\n<p>Os motivos florais que emolduram a bailarina s\u00e3o ornamentados em tons vibrantes, desde azuis e rosas at\u00e9 amarelos e alaranjados. Cada ta\u00e7a \u00e9 uma obra de arte que combina a beleza da dan\u00e7a flamenca com a rica heran\u00e7a cultural de Espanha. O seu design n\u00e3o s\u00f3 \u00e9 visualmente impactante, como tamb\u00e9m o torna um excelente acess\u00f3rio para servir aperitivos, transformando qualquer reuni\u00e3o numa celebra\u00e7\u00e3o da cultura espanhola.<\/p>\n<p>Estas ta\u00e7as n\u00e3o s\u00e3o apenas utens\u00edlios; s\u00e3o recorda\u00e7\u00f5es que capturam a ess\u00eancia do flamenco e o calor da hospitalidade espanhola. Na Ol\u00e9 Mosaic, dedicamo-nos \u00e0 distribui\u00e7\u00e3o de recorda\u00e7\u00f5es por grosso, e este conjunto de ta\u00e7as de coco \u00e9 uma op\u00e7\u00e3o perfeita para as lojas de presentes tur\u00edsticos que desejam oferecer produtos aut\u00eanticos e representativos da tradi\u00e7\u00e3o espanhola. A sua relev\u00e2ncia cultural e a sua est\u00e9tica vibrante tornam-no uma excelente recorda\u00e7\u00e3o de Espanha, ideal para turistas que procuram levar um peda\u00e7o da arte e da cultura deste belo pa\u00eds.<\/p>\n","protected":false},"excerpt":{"rendered":"<p>Conjunto de quatro ta\u00e7as de coco, de 13 x 6 cm cada uma, decoradas com mosaicos coloridos que representam uma bailarina de flamenco. As ta\u00e7as s\u00e3o elaboradas a partir de casca de coco, o que lhes confere um toque natural e artesanal. Cada pe\u00e7a apresenta um design \u00fanico, com motivos florais em tons vibrantes que real\u00e7am o perfil da bailarina no centro. Uma excelente op\u00e7\u00e3o para servir aperitivos ou como decora\u00e7\u00e3o, evocando a ess\u00eancia da arte flamenca.<\/p>\n","protected":false},"featured_media":13813,"template":"","meta":{"_acf_changed":false},"product_brand":[],"product_cat":[513],"product_tag":[],"class_list":{"0":"post-33011","1":"product","2":"type-product","3":"status-publish","4":"has-post-thumbnail","6":"product_cat-bols","7":"pa_motivo-dancarinos","9":"first","10":"instock","11":"shipping-taxable","12":"product-type-simple"},"acf":[],"_links":{"self":[{"href":"https:\/\/olemosaic.com\/pt-pt\/wp-json\/wp\/v2\/product\/33011","targetHints":{"allow":["GET"]}}],"collection":[{"href":"https:\/\/olemosaic.com\/pt-pt\/wp-json\/wp\/v2\/product"}],"about":[{"href":"https:\/\/olemosaic.com\/pt-pt\/wp-json\/wp\/v2\/types\/product"}],"wp:featuredmedia":[{"embeddable":true,"href":"https:\/\/olemosaic.com\/pt-pt\/wp-json\/wp\/v2\/media\/13813"}],"wp:attachment":[{"href":"https:\/\/olemosaic.com\/pt-pt\/wp-json\/wp\/v2\/media?parent=33011"}],"wp:term":[{"taxonomy":"product_brand","embeddable":true,"href":"https:\/\/olemosaic.com\/pt-pt\/wp-json\/wp\/v2\/product_brand?post=33011"},{"taxonomy":"product_cat","embeddable":true,"href":"https:\/\/olemosaic.com\/pt-pt\/wp-json\/wp\/v2\/product_cat?post=33011"},{"taxonomy":"product_tag","embeddable":true,"href":"https:\/\/olemosaic.com\/pt-pt\/wp-json\/wp\/v2\/product_tag?post=33011"}],"curies":[{"name":"wp","href":"https:\/\/api.w.org\/{rel}","templated":true}]}}