{"id":32997,"date":"2025-02-20T23:33:01","date_gmt":"2025-02-20T22:33:01","guid":{"rendered":"http:\/\/olemosaic.com\/producto\/4-bols-de-coco-de-13-x-6-cm-salamandra-tenerife-4\/"},"modified":"2025-07-25T19:41:37","modified_gmt":"2025-07-25T17:41:37","slug":"4-tacas-de-coco-de-13-x-6-cm-salamandra-tenerife-4","status":"publish","type":"product","link":"https:\/\/olemosaic.com\/pt-pt\/produto\/4-tacas-de-coco-de-13-x-6-cm-salamandra-tenerife-4\/","title":{"rendered":"Conjunto de 4 ta\u00e7as de coco de 13 x 6 cm. Salamandra. Tenerife. Can\u00e1rias."},"content":{"rendered":"<p>Este conjunto de 4 ta\u00e7as de coco \u00e9 um belo exemplo do artesanato tradicional de Tenerife, ideal para quem procura recorda\u00e7\u00f5es aut\u00eanticas. Cada ta\u00e7a, com 13 cm de di\u00e2metro e 6 cm de altura, est\u00e1 decorada com um design encantador de salamandra, um s\u00edmbolo ic\u00f3nico das Ilhas Can\u00e1rias. A exuberante paleta de cores, com tons vibrantes de azul, amarelo e castanho, combina-se num atraente mosaico de cora\u00e7\u00f5es e flores que celebra a cultura can\u00e1ria.<\/p>\n<p>A palavra &#8220;Tenerife&#8221; est\u00e1 visivelmente gravada em cada pe\u00e7a, acrescentando um toque pessoal que recorda a beleza e o calor das ilhas. Estas ta\u00e7as n\u00e3o s\u00e3o apenas funcionais, perfeitas para servir aperitivos ou snacks, mas tamb\u00e9m servem como elementos decorativos, trazendo um ar ex\u00f3tico e fresco a qualquer casa. O seu design \u00fanico reflete a rica heran\u00e7a cultural de Tenerife, tornando-as o presente ideal para turistas que desejem levar consigo um peda\u00e7o das tradi\u00e7\u00f5es can\u00e1rias.<\/p>\n<p>Na Ol\u00e9 Mosaic, especializamo-nos na distribui\u00e7\u00e3o de lembran\u00e7as por grosso, oferecendo produtos que real\u00e7am a beleza e a autenticidade da cultura espanhola. Este conjunto de ta\u00e7as de coco \u00e9 uma excelente op\u00e7\u00e3o para lojas de presentes tur\u00edsticos que procuram artigos representativos da sua regi\u00e3o. Incorpore estas ta\u00e7as no seu cat\u00e1logo e ofere\u00e7a aos seus clientes uma recorda\u00e7\u00e3o que celebre a rica diversidade de Tenerife.<\/p>\n","protected":false},"excerpt":{"rendered":"<p>Conjunto de 4 ta\u00e7as de coco de 13 x 6 cm, decoradas com um design de salamandra, t\u00edpico de Tenerife. Cada ta\u00e7a apresenta um mosaico colorido de formas de cora\u00e7\u00f5es e flores, criando um apelo visual. As cores vibrantes, que incluem tons de azul, amarelo e castanho, real\u00e7am a beleza das tradi\u00e7\u00f5es can\u00e1rias. Com a palavra &#8220;Tenerife&#8221; vis\u00edvel em cada pe\u00e7a, s\u00e3o perfeitas para servir aperitivos ou como elemento decorativo no lar.<\/p>\n","protected":false},"featured_media":10699,"template":"","meta":{"_acf_changed":false},"product_brand":[],"product_cat":[513],"product_tag":[516],"class_list":{"0":"post-32997","1":"product","2":"type-product","3":"status-publish","4":"has-post-thumbnail","6":"product_cat-bols","7":"product_tag-animais","8":"pa_ciudad-tenerife","9":"pa_motivo-salamandras","10":"pa_pais-espana","12":"first","13":"instock","14":"shipping-taxable","15":"product-type-simple"},"acf":[],"_links":{"self":[{"href":"https:\/\/olemosaic.com\/pt-pt\/wp-json\/wp\/v2\/product\/32997","targetHints":{"allow":["GET"]}}],"collection":[{"href":"https:\/\/olemosaic.com\/pt-pt\/wp-json\/wp\/v2\/product"}],"about":[{"href":"https:\/\/olemosaic.com\/pt-pt\/wp-json\/wp\/v2\/types\/product"}],"wp:featuredmedia":[{"embeddable":true,"href":"https:\/\/olemosaic.com\/pt-pt\/wp-json\/wp\/v2\/media\/10699"}],"wp:attachment":[{"href":"https:\/\/olemosaic.com\/pt-pt\/wp-json\/wp\/v2\/media?parent=32997"}],"wp:term":[{"taxonomy":"product_brand","embeddable":true,"href":"https:\/\/olemosaic.com\/pt-pt\/wp-json\/wp\/v2\/product_brand?post=32997"},{"taxonomy":"product_cat","embeddable":true,"href":"https:\/\/olemosaic.com\/pt-pt\/wp-json\/wp\/v2\/product_cat?post=32997"},{"taxonomy":"product_tag","embeddable":true,"href":"https:\/\/olemosaic.com\/pt-pt\/wp-json\/wp\/v2\/product_tag?post=32997"}],"curies":[{"name":"wp","href":"https:\/\/api.w.org\/{rel}","templated":true}]}}