{"id":32996,"date":"2025-02-20T22:33:01","date_gmt":"2025-02-20T22:33:01","guid":{"rendered":"http:\/\/olemosaic.com\/producto\/plato-de-ceramica-de-20-cm-patio-blanco\/"},"modified":"2025-07-25T18:34:05","modified_gmt":"2025-07-25T16:34:05","slug":"prato-de-ceramica-de-20-cm-patio-branco","status":"publish","type":"product","link":"https:\/\/olemosaic.com\/pt-pt\/produto\/prato-de-ceramica-de-20-cm-patio-branco\/","title":{"rendered":"Prato de cer\u00e2mica de 20 cm. P\u00e1tio. Branco."},"content":{"rendered":"<p>Este impressionante prato de cer\u00e2mica de 20 cm \u00e9 uma celebra\u00e7\u00e3o vibrante da cultura andaluza, perfeito para quem procura uma recorda\u00e7\u00e3o aut\u00eantica de Espanha. A pe\u00e7a, com um fundo branco que real\u00e7a a sua decora\u00e7\u00e3o, apresenta uma encantadora ilustra\u00e7\u00e3o de um p\u00e1tio t\u00edpico da Andaluzia, onde um par de bailarinos se entrega \u00e0 paix\u00e3o do flamenco. As cores vivas dos trajes \u2014 com folhos vermelhos e detalhes pretos para a bailarina \u2014 contrastam maravilhosamente com o ambiente colorido que rodeia a cena. Flores vermelhas em vasos e plantas verdes decoram o p\u00e1tio, enquanto a luz quente dos candeeiros de rua acrescenta um toque rom\u00e2ntico e nost\u00e1lgico.<\/p>\n<p>Os detalhes art\u00edsticos s\u00e3o meticulosamente pintados \u00e0 m\u00e3o, o que garante a singularidade de cada prato. Este artigo n\u00e3o \u00e9 apenas funcional, mas tamb\u00e9m uma pe\u00e7a decorativa que traz um toque de autenticidade e alegria a qualquer lar.<\/p>\n<p>Como uma das recorda\u00e7\u00f5es mais representativas da Andaluzia, este prato capta a ess\u00eancia do folclore espanhol e a riqueza cultural da regi\u00e3o. Na Ol\u00e9 Mosaic, somos especialistas na distribui\u00e7\u00e3o de lembran\u00e7as por grosso, e este prato de cer\u00e2mica \u00e9 uma op\u00e7\u00e3o ideal para lojas de presentes tur\u00edsticos que desejam oferecer artigos de qualidade e relev\u00e2ncia cultural. Atraer\u00e1 os turistas que procuram recorda\u00e7\u00f5es \u00fanicas da sua visita a Espanha e, sem d\u00favida, ser\u00e1 um elemento que evocar\u00e1 gratas mem\u00f3rias da experi\u00eancia andaluza.<\/p>\n","protected":false},"excerpt":{"rendered":"<p>Prato de cer\u00e2mica de 20 cm com uma ilustra\u00e7\u00e3o vibrante de um p\u00e1tio andaluz que evoca o esp\u00edrito do folclore espanhol. Este prato colorido mostra um par de bailarinos em plena dan\u00e7a, rodeados de flores vermelhas e um ambiente t\u00edpico da Andaluzia. A base branca real\u00e7a as cores vivas dos trajes e a decora\u00e7\u00e3o do p\u00e1tio, criando uma pe\u00e7a art\u00edstica e funcional que celebra a cultura do flamenco. Ideal como recorda\u00e7\u00e3o ou elemento decorativo.<\/p>\n","protected":false},"featured_media":8492,"template":"","meta":{"_acf_changed":false},"product_brand":[],"product_cat":[629],"product_tag":[515],"class_list":{"0":"post-32996","1":"product","2":"type-product","3":"status-publish","4":"has-post-thumbnail","6":"product_cat-pratos-decorativos","7":"product_tag-ceramica","8":"pa_motivo-patios","10":"first","11":"instock","12":"shipping-taxable","13":"product-type-simple"},"acf":[],"_links":{"self":[{"href":"https:\/\/olemosaic.com\/pt-pt\/wp-json\/wp\/v2\/product\/32996","targetHints":{"allow":["GET"]}}],"collection":[{"href":"https:\/\/olemosaic.com\/pt-pt\/wp-json\/wp\/v2\/product"}],"about":[{"href":"https:\/\/olemosaic.com\/pt-pt\/wp-json\/wp\/v2\/types\/product"}],"wp:featuredmedia":[{"embeddable":true,"href":"https:\/\/olemosaic.com\/pt-pt\/wp-json\/wp\/v2\/media\/8492"}],"wp:attachment":[{"href":"https:\/\/olemosaic.com\/pt-pt\/wp-json\/wp\/v2\/media?parent=32996"}],"wp:term":[{"taxonomy":"product_brand","embeddable":true,"href":"https:\/\/olemosaic.com\/pt-pt\/wp-json\/wp\/v2\/product_brand?post=32996"},{"taxonomy":"product_cat","embeddable":true,"href":"https:\/\/olemosaic.com\/pt-pt\/wp-json\/wp\/v2\/product_cat?post=32996"},{"taxonomy":"product_tag","embeddable":true,"href":"https:\/\/olemosaic.com\/pt-pt\/wp-json\/wp\/v2\/product_tag?post=32996"}],"curies":[{"name":"wp","href":"https:\/\/api.w.org\/{rel}","templated":true}]}}