{"id":32954,"date":"2025-02-20T22:32:59","date_gmt":"2025-02-20T22:32:59","guid":{"rendered":"http:\/\/olemosaic.com\/producto\/iman-de-metal-gato-lanzarote-plata-8-cm\/"},"modified":"2025-07-25T18:55:34","modified_gmt":"2025-07-25T16:55:34","slug":"iman-de-metal-gato-lanzarote-prata-8-cm","status":"publish","type":"product","link":"https:\/\/olemosaic.com\/pt-pt\/produto\/iman-de-metal-gato-lanzarote-prata-8-cm\/","title":{"rendered":"\u00cdman de metal. Gato. Lanzarote. Prata. 8 cm."},"content":{"rendered":"<p>Este \u00edman decorativo de metal com forma de gato \u00e9 uma recorda\u00e7\u00e3o alegre que capta a vibrante ess\u00eancia de Lanzarote. Com 8 cm de tamanho, este atraente \u00edman destaca-se pelo seu design em mosaico, uma explos\u00e3o de cores brilhantes: azuis, verdes, amarelos e vermelhos que evocam as paisagens e a arte \u00fanicas da ilha. A figura do gato, com os seus olhos expressivos que parecem ganhar vida, sobressai elegantemente sobre um fundo texturizado que simula o efeito de cer\u00e2mica, acrescentando profundidade e um toque art\u00edstico distintivo \u00e0 pe\u00e7a. Este \u00edman n\u00e3o \u00e9 apenas um elemento decorativo funcional para qualquer frigor\u00edfico ou superf\u00edcie met\u00e1lica, mas tamb\u00e9m um s\u00edmbolo da cultura can\u00e1ria que os turistas querer\u00e3o levar como recorda\u00e7\u00e3o da sua visita a esta ilha paradis\u00edaca.<\/p>\n<p>A presen\u00e7a do gato na cultura de Lanzarote remete para um simbolismo de prote\u00e7\u00e3o e companhia, ressoando com o calor da cultura local. Na Ol\u00e9 Mosaic, como grossistas de souvenirs de Lanzarote, oferecemos produtos aut\u00eanticos que refletem a rica heran\u00e7a cultural desta regi\u00e3o. Este \u00edman de gato \u00e9 uma excelente op\u00e7\u00e3o para lojas de presentes tur\u00edsticos que procuram oferecer recorda\u00e7\u00f5es de qualidade e relev\u00e2ncia cultural, tornando-se um souvenir de destaque de Lanzarote que encantar\u00e1 todos os visitantes.<\/p>\n","protected":false},"excerpt":{"rendered":"<p>\u00cdman met\u00e1lico com forma de gato, inspirado na vibrante cultura de Lanzarote. Este atraente \u00edman de 8 cm apresenta um design colorido em mosaico, com tons brilhantes de azul, verde, amarelo e vermelho, que evocam a arte e as paisagens da ilha. A figura do gato destaca-se elegantemente sobre um fundo texturizado, acrescentando um toque art\u00edstico e distintivo. Um souvenir perfeito para recordar a beleza de Lanzarote.<\/p>\n","protected":false},"featured_media":12848,"template":"","meta":{"_acf_changed":false},"product_brand":[],"product_cat":[699],"product_tag":[516],"class_list":{"0":"post-32954","1":"product","2":"type-product","3":"status-publish","4":"has-post-thumbnail","6":"product_cat-imanes","7":"product_tag-animais","8":"pa_ciudad-lanzarote","9":"pa_motivo-gatos","10":"pa_pais-espana","12":"first","13":"instock","14":"shipping-taxable","15":"product-type-simple"},"acf":[],"_links":{"self":[{"href":"https:\/\/olemosaic.com\/pt-pt\/wp-json\/wp\/v2\/product\/32954","targetHints":{"allow":["GET"]}}],"collection":[{"href":"https:\/\/olemosaic.com\/pt-pt\/wp-json\/wp\/v2\/product"}],"about":[{"href":"https:\/\/olemosaic.com\/pt-pt\/wp-json\/wp\/v2\/types\/product"}],"wp:featuredmedia":[{"embeddable":true,"href":"https:\/\/olemosaic.com\/pt-pt\/wp-json\/wp\/v2\/media\/12848"}],"wp:attachment":[{"href":"https:\/\/olemosaic.com\/pt-pt\/wp-json\/wp\/v2\/media?parent=32954"}],"wp:term":[{"taxonomy":"product_brand","embeddable":true,"href":"https:\/\/olemosaic.com\/pt-pt\/wp-json\/wp\/v2\/product_brand?post=32954"},{"taxonomy":"product_cat","embeddable":true,"href":"https:\/\/olemosaic.com\/pt-pt\/wp-json\/wp\/v2\/product_cat?post=32954"},{"taxonomy":"product_tag","embeddable":true,"href":"https:\/\/olemosaic.com\/pt-pt\/wp-json\/wp\/v2\/product_tag?post=32954"}],"curies":[{"name":"wp","href":"https:\/\/api.w.org\/{rel}","templated":true}]}}