{"id":32952,"date":"2025-02-20T23:32:59","date_gmt":"2025-02-20T22:32:59","guid":{"rendered":"http:\/\/olemosaic.com\/producto\/iman-de-resina-panoramica-barcelona-4\/"},"modified":"2025-07-25T20:15:15","modified_gmt":"2025-07-25T18:15:15","slug":"iman-de-resina-panoramica-barcelona-4-pt-pt","status":"publish","type":"product","link":"https:\/\/olemosaic.com\/pt-pt\/produto\/iman-de-resina-panoramica-barcelona-4-pt-pt\/","title":{"rendered":"\u00cdman de resina. Panor\u00e2mica. Sagrada Fam\u00edlia. Barcelona."},"content":{"rendered":"<p>Este \u00edman de resina capta a vibrante ess\u00eancia de Barcelona, tornando-se a recorda\u00e7\u00e3o perfeita para quem deseja levar um peda\u00e7o da emblem\u00e1tica cidade condal. Com um design panor\u00e2mico e colorido, o \u00edman destaca a inconfund\u00edvel silhueta da Sagrada Fam\u00edlia, adornada majestosamente com tons dourados e avermelhados, e o famoso mosaico do Park G\u00fcell, que acrescenta um toque de arte moderna com as suas matizes azuis, verdes e amarelas. A palavra &#8220;Barcelona&#8221; sobressai em letras chamativas, assegurando que o nome da cidade perdure na mem\u00f3ria de quem o v\u00ea.<\/p>\n<p>Este \u00edman n\u00e3o s\u00f3 embeleza qualquer frigor\u00edfico, como tamb\u00e9m convida os turistas a recordar a rica heran\u00e7a arquitet\u00f3nica e cultural da cidade. A liga\u00e7\u00e3o com Barcelona \u00e9 enfatizada atrav\u00e9s dos seus motivos ic\u00f3nicos, que captam o g\u00e9nio criativo de Antoni Gaud\u00ed, uma refer\u00eancia do modernismo catal\u00e3o. Como souvenir representativo da riqueza art\u00edstica da regi\u00e3o, \u00e9 perfeito para quem procura uma recorda\u00e7\u00e3o aut\u00eantica que ilustre o melhor da cultura espanhola.<\/p>\n<p>Na Ol\u00e9 Mosaic, orgulhamo-nos de oferecer souvenirs por grosso de alta qualidade, e este \u00edman de resina \u00e9 uma excelente op\u00e7\u00e3o para lojas de presentes tur\u00edsticos que desejem oferecer produtos aut\u00eanticos e memor\u00e1veis. Com o seu design atraente e o seu significado cultural, este \u00edman de Barcelona \u00e9 um produto que os seus clientes ir\u00e3o adorar.<\/p>\n","protected":false},"excerpt":{"rendered":"<p>\u00cdman que capta a ess\u00eancia de Barcelona com uma vibrante panor\u00e2mica. Este colorido \u00edman apresenta motivos emblem\u00e1ticos como a Sagrada Fam\u00edlia e o famoso mosaico do Park G\u00fcell, elaborados com pormenores minuciosos em tons azuis, verdes, vermelhos e amarelos. Com o nome &#8220;Barcelona&#8221; em letras chamativas, este souvenir \u00e9 perfeito para recordar a arquitetura e a arte da Cidade Condal. Ideal para decorar qualquer frigor\u00edfico com um toque de modernidade e cultura.<\/p>\n","protected":false},"featured_media":9356,"template":"","meta":{"_acf_changed":false},"product_brand":[],"product_cat":[699],"product_tag":[],"class_list":{"0":"post-32952","1":"product","2":"type-product","3":"status-publish","4":"has-post-thumbnail","6":"product_cat-imanes","7":"pa_ciudad-barcelona","8":"pa_motivo-panoramas","9":"pa_pais-espana","11":"first","12":"instock","13":"shipping-taxable","14":"product-type-simple"},"acf":[],"_links":{"self":[{"href":"https:\/\/olemosaic.com\/pt-pt\/wp-json\/wp\/v2\/product\/32952","targetHints":{"allow":["GET"]}}],"collection":[{"href":"https:\/\/olemosaic.com\/pt-pt\/wp-json\/wp\/v2\/product"}],"about":[{"href":"https:\/\/olemosaic.com\/pt-pt\/wp-json\/wp\/v2\/types\/product"}],"wp:featuredmedia":[{"embeddable":true,"href":"https:\/\/olemosaic.com\/pt-pt\/wp-json\/wp\/v2\/media\/9356"}],"wp:attachment":[{"href":"https:\/\/olemosaic.com\/pt-pt\/wp-json\/wp\/v2\/media?parent=32952"}],"wp:term":[{"taxonomy":"product_brand","embeddable":true,"href":"https:\/\/olemosaic.com\/pt-pt\/wp-json\/wp\/v2\/product_brand?post=32952"},{"taxonomy":"product_cat","embeddable":true,"href":"https:\/\/olemosaic.com\/pt-pt\/wp-json\/wp\/v2\/product_cat?post=32952"},{"taxonomy":"product_tag","embeddable":true,"href":"https:\/\/olemosaic.com\/pt-pt\/wp-json\/wp\/v2\/product_tag?post=32952"}],"curies":[{"name":"wp","href":"https:\/\/api.w.org\/{rel}","templated":true}]}}