{"id":32951,"date":"2025-02-20T23:32:59","date_gmt":"2025-02-20T22:32:59","guid":{"rendered":"http:\/\/olemosaic.com\/producto\/iman-de-resina-casa-batllo-barcelona-3\/"},"modified":"2025-07-25T18:53:05","modified_gmt":"2025-07-25T16:53:05","slug":"iman-de-resina-casa-batllo-barcelona-3-pt-pt","status":"publish","type":"product","link":"https:\/\/olemosaic.com\/pt-pt\/produto\/iman-de-resina-casa-batllo-barcelona-3-pt-pt\/","title":{"rendered":"\u00cdman de resina. Casa Batll\u00f3. Mosaico. Barcelona."},"content":{"rendered":"<p>Este \u00edman de resina representa a emblem\u00e1tica Casa Batll\u00f3 de Barcelona, uma pe\u00e7a que capta a ess\u00eancia do modernismo catal\u00e3o com um design colorido e vibrante. Elaborado com aten\u00e7\u00e3o ao detalhe, o \u00edman reproduz o famoso telhado em forma de escama, evocando as fant\u00e1sticas obras de Antoni Gaud\u00ed, caracterizadas pela sua integra\u00e7\u00e3o de arte e natureza. As formas org\u00e2nicas das varandas, que parecem ganhar vida, destacam-se em tonalidades ensolaradas de amarelo, azul e verde, oferecendo um apelo visual que n\u00e3o passa despercebido.<\/p>\n<p>Pintado \u00e0 m\u00e3o, este \u00edman apresenta texturas que evocam a magia desta ic\u00f3nica estrutura e do seu entorno, tornando-o uma recorda\u00e7\u00e3o aut\u00eantica da rica heran\u00e7a arquitet\u00f3nica de Barcelona. A Casa Batll\u00f3, reconhecida como Patrim\u00f3nio da Humanidade pela UNESCO, \u00e9 um s\u00edmbolo da criatividade e da inova\u00e7\u00e3o de Gaud\u00ed, e este \u00edman \u00e9 uma excelente forma de levar um peda\u00e7o dessa hist\u00f3ria para casa.<\/p>\n<p>Ideal como souvenir de Barcelona, este \u00edman n\u00e3o \u00e9 apenas um acess\u00f3rio decorativo, mas tamb\u00e9m uma recorda\u00e7\u00e3o significativa que liga os turistas \u00e0 cultura catal\u00e3. Na Ol\u00e9 Mosaic, especializamo-nos na distribui\u00e7\u00e3o de souvenirs por grosso, oferecendo produtos aut\u00eanticos e de qualidade que real\u00e7am a beleza de Espanha. Este \u00edman da Casa Batll\u00f3 \u00e9 uma op\u00e7\u00e3o perfeita para lojas de presentes tur\u00edsticos que procuram enriquecer a oferta cultural aos seus clientes.<\/p>\n","protected":false},"excerpt":{"rendered":"<p>\u00cdman que representa a emblem\u00e1tica Casa Batll\u00f3 de Barcelona. Esta atraente recorda\u00e7\u00e3o capta a ess\u00eancia do modernismo catal\u00e3o com o seu design colorido, que inclui o famoso telhado em forma de escamas e as caracter\u00edsticas varandas de formas org\u00e2nicas. Com detalhes pintados \u00e0 m\u00e3o, este \u00edman apresenta tons vibrantes e texturas que evocam a magia da obra de Antoni Gaud\u00ed, tornando-se o souvenir perfeito para os amantes da arquitetura.<\/p>\n","protected":false},"featured_media":6733,"template":"","meta":{"_acf_changed":false},"product_brand":[],"product_cat":[699],"product_tag":[],"class_list":{"0":"post-32951","1":"product","2":"type-product","3":"status-publish","4":"has-post-thumbnail","6":"product_cat-imanes","7":"pa_ciudad-barcelona","8":"pa_motivo-casa-batllo","9":"pa_pais-espana","11":"first","12":"instock","13":"shipping-taxable","14":"product-type-simple"},"acf":[],"_links":{"self":[{"href":"https:\/\/olemosaic.com\/pt-pt\/wp-json\/wp\/v2\/product\/32951","targetHints":{"allow":["GET"]}}],"collection":[{"href":"https:\/\/olemosaic.com\/pt-pt\/wp-json\/wp\/v2\/product"}],"about":[{"href":"https:\/\/olemosaic.com\/pt-pt\/wp-json\/wp\/v2\/types\/product"}],"wp:featuredmedia":[{"embeddable":true,"href":"https:\/\/olemosaic.com\/pt-pt\/wp-json\/wp\/v2\/media\/6733"}],"wp:attachment":[{"href":"https:\/\/olemosaic.com\/pt-pt\/wp-json\/wp\/v2\/media?parent=32951"}],"wp:term":[{"taxonomy":"product_brand","embeddable":true,"href":"https:\/\/olemosaic.com\/pt-pt\/wp-json\/wp\/v2\/product_brand?post=32951"},{"taxonomy":"product_cat","embeddable":true,"href":"https:\/\/olemosaic.com\/pt-pt\/wp-json\/wp\/v2\/product_cat?post=32951"},{"taxonomy":"product_tag","embeddable":true,"href":"https:\/\/olemosaic.com\/pt-pt\/wp-json\/wp\/v2\/product_tag?post=32951"}],"curies":[{"name":"wp","href":"https:\/\/api.w.org\/{rel}","templated":true}]}}