{"id":32945,"date":"2025-02-20T23:32:59","date_gmt":"2025-02-20T22:32:59","guid":{"rendered":"http:\/\/olemosaic.com\/producto\/iman-de-resina-casa-batllo-barcelona-2\/"},"modified":"2025-07-25T19:51:45","modified_gmt":"2025-07-25T17:51:45","slug":"iman-de-resina-casa-batllo-barcelona-2-pt-pt","status":"publish","type":"product","link":"https:\/\/olemosaic.com\/pt-pt\/produto\/iman-de-resina-casa-batllo-barcelona-2-pt-pt\/","title":{"rendered":"\u00cdman de resina. Casa Batll\u00f3. Fachada. Barcelona."},"content":{"rendered":"<p>Este \u00edman de resina representa a emblem\u00e1tica Casa Batll\u00f3 de Barcelona, uma obra-prima da arquitetura modernista desenhada pelo c\u00e9lebre Antoni Gaud\u00ed. Com um detalhe assombroso, este colorido \u00edman capta as formas onduladas da destacada fachada, conhecida pelos seus vibrantes mosaicos e pelo seu estilo \u00fanico. Na parte superior, as coberturas, com tons azuis, verdes e vermelhos, lembram escamas de drag\u00e3o, enquanto a base branca real\u00e7a a riqueza crom\u00e1tica dos azulejos que adornam o edif\u00edcio, criando uma explos\u00e3o de cor que evoca a magia desta ic\u00f3nica constru\u00e7\u00e3o.<\/p>\n<p>O texto &#8220;Barcelona&#8221; na parte inferior acrescenta um toque distintivo, tornando este \u00edman numa recorda\u00e7\u00e3o ideal de uma das cidades mais visitadas de Espanha. A Casa Batll\u00f3, declarada Patrim\u00f3nio da Humanidade pela UNESCO, n\u00e3o \u00e9 apenas um s\u00edmbolo da criatividade e do modernismo catal\u00e3o, mas tamb\u00e9m representa a rica heran\u00e7a cultural de Barcelona. Este \u00edman de resina n\u00e3o \u00e9 apenas um artigo decorativo, mas tamb\u00e9m uma pe\u00e7a que celebra a hist\u00f3ria e a arquitetura da cidade, tornando-se uma excelente recorda\u00e7\u00e3o para turistas que procuram rememorar a sua visita a esta joia arquitet\u00f3nica. Com a Ol\u00e9 Mosaic, o seu fornecedor de souvenirs por grosso, os detalhes de cada pe\u00e7a refletem a autenticidade e o valor cultural das recorda\u00e7\u00f5es representativas de Espanha.<\/p>\n","protected":false},"excerpt":{"rendered":"<p>\u00cdman que representa a famosa Casa Batll\u00f3 de Barcelona, um monumento ic\u00f3nico desenhado por Antoni Gaud\u00ed. Este colorido \u00edman apresenta um design detalhado que capta as formas onduladas da fachada e os vibrantes mosaicos que a adornam. A base branca real\u00e7a os brilhantes tons azuis, verdes e vermelhos, enquanto a palavra &#8220;Barcelona&#8221; na parte inferior acrescenta um toque distintivo. Ideal para recordar a magia da arquitetura modernista da cidade.<\/p>\n","protected":false},"featured_media":13812,"template":"","meta":{"_acf_changed":false},"product_brand":[],"product_cat":[699],"product_tag":[],"class_list":{"0":"post-32945","1":"product","2":"type-product","3":"status-publish","4":"has-post-thumbnail","6":"product_cat-imanes","7":"pa_ciudad-barcelona","8":"pa_motivo-casa-batllo","9":"pa_pais-espana","11":"first","12":"instock","13":"shipping-taxable","14":"product-type-simple"},"acf":[],"_links":{"self":[{"href":"https:\/\/olemosaic.com\/pt-pt\/wp-json\/wp\/v2\/product\/32945","targetHints":{"allow":["GET"]}}],"collection":[{"href":"https:\/\/olemosaic.com\/pt-pt\/wp-json\/wp\/v2\/product"}],"about":[{"href":"https:\/\/olemosaic.com\/pt-pt\/wp-json\/wp\/v2\/types\/product"}],"wp:featuredmedia":[{"embeddable":true,"href":"https:\/\/olemosaic.com\/pt-pt\/wp-json\/wp\/v2\/media\/13812"}],"wp:attachment":[{"href":"https:\/\/olemosaic.com\/pt-pt\/wp-json\/wp\/v2\/media?parent=32945"}],"wp:term":[{"taxonomy":"product_brand","embeddable":true,"href":"https:\/\/olemosaic.com\/pt-pt\/wp-json\/wp\/v2\/product_brand?post=32945"},{"taxonomy":"product_cat","embeddable":true,"href":"https:\/\/olemosaic.com\/pt-pt\/wp-json\/wp\/v2\/product_cat?post=32945"},{"taxonomy":"product_tag","embeddable":true,"href":"https:\/\/olemosaic.com\/pt-pt\/wp-json\/wp\/v2\/product_tag?post=32945"}],"curies":[{"name":"wp","href":"https:\/\/api.w.org\/{rel}","templated":true}]}}