{"id":32944,"date":"2025-02-20T23:32:58","date_gmt":"2025-02-20T22:32:58","guid":{"rendered":"http:\/\/olemosaic.com\/producto\/iman-de-resina-casa-batllo-barcelona\/"},"modified":"2025-07-25T18:34:19","modified_gmt":"2025-07-25T16:34:19","slug":"iman-de-resina-casa-batllo-barcelona-pt-pt","status":"publish","type":"product","link":"https:\/\/olemosaic.com\/pt-pt\/produto\/iman-de-resina-casa-batllo-barcelona-pt-pt\/","title":{"rendered":"\u00cdman de resina. Casa Batll\u00f3. Barcelona."},"content":{"rendered":"<p>Este \u00edman de resina representa de forma excecional a emblem\u00e1tica Casa Batll\u00f3, um \u00edcone do modernismo arquitet\u00f3nico situado no cora\u00e7\u00e3o de Barcelona. Com um design vibrante e colorido, esta recorda\u00e7\u00e3o \u00e9 uma aut\u00eantica obra de arte em miniatura que capta as ondula\u00e7\u00f5es e formas caracter\u00edsticas do edif\u00edcio desenhado por Antoni Gaud\u00ed. A pe\u00e7a exibe detalhes elaborados, como pequenas flores e mosaicos decorativos, que evocam a rica ornamenta\u00e7\u00e3o da casa, conferindo-lhe um ar de sofistica\u00e7\u00e3o art\u00edstica.<\/p>\n<p>Na base do \u00edman, a inscri\u00e7\u00e3o &#8220;Barcelona Casa Batll\u00f3&#8221; destaca-se em letras claras, sublinhando a proveni\u00eancia desta inesquec\u00edvel recorda\u00e7\u00e3o. Ao colocar este \u00edman no frigor\u00edfico ou em qualquer superf\u00edcie met\u00e1lica, os turistas podem rememorar a sua visita a um dos maiores expoentes do modernismo catal\u00e3o, conhecido pela sua fachada surrealista e pelo seu uso inovador da cor.<\/p>\n<p>Como parte da cole\u00e7\u00e3o de souvenirs da Ol\u00e9 Mosaic, este \u00edman n\u00e3o s\u00f3 \u00e9 uma op\u00e7\u00e3o perfeita para quem procura recorda\u00e7\u00f5es aut\u00eanticas e art\u00edsticas de Barcelona, como tamb\u00e9m representa uma excelente oportunidade para as lojas de presentes tur\u00edsticos que desejam oferecer produtos de qualidade. Com a sua autenticidade e relev\u00e2ncia cultural, este \u00edman da Casa Batll\u00f3 torna-se um atraente souvenir que recordar\u00e1 sempre aos visitantes a sua passagem pela singular e m\u00e1gica Cidade Condal.<\/p>\n","protected":false},"excerpt":{"rendered":"<p>\u00cdman que representa a emblem\u00e1tica Casa Batll\u00f3, situada em Barcelona. Esta colorida recorda\u00e7\u00e3o destaca-se pelo seu design detalhado em tons vibrantes, que imita as ondula\u00e7\u00f5es e formas caracter\u00edsticas do famoso edif\u00edcio de Gaud\u00ed. As pequenas flores e mosaicos decorativos acrescentam um toque art\u00edstico, enquanto o texto \u00abBarcelona Casa Batll\u00f3\u00bb na base real\u00e7a a sua proveni\u00eancia. Ideal para recordar a singular arquitetura modernista da Cidade Condal.<\/p>\n","protected":false},"featured_media":6734,"template":"","meta":{"_acf_changed":false},"product_brand":[],"product_cat":[699],"product_tag":[],"class_list":{"0":"post-32944","1":"product","2":"type-product","3":"status-publish","4":"has-post-thumbnail","6":"product_cat-imanes","7":"pa_ciudad-barcelona","8":"pa_motivo-casa-batllo","9":"pa_pais-espana","11":"first","12":"instock","13":"shipping-taxable","14":"product-type-simple"},"acf":[],"_links":{"self":[{"href":"https:\/\/olemosaic.com\/pt-pt\/wp-json\/wp\/v2\/product\/32944","targetHints":{"allow":["GET"]}}],"collection":[{"href":"https:\/\/olemosaic.com\/pt-pt\/wp-json\/wp\/v2\/product"}],"about":[{"href":"https:\/\/olemosaic.com\/pt-pt\/wp-json\/wp\/v2\/types\/product"}],"wp:featuredmedia":[{"embeddable":true,"href":"https:\/\/olemosaic.com\/pt-pt\/wp-json\/wp\/v2\/media\/6734"}],"wp:attachment":[{"href":"https:\/\/olemosaic.com\/pt-pt\/wp-json\/wp\/v2\/media?parent=32944"}],"wp:term":[{"taxonomy":"product_brand","embeddable":true,"href":"https:\/\/olemosaic.com\/pt-pt\/wp-json\/wp\/v2\/product_brand?post=32944"},{"taxonomy":"product_cat","embeddable":true,"href":"https:\/\/olemosaic.com\/pt-pt\/wp-json\/wp\/v2\/product_cat?post=32944"},{"taxonomy":"product_tag","embeddable":true,"href":"https:\/\/olemosaic.com\/pt-pt\/wp-json\/wp\/v2\/product_tag?post=32944"}],"curies":[{"name":"wp","href":"https:\/\/api.w.org\/{rel}","templated":true}]}}