{"id":32943,"date":"2025-02-20T23:32:58","date_gmt":"2025-02-20T22:32:58","guid":{"rendered":"http:\/\/olemosaic.com\/producto\/iman-de-resina-isla-fuerteventura\/"},"modified":"2025-07-25T20:30:45","modified_gmt":"2025-07-25T18:30:45","slug":"iman-de-resina-ilha-fuerteventura","status":"publish","type":"product","link":"https:\/\/olemosaic.com\/pt-pt\/produto\/iman-de-resina-ilha-fuerteventura\/","title":{"rendered":"\u00cdman de resina. Ilha. Fuerteventura."},"content":{"rendered":"<p>Este \u00edman de resina, inspirado na preciosa ilha de Fuerteventura, \u00e9 uma recorda\u00e7\u00e3o vibrante e encantadora que capta a ess\u00eancia deste destino can\u00e1rio. Apresenta a silhueta distintiva da ilha, adornada com detalhes coloridos que representam a sua rica flora local, desde as palmeiras at\u00e9 \u00e0s flores ex\u00f3ticas que florescem no seu solo vulc\u00e2nico. A palavra &#8220;Fuerteventura&#8221; aparece em letras chamativas e numa variedade de cores, criando um contraste alegre que, al\u00e9m de fazer refer\u00eancia \u00e0 ilha, evoca o calor do seu ambiente. Este \u00edman n\u00e3o \u00e9 apenas um objeto decorativo, mas uma recorda\u00e7\u00e3o tang\u00edvel dos dias ensolarados nas suas praias de areias douradas e da natureza impressionante que caracteriza Fuerteventura.<\/p>\n<p>Os souvenirs das Ilhas Can\u00e1rias, como este \u00edman, s\u00e3o uma excelente forma de levar um pedacinho da sua viagem. Refletem a autenticidade e o encanto genu\u00edno da regi\u00e3o, tornando-se tesouros memor\u00e1veis para os turistas que procuram uma liga\u00e7\u00e3o com o lugar visitado. Na Ol\u00e9 Mosaic, oferecemos estes \u00edmanes de resina por grosso, perfeitos para lojas de presentes tur\u00edsticos que procuram produtos que combinam qualidade e relev\u00e2ncia cultural. Este \u00edman de Fuerteventura \u00e9 uma op\u00e7\u00e3o ideal que deleitar\u00e1 os visitantes e lhes permitir\u00e1 reviver as suas experi\u00eancias can\u00e1rias cada vez que o contemplem.<\/p>\n","protected":false},"excerpt":{"rendered":"<p>\u00cdman inspirado na preciosa ilha de Fuerteventura. Este atraente \u00edman apresenta a silhueta da ilha num design vivo, decorado com detalhes coloridos que representam a vibrante flora local. A palavra &#8220;Fuerteventura&#8221; aparece em letras chamativas e de diferentes cores, acrescentando um toque distintivo e alegre. Ideal para recorda\u00e7\u00f5es de viagens, este \u00edman \u00e9 o souvenir perfeito das Ilhas Can\u00e1rias.<\/p>\n","protected":false},"featured_media":10426,"template":"","meta":{"_acf_changed":false},"product_brand":[],"product_cat":[699],"product_tag":[],"class_list":{"0":"post-32943","1":"product","2":"type-product","3":"status-publish","4":"has-post-thumbnail","6":"product_cat-imanes","7":"pa_ciudad-fuerteventura","8":"pa_motivo-ilhas","9":"pa_pais-espana","11":"first","12":"instock","13":"shipping-taxable","14":"product-type-simple"},"acf":[],"_links":{"self":[{"href":"https:\/\/olemosaic.com\/pt-pt\/wp-json\/wp\/v2\/product\/32943","targetHints":{"allow":["GET"]}}],"collection":[{"href":"https:\/\/olemosaic.com\/pt-pt\/wp-json\/wp\/v2\/product"}],"about":[{"href":"https:\/\/olemosaic.com\/pt-pt\/wp-json\/wp\/v2\/types\/product"}],"wp:featuredmedia":[{"embeddable":true,"href":"https:\/\/olemosaic.com\/pt-pt\/wp-json\/wp\/v2\/media\/10426"}],"wp:attachment":[{"href":"https:\/\/olemosaic.com\/pt-pt\/wp-json\/wp\/v2\/media?parent=32943"}],"wp:term":[{"taxonomy":"product_brand","embeddable":true,"href":"https:\/\/olemosaic.com\/pt-pt\/wp-json\/wp\/v2\/product_brand?post=32943"},{"taxonomy":"product_cat","embeddable":true,"href":"https:\/\/olemosaic.com\/pt-pt\/wp-json\/wp\/v2\/product_cat?post=32943"},{"taxonomy":"product_tag","embeddable":true,"href":"https:\/\/olemosaic.com\/pt-pt\/wp-json\/wp\/v2\/product_tag?post=32943"}],"curies":[{"name":"wp","href":"https:\/\/api.w.org\/{rel}","templated":true}]}}