{"id":32909,"date":"2025-02-20T23:32:58","date_gmt":"2025-02-20T22:32:58","guid":{"rendered":"http:\/\/olemosaic.com\/producto\/iman-de-resina-salamandra-10-cm\/"},"modified":"2025-07-25T20:18:11","modified_gmt":"2025-07-25T18:18:11","slug":"iman-de-resina-salamandra-10-cm-pt-pt","status":"publish","type":"product","link":"https:\/\/olemosaic.com\/pt-pt\/produto\/iman-de-resina-salamandra-10-cm-pt-pt\/","title":{"rendered":"\u00cdman de resina. Salamandra. 10 cm."},"content":{"rendered":"<p>Este \u00edman de resina com forma de salamandra \u00e9 uma recorda\u00e7\u00e3o encantadora que reflete a vibrante fauna do sul de Espanha. Com os seus 10 cm, esta pe\u00e7a art\u00edstica destaca-se pelo seu design colorido e vibrante que evoca o estilo do trencad\u00eds, uma t\u00e9cnica caracter\u00edstica da cer\u00e2mica andaluza. A salamandra apresenta um acabamento brilhante que real\u00e7a uma mistura de tons azuis, laranjas e amarelos, criando um efeito visual atraente que traz alegria a qualquer espa\u00e7o. Cada detalhe \u00e9 meticulosamente cuidado, desde as escamas at\u00e9 \u00e0s patas, o que a torna uma representa\u00e7\u00e3o fiel e art\u00edstica desta criatura fascinante.<\/p>\n<p>Este \u00edman n\u00e3o \u00e9 apenas uma decora\u00e7\u00e3o funcional, mas tamb\u00e9m uma recorda\u00e7\u00e3o cultural que capta a ess\u00eancia do folclore local. A salamandra \u00e9 s\u00edmbolo de transforma\u00e7\u00e3o e resili\u00eancia, e a sua presen\u00e7a neste souvenir reflete a rica biodiversidade da Andaluzia, famosa pelas suas paisagens naturais e pela sua vida selvagem. Adquirir este \u00edman de salamandra \u00e9 levar um pedacinho da maravilhosa natureza andaluza, ideal para quem procura recorda\u00e7\u00f5es aut\u00eanticas.<\/p>\n<p>Na Ol\u00e9 Mosaic, especializamo-nos na distribui\u00e7\u00e3o de souvenirs por grosso, oferecendo uma ampla variedade de produtos que celebram a heran\u00e7a cultural de Espanha. Este \u00edman de salamandra \u00e9 uma op\u00e7\u00e3o perfeita para lojas de presentes tur\u00edsticos que desejem oferecer aos seus clientes uma recorda\u00e7\u00e3o aut\u00eantica e representativa da rica fauna do sul de Espanha.<\/p>\n","protected":false},"excerpt":{"rendered":"<p>\u00cdman com forma de salamandra, um design vibrante e colorido que reflete a rica fauna do sul de Espanha. Este atraente souvenir de 10 cm apresenta um acabamento brilhante e detalhes art\u00edsticos que combinam tons azuis, laranjas e amarelos, evocando o estilo do trencad\u00eds. Ideal para decorar qualquer espa\u00e7o, este \u00edman capta a ess\u00eancia do folclore local e \u00e9 perfeito para levar uma recorda\u00e7\u00e3o das maravilhas naturais da Andaluzia.<\/p>\n","protected":false},"featured_media":6284,"template":"","meta":{"_acf_changed":false},"product_brand":[],"product_cat":[699],"product_tag":[516],"class_list":{"0":"post-32909","1":"product","2":"type-product","3":"status-publish","4":"has-post-thumbnail","6":"product_cat-imanes","7":"product_tag-animais","8":"pa_motivo-salamandras","10":"first","11":"instock","12":"shipping-taxable","13":"product-type-simple"},"acf":[],"_links":{"self":[{"href":"https:\/\/olemosaic.com\/pt-pt\/wp-json\/wp\/v2\/product\/32909","targetHints":{"allow":["GET"]}}],"collection":[{"href":"https:\/\/olemosaic.com\/pt-pt\/wp-json\/wp\/v2\/product"}],"about":[{"href":"https:\/\/olemosaic.com\/pt-pt\/wp-json\/wp\/v2\/types\/product"}],"wp:featuredmedia":[{"embeddable":true,"href":"https:\/\/olemosaic.com\/pt-pt\/wp-json\/wp\/v2\/media\/6284"}],"wp:attachment":[{"href":"https:\/\/olemosaic.com\/pt-pt\/wp-json\/wp\/v2\/media?parent=32909"}],"wp:term":[{"taxonomy":"product_brand","embeddable":true,"href":"https:\/\/olemosaic.com\/pt-pt\/wp-json\/wp\/v2\/product_brand?post=32909"},{"taxonomy":"product_cat","embeddable":true,"href":"https:\/\/olemosaic.com\/pt-pt\/wp-json\/wp\/v2\/product_cat?post=32909"},{"taxonomy":"product_tag","embeddable":true,"href":"https:\/\/olemosaic.com\/pt-pt\/wp-json\/wp\/v2\/product_tag?post=32909"}],"curies":[{"name":"wp","href":"https:\/\/api.w.org\/{rel}","templated":true}]}}