{"id":32908,"date":"2025-02-20T23:32:58","date_gmt":"2025-02-20T22:32:58","guid":{"rendered":"http:\/\/olemosaic.com\/producto\/iman-de-resina-salamandra-mallorca-10-cm\/"},"modified":"2025-07-25T19:49:59","modified_gmt":"2025-07-25T17:49:59","slug":"iman-de-resina-salamandra-maiorca-10-cm","status":"publish","type":"product","link":"https:\/\/olemosaic.com\/pt-pt\/produto\/iman-de-resina-salamandra-maiorca-10-cm\/","title":{"rendered":"\u00cdman de resina. Salamandra. Maiorca. 10 cm."},"content":{"rendered":"<p>Este \u00edman de resina com forma de salamandra \u00e9 uma recorda\u00e7\u00e3o colorida e encantadora que capta a ess\u00eancia vibrante de Maiorca. Com dimens\u00f5es de 10 cm, este design art\u00edstico apresenta um mosaico de tons azuis, vermelhos e amarelos, evocando a riqueza do folclore mediterr\u00e2nico da ilha. A salamandra, um s\u00edmbolo de boa sorte e renova\u00e7\u00e3o em muitas culturas, destaca-se pela sua forma brincalhona e pela sua decora\u00e7\u00e3o intrincada, que reflete a beleza natural de Maiorca. A figura inclui, de forma elegante, o texto &#8220;MALLORCA&#8221;, integrado harmonicamente no design, o que torna este \u00edman n\u00e3o apenas um objeto decorativo, mas tamb\u00e9m uma recorda\u00e7\u00e3o significativa do calor da ilha e da sua rica cultura.<\/p>\n<p>Os turistas que procurem levar um pedacinho de Maiorca para casa encontrar\u00e3o neste \u00edman a recorda\u00e7\u00e3o perfeita, ideal para decorar qualquer superf\u00edcie met\u00e1lica, como frigor\u00edficos ou quadros. Na Ol\u00e9 Mosaic, comprometemo-nos a oferecer recorda\u00e7\u00f5es aut\u00eanticas e significativas que liguem os visitantes \u00e0s suas experi\u00eancias nas cidades e regi\u00f5es espanholas. Este \u00edman de salamandra \u00e9 uma op\u00e7\u00e3o excecional para as lojas de presentes tur\u00edsticos, garantindo qualidade e um toque distintivo da tradi\u00e7\u00e3o maiorquina.<\/p>\n","protected":false},"excerpt":{"rendered":"<p>\u00cdman com forma de salamandra, que capta a ess\u00eancia de Maiorca. Esta recorda\u00e7\u00e3o colorida de 10 cm est\u00e1 adornada com um vibrante mosaico de tons azuis, vermelhos e amarelos, evocando o folclore mediterr\u00e2nico. A figura inclui um elegante texto &#8220;MALLORCA&#8221; integrado harmoniosamente no design. Perfeito para recordar o calor da ilha e a sua rica cultura, ideal para decorar qualquer superf\u00edcie met\u00e1lica.<\/p>\n","protected":false},"featured_media":9529,"template":"","meta":{"_acf_changed":false},"product_brand":[],"product_cat":[699],"product_tag":[516],"class_list":{"0":"post-32908","1":"product","2":"type-product","3":"status-publish","4":"has-post-thumbnail","6":"product_cat-imanes","7":"product_tag-animais","8":"pa_ciudad-mallorca","9":"pa_motivo-salamandras","10":"pa_pais-espana","12":"first","13":"instock","14":"shipping-taxable","15":"product-type-simple"},"acf":[],"_links":{"self":[{"href":"https:\/\/olemosaic.com\/pt-pt\/wp-json\/wp\/v2\/product\/32908","targetHints":{"allow":["GET"]}}],"collection":[{"href":"https:\/\/olemosaic.com\/pt-pt\/wp-json\/wp\/v2\/product"}],"about":[{"href":"https:\/\/olemosaic.com\/pt-pt\/wp-json\/wp\/v2\/types\/product"}],"wp:featuredmedia":[{"embeddable":true,"href":"https:\/\/olemosaic.com\/pt-pt\/wp-json\/wp\/v2\/media\/9529"}],"wp:attachment":[{"href":"https:\/\/olemosaic.com\/pt-pt\/wp-json\/wp\/v2\/media?parent=32908"}],"wp:term":[{"taxonomy":"product_brand","embeddable":true,"href":"https:\/\/olemosaic.com\/pt-pt\/wp-json\/wp\/v2\/product_brand?post=32908"},{"taxonomy":"product_cat","embeddable":true,"href":"https:\/\/olemosaic.com\/pt-pt\/wp-json\/wp\/v2\/product_cat?post=32908"},{"taxonomy":"product_tag","embeddable":true,"href":"https:\/\/olemosaic.com\/pt-pt\/wp-json\/wp\/v2\/product_tag?post=32908"}],"curies":[{"name":"wp","href":"https:\/\/api.w.org\/{rel}","templated":true}]}}